{"id":16235,"date":"2026-03-31T19:34:49","date_gmt":"2026-03-31T17:34:49","guid":{"rendered":"https:\/\/lumierediamonds.eu\/?post_type=product&#038;p=16235"},"modified":"2026-04-21T21:31:59","modified_gmt":"2026-04-21T19:31:59","slug":"wisiorek-z-diamentem-cannes","status":"publish","type":"product","link":"https:\/\/lumierediamonds.eu\/pl\/produkt\/wisiorek-z-diamentem-cannes\/","title":{"rendered":"Wisiorek z diamentem Cannes"},"content":{"rendered":"<p>Linia \u015bwiat\u0142a.<br \/>\nWisiorek Cannes Diamond Bar ma pionowy rz\u0105d diament\u00f3w pav\u00e9 o \u0142\u0105cznej masie 0,06 karata, osadzonych w polerowanym 18-karatowym z\u0142otym pr\u0119cie. Zawieszony na cienkim \u0142a\u0144cuszku i dost\u0119pny w \u017c\u00f3\u0142tym, bia\u0142ym lub r\u00f3\u017cowym z\u0142ocie, jego czysta sylwetka nadaje dekoltowi subteln\u0105 struktur\u0119. Zainspirowany elegancj\u0105 Riwiery Francuskiej, naturalnie \u0142\u0105czy si\u0119 z kolczykami Cannes Pav\u00e9 Drop, tworz\u0105c \u015bwietlisty zestaw, kt\u00f3ry bez wysi\u0142ku przechodzi z dnia na wiecz\u00f3r.<\/p>","protected":false},"excerpt":{"rendered":"<p>Linia \u015bwiat\u0142a. Wisiorek Cannes Diamond Bar ma pionowy rz\u0105d diament\u00f3w pav\u00e9 o \u0142\u0105cznej masie 0,06 karata, osadzonych w polerowanej sztabce z 18-karatowego z\u0142ota. Zawieszony na cienkim \u0142a\u0144cuszku i dost\u0119pny w 18-karatowym \u017c\u00f3\u0142tym, bia\u0142ym lub r\u00f3\u017cowym z\u0142ocie.<\/p>","protected":false},"featured_media":17577,"template":"","meta":{"_acf_changed":false},"product_brand":[],"product_cat":[53,759],"product_tag":[1418,297,1097,294,188,1415,1417],"class_list":{"0":"post-16235","1":"product","2":"type-product","3":"status-publish","4":"has-post-thumbnail","6":"product_cat-necklaces-pendants","7":"product_cat-pendants","8":"product_tag-bar-necklace","9":"product_tag-diamond-necklace","10":"product_tag-lab-grown-diamond-2","11":"product_tag-necklace","12":"product_tag-pave-setting","13":"product_tag-pendant-necklace","14":"product_tag-round-diamonds","15":"pa_metal-rose-gold","16":"pa_metal-white-gold","17":"pa_metal-yellow-gold","19":"first","20":"instock","21":"taxable","22":"shipping-taxable","23":"purchasable","24":"product-type-variable","25":"has-default-attributes"},"acf":[],"jetpack_sharing_enabled":true,"_links":{"self":[{"href":"https:\/\/lumierediamonds.eu\/pl\/wp-json\/wp\/v2\/product\/16235","targetHints":{"allow":["GET"]}}],"collection":[{"href":"https:\/\/lumierediamonds.eu\/pl\/wp-json\/wp\/v2\/product"}],"about":[{"href":"https:\/\/lumierediamonds.eu\/pl\/wp-json\/wp\/v2\/types\/product"}],"version-history":[{"count":2,"href":"https:\/\/lumierediamonds.eu\/pl\/wp-json\/wp\/v2\/product\/16235\/revisions"}],"predecessor-version":[{"id":27273,"href":"https:\/\/lumierediamonds.eu\/pl\/wp-json\/wp\/v2\/product\/16235\/revisions\/27273"}],"wp:featuredmedia":[{"embeddable":true,"href":"https:\/\/lumierediamonds.eu\/pl\/wp-json\/wp\/v2\/media\/17577"}],"wp:attachment":[{"href":"https:\/\/lumierediamonds.eu\/pl\/wp-json\/wp\/v2\/media?parent=16235"}],"wp:term":[{"taxonomy":"product_brand","embeddable":true,"href":"https:\/\/lumierediamonds.eu\/pl\/wp-json\/wp\/v2\/product_brand?post=16235"},{"taxonomy":"product_cat","embeddable":true,"href":"https:\/\/lumierediamonds.eu\/pl\/wp-json\/wp\/v2\/product_cat?post=16235"},{"taxonomy":"product_tag","embeddable":true,"href":"https:\/\/lumierediamonds.eu\/pl\/wp-json\/wp\/v2\/product_tag?post=16235"}],"curies":[{"name":"wp","href":"https:\/\/api.w.org\/{rel}","templated":true}]}}