{"id":16255,"date":"2026-03-31T19:43:25","date_gmt":"2026-03-31T17:43:25","guid":{"rendered":"https:\/\/lumierediamonds.eu\/?post_type=product&#038;p=16255"},"modified":"2026-04-13T16:10:26","modified_gmt":"2026-04-13T14:10:26","slug":"pierscionek-zareczynowy-solene-cushion-cut","status":"publish","type":"product","link":"https:\/\/lumierediamonds.eu\/pl\/produkt\/pierscionek-zareczynowy-solene-cushion-cut\/","title":{"rendered":"Pier\u015bcionek zar\u0119czynowy Solene Heart Cut"},"content":{"rendered":"<p>Pier\u015bcionek zar\u0119czynowy Solene Heart Cut<\/p>\n<p>Minimalistyczny, ale znacz\u0105cy pier\u015bcionek zar\u0119czynowy Solene Heart Cut celebruje mi\u0142o\u015b\u0107 w jej najbardziej symbolicznej formie.<\/p>\n<p>Wy\u015brodkowany z diamentem laboratoryjnym w kszta\u0142cie serca, projekt podkre\u015bla charakterystyczne krzywe kamienia i ol\u015bniewaj\u0105cy blask. Polerowana obr\u0105czka z 18-karatowego z\u0142ota delikatnie zw\u0119\u017ca si\u0119 w kierunku centralnego kamienia, podczas gdy oprawa katedralna unosi diament, aby umo\u017cliwi\u0107 przep\u0142yw \u015bwiat\u0142a pod ka\u017cdym k\u0105tem.<\/p>\n<p>Kr\u00f3j serca ma romantyczny i wyrazisty charakter. Idealny dla tych, kt\u00f3rzy chc\u0105, aby ich pier\u015bcionek zar\u0119czynowy odzwierciedla\u0142 emocje, indywidualno\u015b\u0107 i oddanie.<\/p>","protected":false},"excerpt":{"rendered":"<p>Wyrafinowany pier\u015bcionek zar\u0119czynowy o szlifie serca z diamentem wyhodowanym w laboratorium, osadzony na polerowanej opasce z 18-karatowego z\u0142ota, kt\u00f3ra delikatnie zw\u0119\u017ca si\u0119 w kierunku kamienia. Podwy\u017cszone ustawienie z\u0105bk\u00f3w przenosi \u015bwiat\u0142o przez profil i nadaje pier\u015bcionkowi wdzi\u0119czn\u0105, zr\u00f3wnowa\u017con\u0105 obecno\u015b\u0107 na d\u0142oni.<\/p>","protected":false},"featured_media":21292,"template":"","meta":{"_acf_changed":false},"product_brand":[],"product_cat":[24,52],"product_tag":[1428,48,1434,1097,1427,191],"class_list":{"0":"post-16255","1":"product","2":"type-product","3":"status-publish","4":"has-post-thumbnail","6":"product_cat-engagement-rings","7":"product_cat-rings","8":"product_tag-cathedral-setting","9":"product_tag-engagement-ring","10":"product_tag-heart-cut","11":"product_tag-lab-grown-diamond-2","12":"product_tag-prong-setting","13":"product_tag-solitaire","14":"pa_metal-rose-gold","15":"pa_metal-white-gold","16":"pa_metal-yellow-gold","18":"first","19":"instock","20":"taxable","21":"shipping-taxable","22":"purchasable","23":"product-type-variable","24":"has-default-attributes"},"acf":[],"jetpack_sharing_enabled":true,"_links":{"self":[{"href":"https:\/\/lumierediamonds.eu\/pl\/wp-json\/wp\/v2\/product\/16255","targetHints":{"allow":["GET"]}}],"collection":[{"href":"https:\/\/lumierediamonds.eu\/pl\/wp-json\/wp\/v2\/product"}],"about":[{"href":"https:\/\/lumierediamonds.eu\/pl\/wp-json\/wp\/v2\/types\/product"}],"version-history":[{"count":44,"href":"https:\/\/lumierediamonds.eu\/pl\/wp-json\/wp\/v2\/product\/16255\/revisions"}],"predecessor-version":[{"id":20381,"href":"https:\/\/lumierediamonds.eu\/pl\/wp-json\/wp\/v2\/product\/16255\/revisions\/20381"}],"wp:featuredmedia":[{"embeddable":true,"href":"https:\/\/lumierediamonds.eu\/pl\/wp-json\/wp\/v2\/media\/21292"}],"wp:attachment":[{"href":"https:\/\/lumierediamonds.eu\/pl\/wp-json\/wp\/v2\/media?parent=16255"}],"wp:term":[{"taxonomy":"product_brand","embeddable":true,"href":"https:\/\/lumierediamonds.eu\/pl\/wp-json\/wp\/v2\/product_brand?post=16255"},{"taxonomy":"product_cat","embeddable":true,"href":"https:\/\/lumierediamonds.eu\/pl\/wp-json\/wp\/v2\/product_cat?post=16255"},{"taxonomy":"product_tag","embeddable":true,"href":"https:\/\/lumierediamonds.eu\/pl\/wp-json\/wp\/v2\/product_tag?post=16255"}],"curies":[{"name":"wp","href":"https:\/\/api.w.org\/{rel}","templated":true}]}}