{"id":16928,"date":"2026-03-31T21:42:00","date_gmt":"2026-03-31T19:42:00","guid":{"rendered":"https:\/\/lumierediamonds.eu\/?post_type=product&#038;p=16928"},"modified":"2026-04-13T15:43:51","modified_gmt":"2026-04-13T13:43:51","slug":"pierscionek-zareczynowy-aurelia-ze-szmaragdem","status":"publish","type":"product","link":"https:\/\/lumierediamonds.eu\/pl\/produkt\/pierscionek-zareczynowy-aurelia-ze-szmaragdem\/","title":{"rendered":"Pier\u015bcionek zar\u0119czynowy Aurelia Emerald Cut"},"content":{"rendered":"<p>Elegancja zaprojektowana na co dzie\u0144.<br \/>\nWy\u015brodkowany szmaragdowym diamentem, kt\u00f3ry dodaje czystych linii, g\u0142\u0119bi i cichego wyrafinowania. Diamentowy pier\u015bcionek zar\u0119czynowy Aurelia ma niskoprofilow\u0105 opraw\u0119, kt\u00f3ra znajduje si\u0119 bli\u017cej palca, zapewniaj\u0105c bezpieczne i wygodne dopasowanie. Wykonany z 18-karatowego \u017c\u00f3\u0142tego, bia\u0142ego lub r\u00f3\u017cowego z\u0142ota, 2,4-milimetrowy pasek dodaje si\u0142y i r\u00f3wnowagi, a mi\u0119kko wyrze\u017abiona oprawa nadaje pier\u015bcieniowi g\u0142adkie, p\u0142ynne linie.<\/p>\n<p>Zaprojektowany do codziennego noszenia, \u0142\u0105czy w sobie trwa\u0142e pi\u0119kno z praktycznym designem. Idealny dla os\u00f3b wykonuj\u0105cych praktyczne zawody lub prowadz\u0105cych aktywny tryb \u017cycia.<\/p>","protected":false},"excerpt":{"rendered":"<p>Elegancki pier\u015bcionek zar\u0119czynowy z diamentem o szlifie szmaragdowym, wykonany z 18-karatowego z\u0142ota, z niskoprofilow\u0105 opraw\u0105 z\u0119b\u00f3w i 2,4 mm paskiem zapewniaj\u0105cym bezpieczne, zr\u00f3wnowa\u017cone dopasowanie. Jego czyste linie i sylwetka blisko palca s\u0105 wyrafinowane, wygodne i stworzone do codziennego noszenia.<\/p>","protected":false},"featured_media":20607,"template":"","meta":{"_acf_changed":false},"product_brand":[],"product_cat":[24,52],"product_tag":[183,1274,48,1433,1438,1427],"class_list":{"0":"post-16928","1":"product","2":"type-product","3":"status-publish","4":"has-post-thumbnail","6":"product_cat-engagement-rings","7":"product_cat-rings","8":"product_tag-diamond-ring","9":"product_tag-emerald-cut","10":"product_tag-engagement-ring","11":"product_tag-everyday-wear","12":"product_tag-low-profile-setting-2","13":"product_tag-prong-setting","14":"pa_metal-rose-gold","15":"pa_metal-white-gold","16":"pa_metal-yellow-gold","18":"first","19":"instock","20":"taxable","21":"shipping-taxable","22":"purchasable","23":"product-type-variable","24":"has-default-attributes"},"acf":[],"jetpack_sharing_enabled":true,"_links":{"self":[{"href":"https:\/\/lumierediamonds.eu\/pl\/wp-json\/wp\/v2\/product\/16928","targetHints":{"allow":["GET"]}}],"collection":[{"href":"https:\/\/lumierediamonds.eu\/pl\/wp-json\/wp\/v2\/product"}],"about":[{"href":"https:\/\/lumierediamonds.eu\/pl\/wp-json\/wp\/v2\/types\/product"}],"version-history":[{"count":27,"href":"https:\/\/lumierediamonds.eu\/pl\/wp-json\/wp\/v2\/product\/16928\/revisions"}],"predecessor-version":[{"id":20606,"href":"https:\/\/lumierediamonds.eu\/pl\/wp-json\/wp\/v2\/product\/16928\/revisions\/20606"}],"wp:featuredmedia":[{"embeddable":true,"href":"https:\/\/lumierediamonds.eu\/pl\/wp-json\/wp\/v2\/media\/20607"}],"wp:attachment":[{"href":"https:\/\/lumierediamonds.eu\/pl\/wp-json\/wp\/v2\/media?parent=16928"}],"wp:term":[{"taxonomy":"product_brand","embeddable":true,"href":"https:\/\/lumierediamonds.eu\/pl\/wp-json\/wp\/v2\/product_brand?post=16928"},{"taxonomy":"product_cat","embeddable":true,"href":"https:\/\/lumierediamonds.eu\/pl\/wp-json\/wp\/v2\/product_cat?post=16928"},{"taxonomy":"product_tag","embeddable":true,"href":"https:\/\/lumierediamonds.eu\/pl\/wp-json\/wp\/v2\/product_tag?post=16928"}],"curies":[{"name":"wp","href":"https:\/\/api.w.org\/{rel}","templated":true}]}}