{"id":19888,"date":"2026-04-12T19:44:26","date_gmt":"2026-04-12T17:44:26","guid":{"rendered":"https:\/\/lumierediamonds.eu\/?post_type=product&#038;p=19888"},"modified":"2026-04-13T15:25:18","modified_gmt":"2026-04-13T13:25:18","slug":"pierscionek-zareczynowy-solene-o-owalnym-szlifie","status":"publish","type":"product","link":"https:\/\/lumierediamonds.eu\/pl\/produkt\/pierscionek-zareczynowy-solene-o-owalnym-szlifie\/","title":{"rendered":"Pier\u015bcionek zar\u0119czynowy Solene Oval Cut"},"content":{"rendered":"<p>Minimalistyczny, ale elegancki pier\u015bcionek zar\u0119czynowy Solene Oval Cut zachwyca wdzi\u0119cznymi proporcjami i ponadczasowym blaskiem.<\/p>\n<p>Wyd\u0142u\u017cona sylwetka ze \u015bwietlistym owalnym diamentem wyhodowanym w laboratorium tworzy pochlebny, wyd\u0142u\u017caj\u0105cy efekt na palcu, zapewniaj\u0105c jednocze\u015bnie wyj\u0105tkowy blask. Wypolerowana obr\u0105czka z 18-karatowego z\u0142ota delikatnie zw\u0119\u017ca si\u0119 w kierunku centralnego kamienia, podczas gdy wyrafinowana oprawa katedralna unosi diament, aby umo\u017cliwi\u0107 swobodny przep\u0142yw \u015bwiat\u0142a.<\/p>\n<p>Owalny szlif \u0142\u0105czy klasyczny blask z delikatnym, romantycznym kszta\u0142tem. Idealny dla tych, kt\u00f3rzy ceni\u0105 elegancj\u0119 z nowoczesnym akcentem.<\/p>\n<p>Prawdziwy klasyk, Solene pi\u0119knie komponuje si\u0119 z r\u00f3\u017cnymi zespo\u0142ami \u015blubnymi lub sam w sobie stanowi wyrafinowane o\u015bwiadczenie.<br \/>\nWy\u015brodkowany diamentem o szlifie ksi\u0119\u017cniczki, projekt podkre\u015bla wyra\u017an\u0105 symetri\u0119 i odwa\u017cny blask. Kwadratowa sylwetka wnosi nowoczesn\u0105 kraw\u0119d\u017a, podczas gdy polerowany 18-karatowy z\u0142oty pasek delikatnie zw\u0119\u017ca si\u0119 w kierunku centralnego kamienia. Wdzi\u0119czna oprawa katedralna unosi diament, przepuszczaj\u0105c wi\u0119cej \u015bwiat\u0142a, jednocze\u015bnie dodaj\u0105c subteln\u0105 wysoko\u015b\u0107 i r\u00f3wnowag\u0119 architektoniczn\u0105 do projektu.<\/p>\n<p>Ostre linie i b\u0142yszcz\u0105ce fasety princess cut tworz\u0105 pewny siebie, nowoczesny wygl\u0105d. Idealny dla tych, kt\u00f3rych poci\u0105ga struktura, precyzja i wyrafinowany blask.<\/p>\n<p>Prawdziwy klasyk.<\/p>","protected":false},"excerpt":{"rendered":"<p>Pier\u015bcionek zar\u0119czynowy Solene Oval Cut \u0142\u0105czy owalny diament z polerowanego 18-karatowego z\u0142ota z wyrafinowan\u0105 opraw\u0105. Jego wyd\u0142u\u017cona sylwetka sp\u0142aszcza palec, a zw\u0119\u017caj\u0105ca si\u0119 opaska o grubo\u015bci 1,80 mm sprawia, \u017ce projekt jest elegancki, zr\u00f3wnowa\u017cony i \u0142atwy w noszeniu.<\/p>","protected":false},"featured_media":19916,"template":"","meta":{"_acf_changed":false},"product_brand":[],"product_cat":[24,52],"product_tag":[599,1428,48,1097,210,1427,1445],"class_list":{"0":"post-19888","1":"product","2":"type-product","3":"status-publish","4":"has-post-thumbnail","6":"product_cat-engagement-rings","7":"product_cat-rings","8":"product_tag-18k-gold","9":"product_tag-cathedral-setting","10":"product_tag-engagement-ring","11":"product_tag-lab-grown-diamond-2","12":"product_tag-oval-cut","13":"product_tag-prong-setting","14":"product_tag-tapered-band","15":"pa_metal-rose-gold","16":"pa_metal-white-gold","17":"pa_metal-yellow-gold","19":"first","20":"instock","21":"taxable","22":"shipping-taxable","23":"purchasable","24":"product-type-variable","25":"has-default-attributes"},"acf":[],"jetpack_sharing_enabled":true,"_links":{"self":[{"href":"https:\/\/lumierediamonds.eu\/pl\/wp-json\/wp\/v2\/product\/19888","targetHints":{"allow":["GET"]}}],"collection":[{"href":"https:\/\/lumierediamonds.eu\/pl\/wp-json\/wp\/v2\/product"}],"about":[{"href":"https:\/\/lumierediamonds.eu\/pl\/wp-json\/wp\/v2\/types\/product"}],"version-history":[{"count":1,"href":"https:\/\/lumierediamonds.eu\/pl\/wp-json\/wp\/v2\/product\/19888\/revisions"}],"predecessor-version":[{"id":20159,"href":"https:\/\/lumierediamonds.eu\/pl\/wp-json\/wp\/v2\/product\/19888\/revisions\/20159"}],"wp:featuredmedia":[{"embeddable":true,"href":"https:\/\/lumierediamonds.eu\/pl\/wp-json\/wp\/v2\/media\/19916"}],"wp:attachment":[{"href":"https:\/\/lumierediamonds.eu\/pl\/wp-json\/wp\/v2\/media?parent=19888"}],"wp:term":[{"taxonomy":"product_brand","embeddable":true,"href":"https:\/\/lumierediamonds.eu\/pl\/wp-json\/wp\/v2\/product_brand?post=19888"},{"taxonomy":"product_cat","embeddable":true,"href":"https:\/\/lumierediamonds.eu\/pl\/wp-json\/wp\/v2\/product_cat?post=19888"},{"taxonomy":"product_tag","embeddable":true,"href":"https:\/\/lumierediamonds.eu\/pl\/wp-json\/wp\/v2\/product_tag?post=19888"}],"curies":[{"name":"wp","href":"https:\/\/api.w.org\/{rel}","templated":true}]}}