{"id":19987,"date":"2026-04-12T19:59:18","date_gmt":"2026-04-12T17:59:18","guid":{"rendered":"https:\/\/lumierediamonds.eu\/?post_type=product&#038;p=19987"},"modified":"2026-04-13T15:23:37","modified_gmt":"2026-04-13T13:23:37","slug":"pierscionek-zareczynowy-solene-radiant-cut","status":"publish","type":"product","link":"https:\/\/lumierediamonds.eu\/pl\/produkt\/pierscionek-zareczynowy-solene-radiant-cut\/","title":{"rendered":"Pier\u015bcionek zar\u0119czynowy Solene Radiant Cut"},"content":{"rendered":"<p>Minimalistyczny, ale wyrafinowany pier\u015bcionek zar\u0119czynowy Solene Radiant Cut celebruje blask z nowoczesn\u0105 architektoniczn\u0105 kraw\u0119dzi\u0105.<\/p>\n<p>Wyposa\u017cony w diament o szlifie promienistym, projekt \u0142\u0105czy czyste linie szmaragdowego kszta\u0142tu z blaskiem b\u0142yszcz\u0105cych faset. Polerowana obr\u0105czka z 18-karatowego z\u0142ota delikatnie zw\u0119\u017ca si\u0119 w kierunku centralnego kamienia, podczas gdy oprawa katedralna unosi diament, aby umo\u017cliwi\u0107 dost\u0119p \u015bwiat\u0142a pod ka\u017cdym k\u0105tem.<\/p>\n<p>Promienny szlif zapewnia wyj\u0105tkow\u0105 brylancj\u0119 i odwa\u017cn\u0105 geometryczn\u0105 prezencj\u0119. Idealny dla tych, kt\u00f3rzy ceni\u0105 sobie nowoczesne wyrafinowanie i mocny design.<\/p>","protected":false},"excerpt":{"rendered":"<p>Wyrafinowany pier\u015bcionek zar\u0119czynowy o szlifie promienistym z 18-karatowego z\u0142ota z certyfikatem LBMA, z diamentem wyhodowanym w laboratorium, osadzonym w z\u0119bach na delikatnie zw\u0119\u017caj\u0105cej si\u0119 opasce o \u015brednicy 1,80 mm. Profil katedry pi\u0119knie unosi kamie\u0144, tworz\u0105c czyst\u0105, podwy\u017cszon\u0105 sylwetk\u0119 z mocnym \u015bwiat\u0142em i eleganck\u0105 mo\u017cliwo\u015bci\u0105 noszenia na co dzie\u0144.<\/p>","protected":false},"featured_media":20015,"template":"","meta":{"_acf_changed":false},"product_brand":[],"product_cat":[24,52],"product_tag":[1428,48,184,1427,1401,1445],"class_list":{"0":"post-19987","1":"product","2":"type-product","3":"status-publish","4":"has-post-thumbnail","6":"product_cat-engagement-rings","7":"product_cat-rings","8":"product_tag-cathedral-setting","9":"product_tag-engagement-ring","10":"product_tag-lab-grown-diamond","11":"product_tag-prong-setting","12":"product_tag-radiant-cut","13":"product_tag-tapered-band","14":"pa_metal-rose-gold","15":"pa_metal-white-gold","16":"pa_metal-yellow-gold","18":"first","19":"instock","20":"taxable","21":"shipping-taxable","22":"purchasable","23":"product-type-variable","24":"has-default-attributes"},"acf":[],"jetpack_sharing_enabled":true,"_links":{"self":[{"href":"https:\/\/lumierediamonds.eu\/pl\/wp-json\/wp\/v2\/product\/19987","targetHints":{"allow":["GET"]}}],"collection":[{"href":"https:\/\/lumierediamonds.eu\/pl\/wp-json\/wp\/v2\/product"}],"about":[{"href":"https:\/\/lumierediamonds.eu\/pl\/wp-json\/wp\/v2\/types\/product"}],"version-history":[{"count":1,"href":"https:\/\/lumierediamonds.eu\/pl\/wp-json\/wp\/v2\/product\/19987\/revisions"}],"predecessor-version":[{"id":21244,"href":"https:\/\/lumierediamonds.eu\/pl\/wp-json\/wp\/v2\/product\/19987\/revisions\/21244"}],"wp:featuredmedia":[{"embeddable":true,"href":"https:\/\/lumierediamonds.eu\/pl\/wp-json\/wp\/v2\/media\/20015"}],"wp:attachment":[{"href":"https:\/\/lumierediamonds.eu\/pl\/wp-json\/wp\/v2\/media?parent=19987"}],"wp:term":[{"taxonomy":"product_brand","embeddable":true,"href":"https:\/\/lumierediamonds.eu\/pl\/wp-json\/wp\/v2\/product_brand?post=19987"},{"taxonomy":"product_cat","embeddable":true,"href":"https:\/\/lumierediamonds.eu\/pl\/wp-json\/wp\/v2\/product_cat?post=19987"},{"taxonomy":"product_tag","embeddable":true,"href":"https:\/\/lumierediamonds.eu\/pl\/wp-json\/wp\/v2\/product_tag?post=19987"}],"curies":[{"name":"wp","href":"https:\/\/api.w.org\/{rel}","templated":true}]}}