{"id":20036,"date":"2026-04-12T20:06:30","date_gmt":"2026-04-12T18:06:30","guid":{"rendered":"https:\/\/lumierediamonds.eu\/?post_type=product&#038;p=20036"},"modified":"2026-04-13T15:49:32","modified_gmt":"2026-04-13T13:49:32","slug":"pierscionek-zareczynowy-solene-z-gruszka","status":"publish","type":"product","link":"https:\/\/lumierediamonds.eu\/pl\/produkt\/pierscionek-zareczynowy-solene-z-gruszka\/","title":{"rendered":"Pier\u015bcionek zar\u0119czynowy Solene Pear Cut"},"content":{"rendered":"<p>Minimalistyczny, ale wyrazisty pier\u015bcionek zar\u0119czynowy Solene Pear Cut \u0142\u0105czy w sobie blask z wdzi\u0119czn\u0105 sylwetk\u0105.<\/p>\n<p>W jego centrum znajduje si\u0119 laboratoryjnie wyhodowany diament w kszta\u0142cie gruszki, kt\u00f3ry \u0142\u0105czy blask okr\u0105g\u0142ego szlifu z elegancj\u0105 wyd\u0142u\u017conej formy. Polerowana obr\u0105czka z 18-karatowego z\u0142ota delikatnie zw\u0119\u017ca si\u0119 w kierunku diamentu, podczas gdy oprawa katedralna unosi kamie\u0144, aby zmaksymalizowa\u0107 \u015bwiat\u0142o i obecno\u015b\u0107.<\/p>\n<p>Delikatny czubek gruszki i zaokr\u0105glona krzywizna tworz\u0105 romantyczny, p\u0142ynny kszta\u0142t, kt\u00f3ry jest zar\u00f3wno klasyczny, jak i charakterystyczny.<\/p>","protected":false},"excerpt":{"rendered":"<p>Pier\u015bcionek zar\u0119czynowy Solene Pear Cut \u0142\u0105czy diament w kszta\u0142cie gruszki ze zw\u0119\u017caj\u0105cym si\u0119 18-karatowym z\u0142otym paskiem i opraw\u0105 z z\u0119bami. Jego wyd\u0142u\u017cona sylwetka jest wyrafinowana na d\u0142oni, z wdzi\u0119cznym profilem, kt\u00f3ry r\u00f3wnowa\u017cy obecno\u015b\u0107 i wygod\u0119 noszenia.<\/p>","protected":false},"featured_media":21222,"template":"","meta":{"_acf_changed":false},"product_brand":[],"product_cat":[24,52],"product_tag":[599,1428,48,1097,215,1427],"class_list":{"0":"post-20036","1":"product","2":"type-product","3":"status-publish","4":"has-post-thumbnail","6":"product_cat-engagement-rings","7":"product_cat-rings","8":"product_tag-18k-gold","9":"product_tag-cathedral-setting","10":"product_tag-engagement-ring","11":"product_tag-lab-grown-diamond-2","12":"product_tag-pear-cut","13":"product_tag-prong-setting","14":"pa_metal-rose-gold","15":"pa_metal-white-gold","16":"pa_metal-yellow-gold","18":"first","19":"instock","20":"taxable","21":"shipping-taxable","22":"purchasable","23":"product-type-variable","24":"has-default-attributes"},"acf":[],"jetpack_sharing_enabled":true,"_links":{"self":[{"href":"https:\/\/lumierediamonds.eu\/pl\/wp-json\/wp\/v2\/product\/20036","targetHints":{"allow":["GET"]}}],"collection":[{"href":"https:\/\/lumierediamonds.eu\/pl\/wp-json\/wp\/v2\/product"}],"about":[{"href":"https:\/\/lumierediamonds.eu\/pl\/wp-json\/wp\/v2\/types\/product"}],"version-history":[{"count":1,"href":"https:\/\/lumierediamonds.eu\/pl\/wp-json\/wp\/v2\/product\/20036\/revisions"}],"predecessor-version":[{"id":21287,"href":"https:\/\/lumierediamonds.eu\/pl\/wp-json\/wp\/v2\/product\/20036\/revisions\/21287"}],"wp:featuredmedia":[{"embeddable":true,"href":"https:\/\/lumierediamonds.eu\/pl\/wp-json\/wp\/v2\/media\/21222"}],"wp:attachment":[{"href":"https:\/\/lumierediamonds.eu\/pl\/wp-json\/wp\/v2\/media?parent=20036"}],"wp:term":[{"taxonomy":"product_brand","embeddable":true,"href":"https:\/\/lumierediamonds.eu\/pl\/wp-json\/wp\/v2\/product_brand?post=20036"},{"taxonomy":"product_cat","embeddable":true,"href":"https:\/\/lumierediamonds.eu\/pl\/wp-json\/wp\/v2\/product_cat?post=20036"},{"taxonomy":"product_tag","embeddable":true,"href":"https:\/\/lumierediamonds.eu\/pl\/wp-json\/wp\/v2\/product_tag?post=20036"}],"curies":[{"name":"wp","href":"https:\/\/api.w.org\/{rel}","templated":true}]}}