{"id":20064,"date":"2026-04-12T20:09:47","date_gmt":"2026-04-12T18:09:47","guid":{"rendered":"https:\/\/lumierediamonds.eu\/?post_type=product&#038;p=20064"},"modified":"2026-04-13T16:12:39","modified_gmt":"2026-04-13T14:12:39","slug":"pierscionek-zareczynowy-solene-z-markiza","status":"publish","type":"product","link":"https:\/\/lumierediamonds.eu\/pl\/produkt\/pierscionek-zareczynowy-solene-z-markiza\/","title":{"rendered":"Pier\u015bcionek zar\u0119czynowy Solene Marquise Cut"},"content":{"rendered":"<p>Elegancja zaprojektowana na co dzie\u0144.<br \/>\nWy\u015brodkowany z markizowym diamentem, kt\u00f3ry dodaje d\u0142ugo\u015bci, dramatyzmu i wyrafinowanego stylu vintage. Diamentowy pier\u015bcionek zar\u0119czynowy Aurelia ma niskoprofilow\u0105 opraw\u0119, kt\u00f3ra znajduje si\u0119 bli\u017cej palca, zapewniaj\u0105c bezpieczne i wygodne dopasowanie. Wykonany z 18-karatowego \u017c\u00f3\u0142tego, bia\u0142ego lub r\u00f3\u017cowego z\u0142ota, 2,4-milimetrowy pasek dodaje si\u0142y i r\u00f3wnowagi, a mi\u0119kko wyrze\u017abiona oprawa nadaje pier\u015bcieniowi g\u0142adkie, p\u0142ynne linie.<\/p>\n<p>Zaprojektowany do codziennego noszenia, \u0142\u0105czy w sobie trwa\u0142e pi\u0119kno z praktycznym designem. Idealny dla os\u00f3b wykonuj\u0105cych praktyczne zawody lub prowadz\u0105cych aktywny tryb \u017cycia.<\/p>","protected":false},"excerpt":{"rendered":"<p>Wyrafinowany pier\u015bcionek zar\u0119czynowy o szlifie markizy, wy\u015brodkowany na laboratoryjnie wyhodowanym diamencie, osadzony w z\u0119bach o niskoprofilowej sylwetce. Wykonany z 18-karatowego \u017c\u00f3\u0142tego, bia\u0142ego lub r\u00f3\u017cowego z\u0142ota z wywa\u017conym paskiem 1,80 mm dla bezpiecznego i wygodnego noszenia na co dzie\u0144.<\/p>","protected":false},"featured_media":20092,"template":"","meta":{"_acf_changed":false},"product_brand":[],"product_cat":[24,52],"product_tag":[48,1433,184,1432,1429,1427,191],"class_list":{"0":"post-20064","1":"product","2":"type-product","3":"status-publish","4":"has-post-thumbnail","6":"product_cat-engagement-rings","7":"product_cat-rings","8":"product_tag-engagement-ring","9":"product_tag-everyday-wear","10":"product_tag-lab-grown-diamond","11":"product_tag-low-profile","12":"product_tag-marquise-cut","13":"product_tag-prong-setting","14":"product_tag-solitaire","15":"pa_metal-rose-gold","16":"pa_metal-white-gold","17":"pa_metal-yellow-gold","19":"first","20":"instock","21":"taxable","22":"shipping-taxable","23":"purchasable","24":"product-type-variable","25":"has-default-attributes"},"acf":[],"jetpack_sharing_enabled":true,"_links":{"self":[{"href":"https:\/\/lumierediamonds.eu\/pl\/wp-json\/wp\/v2\/product\/20064","targetHints":{"allow":["GET"]}}],"collection":[{"href":"https:\/\/lumierediamonds.eu\/pl\/wp-json\/wp\/v2\/product"}],"about":[{"href":"https:\/\/lumierediamonds.eu\/pl\/wp-json\/wp\/v2\/types\/product"}],"version-history":[{"count":1,"href":"https:\/\/lumierediamonds.eu\/pl\/wp-json\/wp\/v2\/product\/20064\/revisions"}],"predecessor-version":[{"id":21319,"href":"https:\/\/lumierediamonds.eu\/pl\/wp-json\/wp\/v2\/product\/20064\/revisions\/21319"}],"wp:featuredmedia":[{"embeddable":true,"href":"https:\/\/lumierediamonds.eu\/pl\/wp-json\/wp\/v2\/media\/20092"}],"wp:attachment":[{"href":"https:\/\/lumierediamonds.eu\/pl\/wp-json\/wp\/v2\/media?parent=20064"}],"wp:term":[{"taxonomy":"product_brand","embeddable":true,"href":"https:\/\/lumierediamonds.eu\/pl\/wp-json\/wp\/v2\/product_brand?post=20064"},{"taxonomy":"product_cat","embeddable":true,"href":"https:\/\/lumierediamonds.eu\/pl\/wp-json\/wp\/v2\/product_cat?post=20064"},{"taxonomy":"product_tag","embeddable":true,"href":"https:\/\/lumierediamonds.eu\/pl\/wp-json\/wp\/v2\/product_tag?post=20064"}],"curies":[{"name":"wp","href":"https:\/\/api.w.org\/{rel}","templated":true}]}}