{"id":20382,"date":"2026-04-12T20:50:16","date_gmt":"2026-04-12T18:50:16","guid":{"rendered":"https:\/\/lumierediamonds.eu\/?post_type=product&#038;p=20382"},"modified":"2026-04-13T16:16:27","modified_gmt":"2026-04-13T14:16:27","slug":"pierscionek-zareczynowy-z-owalnym-szlifem-aurelia","status":"publish","type":"product","link":"https:\/\/lumierediamonds.eu\/pl\/produkt\/pierscionek-zareczynowy-z-owalnym-szlifem-aurelia\/","title":{"rendered":"Pier\u015bcionek zar\u0119czynowy Aurelia Oval Cut"},"content":{"rendered":"<p>Elegancja zaprojektowana na co dzie\u0144.<br \/>\nWy\u015brodkowany owalnym diamentem, kt\u00f3ry dodaje elegancji i wyd\u0142u\u017ca palec mi\u0119kkim, wdzi\u0119cznym kszta\u0142tem. Diamentowy pier\u015bcionek zar\u0119czynowy Aurelia ma niskoprofilow\u0105 opraw\u0119, kt\u00f3ra znajduje si\u0119 bli\u017cej palca, zapewniaj\u0105c bezpieczne i wygodne dopasowanie. Wykonany z 18-karatowego \u017c\u00f3\u0142tego, bia\u0142ego lub r\u00f3\u017cowego z\u0142ota, 2,4 mm pasek dodaje si\u0142y i r\u00f3wnowagi, a mi\u0119kko wyrze\u017abiona oprawa nadaje pier\u015bcieniowi g\u0142adkie, p\u0142ynne linie.<\/p>\n<p>Zaprojektowany do codziennego noszenia, \u0142\u0105czy w sobie trwa\u0142e pi\u0119kno z praktycznym designem. Idealny dla os\u00f3b wykonuj\u0105cych praktyczne zawody lub prowadz\u0105cych aktywny tryb \u017cycia.<\/p>","protected":false},"excerpt":{"rendered":"<p>Pier\u015bcionek zar\u0119czynowy Aurelia zawiera owalny diament hodowany w laboratorium w niskoprofilowej oprawie, zaprojektowanej tak, aby przylega\u0142a do palca z bezpiecznym i wygodnym wyczuciem. Wyko\u0144czony 18-karatowym z\u0142otem z paskiem 2,4 mm, r\u00f3wnowa\u017cy codzienne noszenie z wyrafinowan\u0105, wyd\u0142u\u017con\u0105 sylwetk\u0105.<\/p>","protected":false},"featured_media":20410,"template":"","meta":{"_acf_changed":false},"product_brand":[],"product_cat":[24,52],"product_tag":[599,48,184,1432,210,1427],"class_list":{"0":"post-20382","1":"product","2":"type-product","3":"status-publish","4":"has-post-thumbnail","6":"product_cat-engagement-rings","7":"product_cat-rings","8":"product_tag-18k-gold","9":"product_tag-engagement-ring","10":"product_tag-lab-grown-diamond","11":"product_tag-low-profile","12":"product_tag-oval-cut","13":"product_tag-prong-setting","14":"pa_metal-rose-gold","15":"pa_metal-white-gold","16":"pa_metal-yellow-gold","18":"first","19":"instock","20":"taxable","21":"shipping-taxable","22":"purchasable","23":"product-type-variable","24":"has-default-attributes"},"acf":[],"jetpack_sharing_enabled":true,"_links":{"self":[{"href":"https:\/\/lumierediamonds.eu\/pl\/wp-json\/wp\/v2\/product\/20382","targetHints":{"allow":["GET"]}}],"collection":[{"href":"https:\/\/lumierediamonds.eu\/pl\/wp-json\/wp\/v2\/product"}],"about":[{"href":"https:\/\/lumierediamonds.eu\/pl\/wp-json\/wp\/v2\/types\/product"}],"version-history":[{"count":1,"href":"https:\/\/lumierediamonds.eu\/pl\/wp-json\/wp\/v2\/product\/20382\/revisions"}],"predecessor-version":[{"id":21321,"href":"https:\/\/lumierediamonds.eu\/pl\/wp-json\/wp\/v2\/product\/20382\/revisions\/21321"}],"wp:featuredmedia":[{"embeddable":true,"href":"https:\/\/lumierediamonds.eu\/pl\/wp-json\/wp\/v2\/media\/20410"}],"wp:attachment":[{"href":"https:\/\/lumierediamonds.eu\/pl\/wp-json\/wp\/v2\/media?parent=20382"}],"wp:term":[{"taxonomy":"product_brand","embeddable":true,"href":"https:\/\/lumierediamonds.eu\/pl\/wp-json\/wp\/v2\/product_brand?post=20382"},{"taxonomy":"product_cat","embeddable":true,"href":"https:\/\/lumierediamonds.eu\/pl\/wp-json\/wp\/v2\/product_cat?post=20382"},{"taxonomy":"product_tag","embeddable":true,"href":"https:\/\/lumierediamonds.eu\/pl\/wp-json\/wp\/v2\/product_tag?post=20382"}],"curies":[{"name":"wp","href":"https:\/\/api.w.org\/{rel}","templated":true}]}}