{"id":20431,"date":"2026-04-12T20:58:05","date_gmt":"2026-04-12T18:58:05","guid":{"rendered":"https:\/\/lumierediamonds.eu\/?post_type=product&#038;p=20431"},"modified":"2026-04-13T16:17:33","modified_gmt":"2026-04-13T14:17:33","slug":"pierscionek-zareczynowy-aurelia-princess-cut","status":"publish","type":"product","link":"https:\/\/lumierediamonds.eu\/pl\/produkt\/pierscionek-zareczynowy-aurelia-princess-cut\/","title":{"rendered":"Pier\u015bcionek zar\u0119czynowy Aurelia Princess Cut"},"content":{"rendered":"<p>Elegancja zaprojektowana na co dzie\u0144.<br \/>\nWy\u015brodkowany z diamentem o szlifie ksi\u0119\u017cniczki, kt\u00f3ry dodaje ostrego blasku i nowoczesnego, strukturalnego wygl\u0105du. Diamentowy pier\u015bcionek zar\u0119czynowy Aurelia ma niskoprofilow\u0105 opraw\u0119, kt\u00f3ra znajduje si\u0119 bli\u017cej palca, zapewniaj\u0105c bezpieczne i wygodne dopasowanie. Wykonany z 18-karatowego \u017c\u00f3\u0142tego, bia\u0142ego lub r\u00f3\u017cowego z\u0142ota pasek o grubo\u015bci 2,4 mm dodaje si\u0142y i r\u00f3wnowagi, a mi\u0119kko wyrze\u017abiona oprawa nadaje pier\u015bcionkowi g\u0142adkie, p\u0142ynne linie.<\/p>\n<p>Zaprojektowany do codziennego noszenia, \u0142\u0105czy w sobie trwa\u0142e pi\u0119kno z praktycznym designem. Idealny dla os\u00f3b wykonuj\u0105cych praktyczne zawody lub prowadz\u0105cych aktywny tryb \u017cycia.<\/p>","protected":false},"excerpt":{"rendered":"<p>Wyrafinowany pier\u015bcionek zar\u0119czynowy o szlifie ksi\u0119\u017cniczki z niskoprofilow\u0105 opraw\u0105 i wywa\u017conym 2,4 mm paskiem z 18-karatowego z\u0142ota. Zaprojektowany z my\u015bl\u0105 o wygodnym noszeniu na co dzie\u0144, \u0142\u0105czy ostry blask z nowoczesn\u0105, strukturaln\u0105 sylwetk\u0105.<\/p>","protected":false},"featured_media":20459,"template":"","meta":{"_acf_changed":false},"product_brand":[],"product_cat":[24,52],"product_tag":[599,183,48,1433,1432,194,1427],"class_list":{"0":"post-20431","1":"product","2":"type-product","3":"status-publish","4":"has-post-thumbnail","6":"product_cat-engagement-rings","7":"product_cat-rings","8":"product_tag-18k-gold","9":"product_tag-diamond-ring","10":"product_tag-engagement-ring","11":"product_tag-everyday-wear","12":"product_tag-low-profile","13":"product_tag-princess-cut","14":"product_tag-prong-setting","15":"pa_metal-rose-gold","16":"pa_metal-white-gold","17":"pa_metal-yellow-gold","19":"first","20":"instock","21":"taxable","22":"shipping-taxable","23":"purchasable","24":"product-type-variable","25":"has-default-attributes"},"acf":[],"jetpack_sharing_enabled":true,"_links":{"self":[{"href":"https:\/\/lumierediamonds.eu\/pl\/wp-json\/wp\/v2\/product\/20431","targetHints":{"allow":["GET"]}}],"collection":[{"href":"https:\/\/lumierediamonds.eu\/pl\/wp-json\/wp\/v2\/product"}],"about":[{"href":"https:\/\/lumierediamonds.eu\/pl\/wp-json\/wp\/v2\/types\/product"}],"version-history":[{"count":1,"href":"https:\/\/lumierediamonds.eu\/pl\/wp-json\/wp\/v2\/product\/20431\/revisions"}],"predecessor-version":[{"id":21322,"href":"https:\/\/lumierediamonds.eu\/pl\/wp-json\/wp\/v2\/product\/20431\/revisions\/21322"}],"wp:featuredmedia":[{"embeddable":true,"href":"https:\/\/lumierediamonds.eu\/pl\/wp-json\/wp\/v2\/media\/20459"}],"wp:attachment":[{"href":"https:\/\/lumierediamonds.eu\/pl\/wp-json\/wp\/v2\/media?parent=20431"}],"wp:term":[{"taxonomy":"product_brand","embeddable":true,"href":"https:\/\/lumierediamonds.eu\/pl\/wp-json\/wp\/v2\/product_brand?post=20431"},{"taxonomy":"product_cat","embeddable":true,"href":"https:\/\/lumierediamonds.eu\/pl\/wp-json\/wp\/v2\/product_cat?post=20431"},{"taxonomy":"product_tag","embeddable":true,"href":"https:\/\/lumierediamonds.eu\/pl\/wp-json\/wp\/v2\/product_tag?post=20431"}],"curies":[{"name":"wp","href":"https:\/\/api.w.org\/{rel}","templated":true}]}}