{"id":20480,"date":"2026-04-12T21:06:03","date_gmt":"2026-04-12T19:06:03","guid":{"rendered":"https:\/\/lumierediamonds.eu\/?post_type=product&#038;p=20480"},"modified":"2026-04-13T16:18:44","modified_gmt":"2026-04-13T14:18:44","slug":"pierscionek-zareczynowy-aurelia-radiant-cut","status":"publish","type":"product","link":"https:\/\/lumierediamonds.eu\/pl\/produkt\/pierscionek-zareczynowy-aurelia-radiant-cut\/","title":{"rendered":"Pier\u015bcionek zar\u0119czynowy Aurelia Radiant Cut"},"content":{"rendered":"<p>Elegancja zaprojektowana na co dzie\u0144.<br \/>\nWy\u015brodkowany z diamentem o szlifie promienistym, kt\u00f3ry dodaje silnego blasku w nowoczesnym geometrycznym stylu. Diamentowy pier\u015bcionek zar\u0119czynowy Aurelia ma niskoprofilow\u0105 opraw\u0119, kt\u00f3ra znajduje si\u0119 bli\u017cej palca, zapewniaj\u0105c bezpieczne i wygodne dopasowanie. Wykonany z 18-karatowego \u017c\u00f3\u0142tego, bia\u0142ego lub r\u00f3\u017cowego z\u0142ota pasek o grubo\u015bci 2,4 mm dodaje si\u0142y i r\u00f3wnowagi, a mi\u0119kko wyrze\u017abiona oprawa nadaje pier\u015bcionkowi g\u0142adkie, p\u0142ynne linie.<\/p>\n<p>Zaprojektowany do codziennego noszenia, \u0142\u0105czy w sobie trwa\u0142e pi\u0119kno z praktycznym designem. Idealny dla os\u00f3b wykonuj\u0105cych praktyczne zawody lub prowadz\u0105cych aktywny tryb \u017cycia.<\/p>","protected":false},"excerpt":{"rendered":"<p>Pier\u015bcionek zar\u0119czynowy Aurelia \u0142\u0105czy w sobie kamie\u0144 centralny o szlifie promienistym z niskoprofilow\u0105 opraw\u0105 z\u0119b\u00f3w, zapewniaj\u0105c bezpieczne i zr\u00f3wnowa\u017cone dopasowanie. Wyko\u0144czony 18-karatowym z\u0142otem z certyfikatem LBMA i paskiem 2,4 mm, oferuje silny blask i czyst\u0105 sylwetk\u0119 zaprojektowan\u0105 do codziennego noszenia.<\/p>","protected":false},"featured_media":20508,"template":"","meta":{"_acf_changed":false},"product_brand":[],"product_cat":[24,52],"product_tag":[1442,183,48,1433,1430,1427,1401],"class_list":{"0":"post-20480","1":"product","2":"type-product","3":"status-publish","4":"has-post-thumbnail","6":"product_cat-engagement-rings","7":"product_cat-rings","8":"product_tag-2-4-mm-band","9":"product_tag-diamond-ring","10":"product_tag-engagement-ring","11":"product_tag-everyday-wear","12":"product_tag-low-profile-setting","13":"product_tag-prong-setting","14":"product_tag-radiant-cut","15":"pa_metal-rose-gold","16":"pa_metal-white-gold","17":"pa_metal-yellow-gold","19":"first","20":"instock","21":"taxable","22":"shipping-taxable","23":"purchasable","24":"product-type-variable","25":"has-default-attributes"},"acf":[],"jetpack_sharing_enabled":true,"_links":{"self":[{"href":"https:\/\/lumierediamonds.eu\/pl\/wp-json\/wp\/v2\/product\/20480","targetHints":{"allow":["GET"]}}],"collection":[{"href":"https:\/\/lumierediamonds.eu\/pl\/wp-json\/wp\/v2\/product"}],"about":[{"href":"https:\/\/lumierediamonds.eu\/pl\/wp-json\/wp\/v2\/types\/product"}],"version-history":[{"count":1,"href":"https:\/\/lumierediamonds.eu\/pl\/wp-json\/wp\/v2\/product\/20480\/revisions"}],"predecessor-version":[{"id":21323,"href":"https:\/\/lumierediamonds.eu\/pl\/wp-json\/wp\/v2\/product\/20480\/revisions\/21323"}],"wp:featuredmedia":[{"embeddable":true,"href":"https:\/\/lumierediamonds.eu\/pl\/wp-json\/wp\/v2\/media\/20508"}],"wp:attachment":[{"href":"https:\/\/lumierediamonds.eu\/pl\/wp-json\/wp\/v2\/media?parent=20480"}],"wp:term":[{"taxonomy":"product_brand","embeddable":true,"href":"https:\/\/lumierediamonds.eu\/pl\/wp-json\/wp\/v2\/product_brand?post=20480"},{"taxonomy":"product_cat","embeddable":true,"href":"https:\/\/lumierediamonds.eu\/pl\/wp-json\/wp\/v2\/product_cat?post=20480"},{"taxonomy":"product_tag","embeddable":true,"href":"https:\/\/lumierediamonds.eu\/pl\/wp-json\/wp\/v2\/product_tag?post=20480"}],"curies":[{"name":"wp","href":"https:\/\/api.w.org\/{rel}","templated":true}]}}