{"id":28444,"date":"2026-04-22T20:52:24","date_gmt":"2026-04-22T18:52:24","guid":{"rendered":"https:\/\/lumierediamonds.eu\/?post_type=product&#038;p=28444"},"modified":"2026-04-23T20:03:26","modified_gmt":"2026-04-23T18:03:26","slug":"pierscionek-zareczynowy-z-okraglym-szlifem-linea","status":"publish","type":"product","link":"https:\/\/lumierediamonds.eu\/pl\/produkt\/pierscionek-zareczynowy-z-okraglym-szlifem-linea\/","title":{"rendered":"Pier\u015bcionek zar\u0119czynowy Linea Round Cut Pav\u00e9"},"content":{"rendered":"<p>Pe\u0142en gracji i blasku pier\u015bcionek zar\u0119czynowy Linea z okr\u0105g\u0142ym brylantem zosta\u0142 zaprojektowany tak, aby podkre\u015bli\u0107 pi\u0119kno klasycznego kamienia centralnego poprzez precyzj\u0119 i \u015bwiat\u0142o.<\/p>\n<p>Smuk\u0142a opaska o kraw\u0119dzi no\u017ca jest ozdobiona drobnymi diamentami osadzonymi w bruku, tworz\u0105c mi\u0119kki, ci\u0105g\u0142y po\u0142ysk, kt\u00f3ry raczej wzmacnia ni\u017c obezw\u0142adnia centralny diament. Opaska delikatnie zw\u0119\u017ca si\u0119 w kierunku oprawy, przyci\u0105gaj\u0105c wzrok do wewn\u0105trz, zachowuj\u0105c jednocze\u015bnie zr\u00f3wnowa\u017con\u0105 sylwetk\u0119.<\/p>\n<p>Wdzi\u0119czna oprawa katedralna unosi okr\u0105g\u0142y, genialny diament hodowany w laboratorium, wpuszczaj\u0105c wi\u0119cej \u015bwiat\u0142a do kamienia, jednocze\u015bnie dodaj\u0105c subteln\u0105 wysoko\u015b\u0107 i eleganck\u0105 struktur\u0119.<\/p>\n<p>Wykonany z polerowanego 18-karatowego \u017c\u00f3\u0142tego, bia\u0142ego lub r\u00f3\u017cowego z\u0142ota, Linea oferuje ponadczasowy blask z wyrafinowanym, nowoczesnym wyko\u0144czeniem.<\/p>","protected":false},"excerpt":{"rendered":"<p>Pe\u0142en gracji i blasku pier\u015bcionek zar\u0119czynowy Linea Round Brilliant \u0142\u0105czy okr\u0105g\u0142y diament hodowany w laboratorium ze smuk\u0142ym paskiem z ostrzem pav\u00e9. Oprawa katedralna unosi centralny kamie\u0144 o zr\u00f3wnowa\u017conej strukturze, a polerowane 18-karatowe z\u0142oto dodaje wyrafinowanego wyko\u0144czenia. Ponadczasowy, elegancki i stworzony do codziennego noszenia.<\/p>","protected":false},"featured_media":29217,"template":"","meta":{"_acf_changed":false},"product_brand":[],"product_cat":[24,52],"product_tag":[1428,48,1452,1097,188,1431],"class_list":{"0":"post-28444","1":"product","2":"type-product","3":"status-publish","4":"has-post-thumbnail","6":"product_cat-engagement-rings","7":"product_cat-rings","8":"product_tag-cathedral-setting","9":"product_tag-engagement-ring","10":"product_tag-knife-edge-band","11":"product_tag-lab-grown-diamond-2","12":"product_tag-pave-setting","13":"product_tag-round-brilliant","14":"pa_metal-rose-gold","15":"pa_metal-white-gold","16":"pa_metal-yellow-gold","18":"first","19":"instock","20":"taxable","21":"shipping-taxable","22":"purchasable","23":"product-type-variable","24":"has-default-attributes"},"acf":[],"jetpack_sharing_enabled":true,"_links":{"self":[{"href":"https:\/\/lumierediamonds.eu\/pl\/wp-json\/wp\/v2\/product\/28444","targetHints":{"allow":["GET"]}}],"collection":[{"href":"https:\/\/lumierediamonds.eu\/pl\/wp-json\/wp\/v2\/product"}],"about":[{"href":"https:\/\/lumierediamonds.eu\/pl\/wp-json\/wp\/v2\/types\/product"}],"version-history":[{"count":3,"href":"https:\/\/lumierediamonds.eu\/pl\/wp-json\/wp\/v2\/product\/28444\/revisions"}],"predecessor-version":[{"id":31394,"href":"https:\/\/lumierediamonds.eu\/pl\/wp-json\/wp\/v2\/product\/28444\/revisions\/31394"}],"wp:featuredmedia":[{"embeddable":true,"href":"https:\/\/lumierediamonds.eu\/pl\/wp-json\/wp\/v2\/media\/29217"}],"wp:attachment":[{"href":"https:\/\/lumierediamonds.eu\/pl\/wp-json\/wp\/v2\/media?parent=28444"}],"wp:term":[{"taxonomy":"product_brand","embeddable":true,"href":"https:\/\/lumierediamonds.eu\/pl\/wp-json\/wp\/v2\/product_brand?post=28444"},{"taxonomy":"product_cat","embeddable":true,"href":"https:\/\/lumierediamonds.eu\/pl\/wp-json\/wp\/v2\/product_cat?post=28444"},{"taxonomy":"product_tag","embeddable":true,"href":"https:\/\/lumierediamonds.eu\/pl\/wp-json\/wp\/v2\/product_tag?post=28444"}],"curies":[{"name":"wp","href":"https:\/\/api.w.org\/{rel}","templated":true}]}}