{"id":30431,"date":"2026-04-23T17:18:17","date_gmt":"2026-04-23T15:18:17","guid":{"rendered":"https:\/\/lumierediamonds.eu\/?post_type=product&#038;p=30431"},"modified":"2026-04-23T20:53:05","modified_gmt":"2026-04-23T18:53:05","slug":"pierscionek-zareczynowy-linea-ze-szmaragdowym-szlifem","status":"publish","type":"product","link":"https:\/\/lumierediamonds.eu\/pl\/produkt\/pierscionek-zareczynowy-linea-ze-szmaragdowym-szlifem\/","title":{"rendered":"Pier\u015bcionek zar\u0119czynowy Linea Emerald Cut Pav\u00e9"},"content":{"rendered":"<p>Pe\u0142en wdzi\u0119ku i blasku pier\u015bcionek zar\u0119czynowy Linea Emerald Cut Pav\u00e9 zosta\u0142 zaprojektowany, aby podkre\u015bli\u0107 pi\u0119kno klasycznego kamienia centralnego poprzez precyzj\u0119 i \u015bwiat\u0142o.<\/p>\n<p>Smuk\u0142a opaska o kraw\u0119dzi no\u017ca jest ozdobiona drobnymi diamentami osadzonymi w bruku, tworz\u0105c mi\u0119kki, ci\u0105g\u0142y po\u0142ysk, kt\u00f3ry raczej wzmacnia ni\u017c obezw\u0142adnia centralny diament. Opaska delikatnie zw\u0119\u017ca si\u0119 w kierunku oprawy, przyci\u0105gaj\u0105c wzrok do wewn\u0105trz, zachowuj\u0105c jednocze\u015bnie zr\u00f3wnowa\u017con\u0105 sylwetk\u0119.<\/p>\n<p>Wdzi\u0119czna oprawa katedralna unosi szmaragdowy diament hodowany w laboratorium, wpuszczaj\u0105c wi\u0119cej \u015bwiat\u0142a do kamienia, jednocze\u015bnie dodaj\u0105c subteln\u0105 wysoko\u015b\u0107 i eleganck\u0105 struktur\u0119.<\/p>\n<p>Wykonany z polerowanego 18-karatowego \u017c\u00f3\u0142tego, bia\u0142ego lub r\u00f3\u017cowego z\u0142ota, Linea oferuje ponadczasowy blask z wyrafinowanym, nowoczesnym wyko\u0144czeniem.<\/p>","protected":false},"excerpt":{"rendered":"<p>Pe\u0142en wdzi\u0119ku i blasku pier\u015bcionek zar\u0119czynowy Linea ma szmaragdowy kamie\u0144 centralny, diamenty pav\u00e9 i zw\u0119\u017caj\u0105cy si\u0119 pasek z 18-karatowego z\u0142ota.<\/p>","protected":false},"featured_media":31143,"template":"","meta":{"_acf_changed":false},"product_brand":[],"product_cat":[24,52],"product_tag":[1428,1274,48,1452,184,1455],"class_list":{"0":"post-30431","1":"product","2":"type-product","3":"status-publish","4":"has-post-thumbnail","6":"product_cat-engagement-rings","7":"product_cat-rings","8":"product_tag-cathedral-setting","9":"product_tag-emerald-cut","10":"product_tag-engagement-ring","11":"product_tag-knife-edge-band","12":"product_tag-lab-grown-diamond","13":"product_tag-pave-diamonds","14":"pa_metal-rose-gold","15":"pa_metal-white-gold","16":"pa_metal-yellow-gold","18":"first","19":"instock","20":"taxable","21":"shipping-taxable","22":"purchasable","23":"product-type-variable","24":"has-default-attributes"},"acf":[],"jetpack_sharing_enabled":true,"_links":{"self":[{"href":"https:\/\/lumierediamonds.eu\/pl\/wp-json\/wp\/v2\/product\/30431","targetHints":{"allow":["GET"]}}],"collection":[{"href":"https:\/\/lumierediamonds.eu\/pl\/wp-json\/wp\/v2\/product"}],"about":[{"href":"https:\/\/lumierediamonds.eu\/pl\/wp-json\/wp\/v2\/types\/product"}],"version-history":[{"count":4,"href":"https:\/\/lumierediamonds.eu\/pl\/wp-json\/wp\/v2\/product\/30431\/revisions"}],"predecessor-version":[{"id":31476,"href":"https:\/\/lumierediamonds.eu\/pl\/wp-json\/wp\/v2\/product\/30431\/revisions\/31476"}],"wp:featuredmedia":[{"embeddable":true,"href":"https:\/\/lumierediamonds.eu\/pl\/wp-json\/wp\/v2\/media\/31143"}],"wp:attachment":[{"href":"https:\/\/lumierediamonds.eu\/pl\/wp-json\/wp\/v2\/media?parent=30431"}],"wp:term":[{"taxonomy":"product_brand","embeddable":true,"href":"https:\/\/lumierediamonds.eu\/pl\/wp-json\/wp\/v2\/product_brand?post=30431"},{"taxonomy":"product_cat","embeddable":true,"href":"https:\/\/lumierediamonds.eu\/pl\/wp-json\/wp\/v2\/product_cat?post=30431"},{"taxonomy":"product_tag","embeddable":true,"href":"https:\/\/lumierediamonds.eu\/pl\/wp-json\/wp\/v2\/product_tag?post=30431"}],"curies":[{"name":"wp","href":"https:\/\/api.w.org\/{rel}","templated":true}]}}