{"id":30496,"date":"2026-04-23T17:28:05","date_gmt":"2026-04-23T15:28:05","guid":{"rendered":"https:\/\/lumierediamonds.eu\/?post_type=product&#038;p=30496"},"modified":"2026-04-23T20:54:05","modified_gmt":"2026-04-23T18:54:05","slug":"pierscionek-zareczynowy-linea-owalny-szlif-pave","status":"publish","type":"product","link":"https:\/\/lumierediamonds.eu\/pl\/produkt\/pierscionek-zareczynowy-linea-owalny-szlif-pave\/","title":{"rendered":"Pier\u015bcionek zar\u0119czynowy Linea Oval Cut Pav\u00e9"},"content":{"rendered":"<p>Pe\u0142en gracji i blasku, owalny pier\u015bcionek zar\u0119czynowy Linea zosta\u0142 zaprojektowany, aby podkre\u015bli\u0107 pi\u0119kno klasycznego kamienia centralnego poprzez precyzj\u0119 i \u015bwiat\u0142o.<\/p>\n<p>Smuk\u0142a opaska o kraw\u0119dzi no\u017ca jest ozdobiona drobnymi diamentami osadzonymi w bruku, tworz\u0105c mi\u0119kki, ci\u0105g\u0142y po\u0142ysk, kt\u00f3ry raczej wzmacnia ni\u017c obezw\u0142adnia centralny diament. Opaska delikatnie zw\u0119\u017ca si\u0119 w kierunku oprawy, przyci\u0105gaj\u0105c wzrok do wewn\u0105trz, zachowuj\u0105c jednocze\u015bnie zr\u00f3wnowa\u017con\u0105 sylwetk\u0119.<\/p>\n<p>Wdzi\u0119czna oprawa katedralna unosi owalny diament wyhodowany w laboratorium, wpuszczaj\u0105c wi\u0119cej \u015bwiat\u0142a do kamienia, jednocze\u015bnie dodaj\u0105c subteln\u0105 wysoko\u015b\u0107 i eleganck\u0105 struktur\u0119.<\/p>\n<p>Wykonany z polerowanego 18-karatowego \u017c\u00f3\u0142tego, bia\u0142ego lub r\u00f3\u017cowego z\u0142ota, Linea oferuje ponadczasowy blask z wyrafinowanym, nowoczesnym wyko\u0144czeniem.<\/p>","protected":false},"excerpt":{"rendered":"<p>Smuk\u0142y i wyrze\u017abiony, owalny pier\u015bcionek zar\u0119czynowy Linea z labiryntowym owalnym diamentem, opraw\u0105 pav\u00e9 i smuk\u0142\u0105 kraw\u0119dzi\u0105 no\u017ca z polerowanego 18-karatowego z\u0142ota. Wdzi\u0119czny profil katedry i zw\u0119\u017caj\u0105ca si\u0119 sylwetka tworz\u0105 r\u00f3wnowag\u0119, wysoko\u015b\u0107 i cichy blask do codziennego noszenia.<\/p>","protected":false},"featured_media":31178,"template":"","meta":{"_acf_changed":false},"product_brand":[],"product_cat":[24,52],"product_tag":[599,1428,48,1452,1097,212,188],"class_list":{"0":"post-30496","1":"product","2":"type-product","3":"status-publish","4":"has-post-thumbnail","6":"product_cat-engagement-rings","7":"product_cat-rings","8":"product_tag-18k-gold","9":"product_tag-cathedral-setting","10":"product_tag-engagement-ring","11":"product_tag-knife-edge-band","12":"product_tag-lab-grown-diamond-2","13":"product_tag-oval-diamond","14":"product_tag-pave-setting","15":"pa_metal-rose-gold","16":"pa_metal-white-gold","17":"pa_metal-yellow-gold","19":"first","20":"instock","21":"taxable","22":"shipping-taxable","23":"purchasable","24":"product-type-variable","25":"has-default-attributes"},"acf":[],"jetpack_sharing_enabled":true,"_links":{"self":[{"href":"https:\/\/lumierediamonds.eu\/pl\/wp-json\/wp\/v2\/product\/30496","targetHints":{"allow":["GET"]}}],"collection":[{"href":"https:\/\/lumierediamonds.eu\/pl\/wp-json\/wp\/v2\/product"}],"about":[{"href":"https:\/\/lumierediamonds.eu\/pl\/wp-json\/wp\/v2\/types\/product"}],"version-history":[{"count":3,"href":"https:\/\/lumierediamonds.eu\/pl\/wp-json\/wp\/v2\/product\/30496\/revisions"}],"predecessor-version":[{"id":31597,"href":"https:\/\/lumierediamonds.eu\/pl\/wp-json\/wp\/v2\/product\/30496\/revisions\/31597"}],"wp:featuredmedia":[{"embeddable":true,"href":"https:\/\/lumierediamonds.eu\/pl\/wp-json\/wp\/v2\/media\/31178"}],"wp:attachment":[{"href":"https:\/\/lumierediamonds.eu\/pl\/wp-json\/wp\/v2\/media?parent=30496"}],"wp:term":[{"taxonomy":"product_brand","embeddable":true,"href":"https:\/\/lumierediamonds.eu\/pl\/wp-json\/wp\/v2\/product_brand?post=30496"},{"taxonomy":"product_cat","embeddable":true,"href":"https:\/\/lumierediamonds.eu\/pl\/wp-json\/wp\/v2\/product_cat?post=30496"},{"taxonomy":"product_tag","embeddable":true,"href":"https:\/\/lumierediamonds.eu\/pl\/wp-json\/wp\/v2\/product_tag?post=30496"}],"curies":[{"name":"wp","href":"https:\/\/api.w.org\/{rel}","templated":true}]}}