{"id":32065,"date":"2026-04-23T23:09:06","date_gmt":"2026-04-23T21:09:06","guid":{"rendered":"https:\/\/lumierediamonds.eu\/?post_type=product&#038;p=32065"},"modified":"2026-04-23T23:19:19","modified_gmt":"2026-04-23T21:19:19","slug":"pieciorzedowy-pierscionek-z-brylantem-elysia","status":"publish","type":"product","link":"https:\/\/lumierediamonds.eu\/pl\/produkt\/pieciorzedowy-pierscionek-z-brylantem-elysia\/","title":{"rendered":"Pi\u0119ciorz\u0119dowy pier\u015bcionek z brylantem Elysia"},"content":{"rendered":"<p>Promienny i wyrazisty, pi\u0119ciorz\u0119dowy diamentowy pier\u015bcionek Elysia zosta\u0142 zaprojektowany jako wyraz \u015bwiat\u0142a, tekstury i nowoczesnej elegancji.<\/p>\n<p>Pi\u0119\u0107 rz\u0119d\u00f3w diament\u00f3w o szlifie pav\u00e9, z 59 okr\u0105g\u0142ymi kamieniami o \u0142\u0105cznej masie 3,5 karata, tworzy ci\u0105g\u0142\u0105 powierzchni\u0119 blasku w ca\u0142ym pa\u015bmie. Uk\u0142ad ten nadaje pier\u015bcionkowi g\u0142\u0119bi\u0119, wymiar i silny powr\u00f3t \u015bwiat\u0142a pod ka\u017cdym k\u0105tem.<\/p>\n<p>Mi\u0119kko wyprofilowana sylwetka zapewnia zr\u00f3wnowa\u017cone, wygodne dopasowanie, a pe\u0142ny wygl\u0105d pav\u00e9 nadaje temu elementowi odwa\u017cny, ale wyrafinowany wygl\u0105d.<\/p>\n<p>Wykonany z polerowanego 18-karatowego bia\u0142ego z\u0142ota pier\u015bcionek Elysia to celebracja blasku i kunsztu, stworzona dla tych, kt\u00f3rych przyci\u0105ga efektowna bi\u017cuteria o trwa\u0142ej elegancji.<\/p>","protected":false},"excerpt":{"rendered":"<p>Promienny i wyrazisty, pi\u0119ciorz\u0119dowy diamentowy pier\u015bcionek Elysia zosta\u0142 zaprojektowany jako wyraz \u015bwiat\u0142a, tekstury i nowoczesnej elegancji. Pi\u0119\u0107 rz\u0119d\u00f3w...<\/p>","protected":false},"featured_media":32093,"template":"","meta":{"_acf_changed":false},"product_brand":[],"product_cat":[52,1010,898],"product_tag":[183,189,182,48,184,192,191,185],"class_list":{"0":"post-32065","1":"product","2":"type-product","3":"status-publish","4":"has-post-thumbnail","6":"product_cat-rings","7":"product_cat-cocktail-rings","8":"product_cat-statement-rings","9":"product_tag-diamond-ring","10":"product_tag-emerald","11":"product_tag-engagement","12":"product_tag-engagement-ring","13":"product_tag-lab-grown-diamond","14":"product_tag-ring","15":"product_tag-solitaire","16":"product_tag-vvs1","17":"pa_metal-white-gold","19":"first","20":"instock","21":"taxable","22":"shipping-taxable","23":"purchasable","24":"product-type-simple"},"acf":[],"jetpack_sharing_enabled":true,"_links":{"self":[{"href":"https:\/\/lumierediamonds.eu\/pl\/wp-json\/wp\/v2\/product\/32065","targetHints":{"allow":["GET"]}}],"collection":[{"href":"https:\/\/lumierediamonds.eu\/pl\/wp-json\/wp\/v2\/product"}],"about":[{"href":"https:\/\/lumierediamonds.eu\/pl\/wp-json\/wp\/v2\/types\/product"}],"version-history":[{"count":1,"href":"https:\/\/lumierediamonds.eu\/pl\/wp-json\/wp\/v2\/product\/32065\/revisions"}],"predecessor-version":[{"id":32097,"href":"https:\/\/lumierediamonds.eu\/pl\/wp-json\/wp\/v2\/product\/32065\/revisions\/32097"}],"wp:featuredmedia":[{"embeddable":true,"href":"https:\/\/lumierediamonds.eu\/pl\/wp-json\/wp\/v2\/media\/32093"}],"wp:attachment":[{"href":"https:\/\/lumierediamonds.eu\/pl\/wp-json\/wp\/v2\/media?parent=32065"}],"wp:term":[{"taxonomy":"product_brand","embeddable":true,"href":"https:\/\/lumierediamonds.eu\/pl\/wp-json\/wp\/v2\/product_brand?post=32065"},{"taxonomy":"product_cat","embeddable":true,"href":"https:\/\/lumierediamonds.eu\/pl\/wp-json\/wp\/v2\/product_cat?post=32065"},{"taxonomy":"product_tag","embeddable":true,"href":"https:\/\/lumierediamonds.eu\/pl\/wp-json\/wp\/v2\/product_tag?post=32065"}],"curies":[{"name":"wp","href":"https:\/\/api.w.org\/{rel}","templated":true}]}}