{"id":4195,"date":"2024-11-25T20:01:20","date_gmt":"2024-11-25T19:01:20","guid":{"rendered":"https:\/\/lumierediamonds.eu\/?post_type=product&#038;p=4195"},"modified":"2025-12-05T17:48:29","modified_gmt":"2025-12-05T16:48:29","slug":"pierscionek-zareczynowy-aurora","status":"publish","type":"product","link":"https:\/\/lumierediamonds.eu\/pl\/produkt\/pierscionek-zareczynowy-aurora\/","title":{"rendered":"Pier\u015bcionek zar\u0119czynowy Aurora"},"content":{"rendered":"<p class=\"p1\">Pe\u0142en wdzi\u0119ku i blasku pier\u015bcionek Aurora Ring zdobi ol\u015bniewaj\u0105cy diament o szlifie okr\u0105g\u0142ym, wyhodowany w laboratorium, osadzony w wyrafinowanej oprawie z sze\u015bcioma ramionami. Smuk\u0142a obr\u0105czka, dost\u0119pna w wersji z 18-karatowego \u017c\u00f3\u0142tego, bia\u0142ego lub r\u00f3\u017cowego z\u0142ota, podkre\u015bla wyj\u0105tkowy blask diamentu. Ponadczasowy design, kt\u00f3ry uosabia elegancj\u0119 i celebruje wieczn\u0105 mi\u0142o\u015b\u0107.<\/p>","protected":false},"excerpt":{"rendered":"<p class=\"p1\">Pe\u0142en wdzi\u0119ku i blasku pier\u015bcionek Aurora Ring zdobi ol\u015bniewaj\u0105cy diament o szlifie okr\u0105g\u0142ym, wyhodowany w laboratorium, osadzony w wyrafinowanej oprawie z sze\u015bcioma ramionami. Smuk\u0142a obr\u0105czka, dost\u0119pna w wersji z 18-karatowego \u017c\u00f3\u0142tego, bia\u0142ego lub r\u00f3\u017cowego z\u0142ota, podkre\u015bla wyj\u0105tkowy blask diamentu. Ponadczasowy design, kt\u00f3ry uosabia elegancj\u0119 i celebruje wieczn\u0105 mi\u0142o\u015b\u0107.<\/p>","protected":false},"featured_media":5276,"template":"","meta":{"_acf_changed":false},"product_brand":[],"product_cat":[24,23,52],"product_tag":[255,183,48,254,256,187,253],"class_list":{"0":"post-4195","1":"product","2":"type-product","3":"status-publish","4":"has-post-thumbnail","6":"product_cat-engagement-rings","7":"product_cat-love-engagement","8":"product_cat-rings","9":"product_tag-diamond-engagement-ring","10":"product_tag-diamond-ring","11":"product_tag-engagement-ring","12":"product_tag-halo-ring","13":"product_tag-lab-grown-diamond-ring","14":"product_tag-pave","15":"product_tag-pave-halo","16":"pa_metal-rose-gold","17":"pa_metal-white-gold","18":"pa_metal-yellow-gold","20":"first","21":"instock","22":"taxable","23":"shipping-taxable","24":"purchasable","25":"product-type-variable"},"acf":[],"jetpack_sharing_enabled":true,"_links":{"self":[{"href":"https:\/\/lumierediamonds.eu\/pl\/wp-json\/wp\/v2\/product\/4195","targetHints":{"allow":["GET"]}}],"collection":[{"href":"https:\/\/lumierediamonds.eu\/pl\/wp-json\/wp\/v2\/product"}],"about":[{"href":"https:\/\/lumierediamonds.eu\/pl\/wp-json\/wp\/v2\/types\/product"}],"version-history":[{"count":5,"href":"https:\/\/lumierediamonds.eu\/pl\/wp-json\/wp\/v2\/product\/4195\/revisions"}],"predecessor-version":[{"id":14121,"href":"https:\/\/lumierediamonds.eu\/pl\/wp-json\/wp\/v2\/product\/4195\/revisions\/14121"}],"wp:featuredmedia":[{"embeddable":true,"href":"https:\/\/lumierediamonds.eu\/pl\/wp-json\/wp\/v2\/media\/5276"}],"wp:attachment":[{"href":"https:\/\/lumierediamonds.eu\/pl\/wp-json\/wp\/v2\/media?parent=4195"}],"wp:term":[{"taxonomy":"product_brand","embeddable":true,"href":"https:\/\/lumierediamonds.eu\/pl\/wp-json\/wp\/v2\/product_brand?post=4195"},{"taxonomy":"product_cat","embeddable":true,"href":"https:\/\/lumierediamonds.eu\/pl\/wp-json\/wp\/v2\/product_cat?post=4195"},{"taxonomy":"product_tag","embeddable":true,"href":"https:\/\/lumierediamonds.eu\/pl\/wp-json\/wp\/v2\/product_tag?post=4195"}],"curies":[{"name":"wp","href":"https:\/\/api.w.org\/{rel}","templated":true}]}}