{"id":5527,"date":"2024-11-29T12:15:53","date_gmt":"2024-11-29T11:15:53","guid":{"rendered":"https:\/\/lumierediamonds.eu\/?post_type=product&#038;p=5527"},"modified":"2025-12-05T16:39:01","modified_gmt":"2025-12-05T15:39:01","slug":"pierscionek-zareczynowy-z-brylantem-o-szlifie-ksiezniczki-eternia","status":"publish","type":"product","link":"https:\/\/lumierediamonds.eu\/pl\/produkt\/pierscionek-zareczynowy-z-brylantem-o-szlifie-ksiezniczki-eternia\/","title":{"rendered":"Pier\u015bcionek zar\u0119czynowy Eternia Princess Cut"},"content":{"rendered":"<p class=\"p1\">Pier\u015bcionek Eternia to ol\u015bniewaj\u0105ce \u015bwi\u0119towanie wiecznej mi\u0142o\u015bci. Jego centralnym elementem jest osza\u0142amiaj\u0105cy diament o szlifie ksi\u0119\u017cniczki, wyhodowany w laboratorium, a jego ostre, nowoczesne linie s\u0105 pi\u0119knie podkre\u015blone przez opraw\u0119 z b\u0142yszcz\u0105cych diament\u00f3w w szlifie pav\u00e9. Dost\u0119pny w wersji z 18-karatowego \u017c\u00f3\u0142tego, bia\u0142ego lub r\u00f3\u017cowego z\u0142ota, ten model \u0142\u0105czy w sobie wsp\u00f3\u0142czesn\u0105 elegancj\u0119 z ponadczasowym blaskiem.<\/p>","protected":false},"excerpt":{"rendered":"<p class=\"p1\">Pier\u015bcionek Eternia to ol\u015bniewaj\u0105ce \u015bwi\u0119towanie wiecznej mi\u0142o\u015bci. Jego centralnym elementem jest osza\u0142amiaj\u0105cy diament o szlifie ksi\u0119\u017cniczki, wyhodowany w laboratorium, a jego ostre, nowoczesne linie s\u0105 pi\u0119knie podkre\u015blone przez opraw\u0119 z b\u0142yszcz\u0105cych diament\u00f3w w szlifie pav\u00e9. Dost\u0119pny w wersji z 18-karatowego \u017c\u00f3\u0142tego, bia\u0142ego lub r\u00f3\u017cowego z\u0142ota, ten model \u0142\u0105czy w sobie wsp\u00f3\u0142czesn\u0105 elegancj\u0119 z ponadczasowym blaskiem.<\/p>","protected":false},"featured_media":5565,"template":"","meta":{"_acf_changed":false},"product_brand":[],"product_cat":[24,23,52],"product_tag":[183,182,48,184,187,193,194,192,191,185],"class_list":{"0":"post-5527","1":"product","2":"type-product","3":"status-publish","4":"has-post-thumbnail","6":"product_cat-engagement-rings","7":"product_cat-love-engagement","8":"product_cat-rings","9":"product_tag-diamond-ring","10":"product_tag-engagement","11":"product_tag-engagement-ring","12":"product_tag-lab-grown-diamond","13":"product_tag-pave","14":"product_tag-princess","15":"product_tag-princess-cut","16":"product_tag-ring","17":"product_tag-solitaire","18":"product_tag-vvs1","19":"pa_metal-rose-gold","20":"pa_metal-white-gold","21":"pa_metal-yellow-gold","23":"first","24":"instock","25":"taxable","26":"shipping-taxable","27":"purchasable","28":"product-type-variable"},"acf":[],"jetpack_sharing_enabled":true,"_links":{"self":[{"href":"https:\/\/lumierediamonds.eu\/pl\/wp-json\/wp\/v2\/product\/5527","targetHints":{"allow":["GET"]}}],"collection":[{"href":"https:\/\/lumierediamonds.eu\/pl\/wp-json\/wp\/v2\/product"}],"about":[{"href":"https:\/\/lumierediamonds.eu\/pl\/wp-json\/wp\/v2\/types\/product"}],"version-history":[{"count":5,"href":"https:\/\/lumierediamonds.eu\/pl\/wp-json\/wp\/v2\/product\/5527\/revisions"}],"predecessor-version":[{"id":14107,"href":"https:\/\/lumierediamonds.eu\/pl\/wp-json\/wp\/v2\/product\/5527\/revisions\/14107"}],"wp:featuredmedia":[{"embeddable":true,"href":"https:\/\/lumierediamonds.eu\/pl\/wp-json\/wp\/v2\/media\/5565"}],"wp:attachment":[{"href":"https:\/\/lumierediamonds.eu\/pl\/wp-json\/wp\/v2\/media?parent=5527"}],"wp:term":[{"taxonomy":"product_brand","embeddable":true,"href":"https:\/\/lumierediamonds.eu\/pl\/wp-json\/wp\/v2\/product_brand?post=5527"},{"taxonomy":"product_cat","embeddable":true,"href":"https:\/\/lumierediamonds.eu\/pl\/wp-json\/wp\/v2\/product_cat?post=5527"},{"taxonomy":"product_tag","embeddable":true,"href":"https:\/\/lumierediamonds.eu\/pl\/wp-json\/wp\/v2\/product_tag?post=5527"}],"curies":[{"name":"wp","href":"https:\/\/api.w.org\/{rel}","templated":true}]}}