{"id":5598,"date":"2024-11-29T13:35:30","date_gmt":"2024-11-29T12:35:30","guid":{"rendered":"https:\/\/lumierediamonds.eu\/?post_type=product&#038;p=5598"},"modified":"2026-03-26T16:26:15","modified_gmt":"2026-03-26T15:26:15","slug":"pierscionek-zareczynowy-z-brylantem-o-szlifie-szmaragdowym","status":"publish","type":"product","link":"https:\/\/lumierediamonds.eu\/pl\/produkt\/pierscionek-zareczynowy-z-brylantem-o-szlifie-szmaragdowym\/","title":{"rendered":"Pier\u015bcionek zar\u0119czynowy \u00c9pure Emerald"},"content":{"rendered":"<p data-start=\"154\" data-end=\"371\">Eleganckie i praktyczne.<\/p>\n<p>The <strong>Pier\u015bcionek zar\u0119czynowy z brylantem o szlifie szmaragdowym<\/strong> wnosi ponadczasow\u0105 elegancj\u0119 do codziennego \u017cycia dzi\u0119ki czystemu, minimalistycznemu wzornictwu i charakterystycznej, wygodnej opasce.<\/p>\n<p>Pier\u015bcionek z centralnie osadzonym diamentem o szlifie szmaragdowym, wyhodowanym w laboratorium, charakteryzuje si\u0119 niskim profilem, dzi\u0119ki czemu lepiej przylega do palca \u2014 idealny dla os\u00f3b wykonuj\u0105cych zawody wymagaj\u0105ce pracy r\u0119kami lub prowadz\u0105cych aktywny tryb \u017cycia. Subtelnie zw\u0119\u017caj\u0105ca si\u0119, delikatnie zaokr\u0105glona obr\u0105czka zwi\u0119ksza komfort noszenia, jednocze\u015bnie przyci\u0105gaj\u0105c wzrok naturalnym blaskiem i symetri\u0105 diamentu.<\/p>\n<p>Wyrafinowany bez przesady, \u00c9pure to dyskretny, wyrafinowany wyb\u00f3r, kt\u00f3ry \u0142\u0105czy w sobie trwa\u0142e pi\u0119kno z praktycznym designem.<\/p>","protected":false},"excerpt":{"rendered":"<p class=\"p1\"><b>Wyrafinowana prostota w nowej ods\u0142onie.<\/b><b><\/b><\/p>\n<p class=\"p2\">Pier\u015bcionek zar\u0119czynowy \u00c9pure Emerald Cut \u0142\u0105czy w sobie niskoprofilow\u0105 opraw\u0119 z charakterystyczn\u0105, wygodn\u0105 obr\u0105czk\u0105 \u2014 idealn\u0105 dla nowoczesnych minimalist\u00f3w i os\u00f3b prowadz\u0105cych aktywny tryb \u017cycia. Dzi\u0119ki laboratoryjnie wyhodowanemu diamentowi o szlifie szmaragdowym \u0142\u0105czy w sobie ponadczasow\u0105 elegancj\u0119 z praktyczno\u015bci\u0105 na co dzie\u0144.<\/p>","protected":false},"featured_media":2926,"template":"","meta":{"_acf_changed":false},"product_brand":[],"product_cat":[24,23,52],"product_tag":[183,189,190,182,48,184,192,191,185],"class_list":{"0":"post-5598","1":"product","2":"type-product","3":"status-publish","4":"has-post-thumbnail","6":"product_cat-engagement-rings","7":"product_cat-love-engagement","8":"product_cat-rings","9":"product_tag-diamond-ring","10":"product_tag-emerald","11":"product_tag-emerald-diamond","12":"product_tag-engagement","13":"product_tag-engagement-ring","14":"product_tag-lab-grown-diamond","15":"product_tag-ring","16":"product_tag-solitaire","17":"product_tag-vvs1","18":"pa_metal-rose-gold","19":"pa_metal-white-gold","20":"pa_metal-yellow-gold","22":"first","23":"instock","24":"featured","25":"taxable","26":"shipping-taxable","27":"purchasable","28":"product-type-variable"},"acf":[],"jetpack_sharing_enabled":true,"_links":{"self":[{"href":"https:\/\/lumierediamonds.eu\/pl\/wp-json\/wp\/v2\/product\/5598","targetHints":{"allow":["GET"]}}],"collection":[{"href":"https:\/\/lumierediamonds.eu\/pl\/wp-json\/wp\/v2\/product"}],"about":[{"href":"https:\/\/lumierediamonds.eu\/pl\/wp-json\/wp\/v2\/types\/product"}],"version-history":[{"count":13,"href":"https:\/\/lumierediamonds.eu\/pl\/wp-json\/wp\/v2\/product\/5598\/revisions"}],"predecessor-version":[{"id":5740,"href":"https:\/\/lumierediamonds.eu\/pl\/wp-json\/wp\/v2\/product\/5598\/revisions\/5740"}],"wp:featuredmedia":[{"embeddable":true,"href":"https:\/\/lumierediamonds.eu\/pl\/wp-json\/wp\/v2\/media\/2926"}],"wp:attachment":[{"href":"https:\/\/lumierediamonds.eu\/pl\/wp-json\/wp\/v2\/media?parent=5598"}],"wp:term":[{"taxonomy":"product_brand","embeddable":true,"href":"https:\/\/lumierediamonds.eu\/pl\/wp-json\/wp\/v2\/product_brand?post=5598"},{"taxonomy":"product_cat","embeddable":true,"href":"https:\/\/lumierediamonds.eu\/pl\/wp-json\/wp\/v2\/product_cat?post=5598"},{"taxonomy":"product_tag","embeddable":true,"href":"https:\/\/lumierediamonds.eu\/pl\/wp-json\/wp\/v2\/product_tag?post=5598"}],"curies":[{"name":"wp","href":"https:\/\/api.w.org\/{rel}","templated":true}]}}