{"id":5863,"date":"2024-11-29T20:08:11","date_gmt":"2024-11-29T19:08:11","guid":{"rendered":"https:\/\/lumierediamonds.eu\/?post_type=product&#038;p=5863"},"modified":"2025-12-04T19:51:20","modified_gmt":"2025-12-04T18:51:20","slug":"pierscionek-zareczynowy-luminara","status":"publish","type":"product","link":"https:\/\/lumierediamonds.eu\/pl\/produkt\/pierscionek-zareczynowy-luminara\/","title":{"rendered":"Pier\u015bcionek zar\u0119czynowy Luminara"},"content":{"rendered":"<p class=\"p1\">Pier\u015bcionek Luminara Solitaire Ring emanuje czystym wyrafinowaniem dzi\u0119ki zapieraj\u0105cemu dech w piersiach okr\u0105g\u0142emu diamentowi wyhodowanemu w laboratorium, osadzonemu w eleganckiej sze\u015bcioramiennej oprawie. Wykonana z 18-karatowego \u017c\u00f3\u0142tego, bia\u0142ego lub r\u00f3\u017cowego z\u0142ota, polerowana obr\u0105czka podkre\u015bla blask diamentu, tworz\u0105c ponadczasowy wz\u00f3r, kt\u00f3ry celebruje mi\u0142o\u015b\u0107 w jej najja\u015bniejszej postaci.<\/p>","protected":false},"excerpt":{"rendered":"<p class=\"p1\">Pier\u015bcionek Luminara Solitaire Ring emanuje czystym wyrafinowaniem dzi\u0119ki zapieraj\u0105cemu dech w piersiach okr\u0105g\u0142emu diamentowi wyhodowanemu w laboratorium, osadzonemu w eleganckiej sze\u015bcioramiennej oprawie. Wykonana z 18-karatowego \u017c\u00f3\u0142tego, bia\u0142ego lub r\u00f3\u017cowego z\u0142ota, polerowana obr\u0105czka podkre\u015bla blask diamentu, tworz\u0105c ponadczasowy wz\u00f3r, kt\u00f3ry celebruje mi\u0142o\u015b\u0107 w jej najja\u015bniejszej postaci.<\/p>","protected":false},"featured_media":5891,"template":"","meta":{"_acf_changed":false},"product_brand":[],"product_cat":[24,23,52],"product_tag":[183,182,48,184,192,191,185],"class_list":{"0":"post-5863","1":"product","2":"type-product","3":"status-publish","4":"has-post-thumbnail","6":"product_cat-engagement-rings","7":"product_cat-love-engagement","8":"product_cat-rings","9":"product_tag-diamond-ring","10":"product_tag-engagement","11":"product_tag-engagement-ring","12":"product_tag-lab-grown-diamond","13":"product_tag-ring","14":"product_tag-solitaire","15":"product_tag-vvs1","16":"pa_metal-rose-gold","17":"pa_metal-white-gold","18":"pa_metal-yellow-gold","20":"first","21":"instock","22":"taxable","23":"shipping-taxable","24":"purchasable","25":"product-type-variable"},"acf":[],"jetpack_sharing_enabled":true,"_links":{"self":[{"href":"https:\/\/lumierediamonds.eu\/pl\/wp-json\/wp\/v2\/product\/5863","targetHints":{"allow":["GET"]}}],"collection":[{"href":"https:\/\/lumierediamonds.eu\/pl\/wp-json\/wp\/v2\/product"}],"about":[{"href":"https:\/\/lumierediamonds.eu\/pl\/wp-json\/wp\/v2\/types\/product"}],"version-history":[{"count":3,"href":"https:\/\/lumierediamonds.eu\/pl\/wp-json\/wp\/v2\/product\/5863\/revisions"}],"predecessor-version":[{"id":7877,"href":"https:\/\/lumierediamonds.eu\/pl\/wp-json\/wp\/v2\/product\/5863\/revisions\/7877"}],"wp:featuredmedia":[{"embeddable":true,"href":"https:\/\/lumierediamonds.eu\/pl\/wp-json\/wp\/v2\/media\/5891"}],"wp:attachment":[{"href":"https:\/\/lumierediamonds.eu\/pl\/wp-json\/wp\/v2\/media?parent=5863"}],"wp:term":[{"taxonomy":"product_brand","embeddable":true,"href":"https:\/\/lumierediamonds.eu\/pl\/wp-json\/wp\/v2\/product_brand?post=5863"},{"taxonomy":"product_cat","embeddable":true,"href":"https:\/\/lumierediamonds.eu\/pl\/wp-json\/wp\/v2\/product_cat?post=5863"},{"taxonomy":"product_tag","embeddable":true,"href":"https:\/\/lumierediamonds.eu\/pl\/wp-json\/wp\/v2\/product_tag?post=5863"}],"curies":[{"name":"wp","href":"https:\/\/api.w.org\/{rel}","templated":true}]}}