{"id":6149,"date":"2024-11-30T16:28:53","date_gmt":"2024-11-30T15:28:53","guid":{"rendered":"https:\/\/lumierediamonds.eu\/?post_type=product&#038;p=6149"},"modified":"2025-11-17T13:56:25","modified_gmt":"2025-11-17T12:56:25","slug":"kolczyki-z-brylantami-o-szlifie-szmaragdowym-eterna","status":"publish","type":"product","link":"https:\/\/lumierediamonds.eu\/pl\/produkt\/kolczyki-z-brylantami-o-szlifie-szmaragdowym-eterna\/","title":{"rendered":"Kolczyki z brylantami o szlifie szmaragdowym Eterna"},"content":{"rendered":"<p data-start=\"187\" data-end=\"353\">Elegancki i trwa\u0142y, <strong data-start=\"211\" data-end=\"255\">Kolczyki z brylantami o szlifie szmaragdowym Eterna<\/strong> podkre\u015blaj\u0105 eleganck\u0105 geometri\u0119 diament\u00f3w o szlifie szmaragdowym, wyhodowanych w laboratorium, w klasycznej oprawie z czterema ramionami.<\/p>\n<p data-start=\"355\" data-end=\"641\" data-is-last-node=\"\" data-is-only-node=\"\">Wykonane z 18-karatowego \u017c\u00f3\u0142tego lub bia\u0142ego z\u0142ota, stanowi\u0105 nowoczesn\u0105 wersj\u0119 ponadczasowego klasyka. Wybierz kamie\u0144 o masie od 0,3 do 6 karat\u00f3w \u2014 niezale\u017cnie od tego, czy poci\u0105ga Ci\u0119 subtelny blask, czy odwa\u017cny akcent, te kolczyki zapewni\u0105 Ci elegancj\u0119 na ka\u017cd\u0105 okazj\u0119.<\/p>","protected":false},"excerpt":{"rendered":"<p data-start=\"187\" data-end=\"353\">Elegancki i trwa\u0142y, <strong data-start=\"211\" data-end=\"255\">Kolczyki z brylantami o szlifie szmaragdowym Eterna<\/strong> podkre\u015blaj\u0105 eleganck\u0105 geometri\u0119 diament\u00f3w o szlifie szmaragdowym, wyhodowanych w laboratorium, w klasycznej oprawie z czterema ramionami.<\/p>\n<p data-start=\"355\" data-end=\"641\" data-is-last-node=\"\" data-is-only-node=\"\">Wykonane z 18-karatowego \u017c\u00f3\u0142tego lub bia\u0142ego z\u0142ota, stanowi\u0105 nowoczesn\u0105 wersj\u0119 ponadczasowego klasyka. Wybierz kamie\u0144 o masie od 0,3 do 6 karat\u00f3w \u2014 niezale\u017cnie od tego, czy poci\u0105ga Ci\u0119 subtelny blask, czy odwa\u017cny akcent, te kolczyki zapewni\u0105 Ci elegancj\u0119 na ka\u017cd\u0105 okazj\u0119.<\/p>","protected":false},"featured_media":6221,"template":"","meta":{"_acf_changed":false},"product_brand":[],"product_cat":[54,760],"product_tag":[201,205,202,189,209,190,208,184,203,204,185],"class_list":{"0":"post-6149","1":"product","2":"type-product","3":"status-publish","4":"has-post-thumbnail","6":"product_cat-earrings","7":"product_cat-stud-earrings","8":"product_tag-diamond-earrings","9":"product_tag-diamond-studs","10":"product_tag-earrings","11":"product_tag-emerald","12":"product_tag-emerald-cut-earrings","13":"product_tag-emerald-diamond","14":"product_tag-emerald-earrings","15":"product_tag-lab-grown-diamond","16":"product_tag-stud-earrings","17":"product_tag-studs","18":"product_tag-vvs1","19":"pa_metal-white-gold","20":"pa_metal-yellow-gold","22":"first","23":"instock","24":"taxable","25":"shipping-taxable","26":"purchasable","27":"product-type-variable"},"acf":[],"jetpack_sharing_enabled":true,"_links":{"self":[{"href":"https:\/\/lumierediamonds.eu\/pl\/wp-json\/wp\/v2\/product\/6149","targetHints":{"allow":["GET"]}}],"collection":[{"href":"https:\/\/lumierediamonds.eu\/pl\/wp-json\/wp\/v2\/product"}],"about":[{"href":"https:\/\/lumierediamonds.eu\/pl\/wp-json\/wp\/v2\/types\/product"}],"version-history":[{"count":7,"href":"https:\/\/lumierediamonds.eu\/pl\/wp-json\/wp\/v2\/product\/6149\/revisions"}],"predecessor-version":[{"id":11479,"href":"https:\/\/lumierediamonds.eu\/pl\/wp-json\/wp\/v2\/product\/6149\/revisions\/11479"}],"wp:featuredmedia":[{"embeddable":true,"href":"https:\/\/lumierediamonds.eu\/pl\/wp-json\/wp\/v2\/media\/6221"}],"wp:attachment":[{"href":"https:\/\/lumierediamonds.eu\/pl\/wp-json\/wp\/v2\/media?parent=6149"}],"wp:term":[{"taxonomy":"product_brand","embeddable":true,"href":"https:\/\/lumierediamonds.eu\/pl\/wp-json\/wp\/v2\/product_brand?post=6149"},{"taxonomy":"product_cat","embeddable":true,"href":"https:\/\/lumierediamonds.eu\/pl\/wp-json\/wp\/v2\/product_cat?post=6149"},{"taxonomy":"product_tag","embeddable":true,"href":"https:\/\/lumierediamonds.eu\/pl\/wp-json\/wp\/v2\/product_tag?post=6149"}],"curies":[{"name":"wp","href":"https:\/\/api.w.org\/{rel}","templated":true}]}}