{"id":6260,"date":"2024-11-30T16:45:16","date_gmt":"2024-11-30T15:45:16","guid":{"rendered":"https:\/\/lumierediamonds.eu\/?post_type=product&#038;p=6260"},"modified":"2025-11-17T13:56:26","modified_gmt":"2025-11-17T12:56:26","slug":"kolczyki-z-brylantami-o-szlifie-owalnym-eterna","status":"publish","type":"product","link":"https:\/\/lumierediamonds.eu\/pl\/produkt\/kolczyki-z-brylantami-o-szlifie-owalnym-eterna\/","title":{"rendered":"Kolczyki z brylantami o szlifie owalnym Eterna"},"content":{"rendered":"<p data-start=\"179\" data-end=\"450\">Elegancka i trwa\u0142a, <strong data-start=\"205\" data-end=\"246\">Kolczyki z brylantami o szlifie owalnym Eterna<\/strong> nadaj\u0105 wyrafinowany charakter ukochanemu klasykowi. Ka\u017cdy sztyft posiada owalny diament wyhodowany w laboratorium, osadzony w ponadczasowej czteropunktowej oprawie, kt\u00f3ra podkre\u015bla wdzi\u0119czn\u0105 sylwetk\u0119 kamienia i jego naturalny blask.<\/p>\n<p data-start=\"452\" data-end=\"683\" data-is-last-node=\"\" data-is-only-node=\"\">Wykonane z 18-karatowego \u017c\u00f3\u0142tego z\u0142ota, dost\u0119pne s\u0105 w rozmiarach certyfikowanych przez IGI od 0,3 ct do 3 ct \u2014 niezale\u017cnie od tego, czy preferujesz subtelny akcent, czy bardziej wyrazisty dodatek, ta niezb\u0119dna para oferuje wszechstronn\u0105 elegancj\u0119 na ka\u017cd\u0105 okazj\u0119.<\/p>","protected":false},"excerpt":{"rendered":"<p data-start=\"179\" data-end=\"450\">Elegancka i trwa\u0142a, <strong data-start=\"205\" data-end=\"246\">Kolczyki z brylantami o szlifie owalnym Eterna<\/strong> nadaj\u0105 wyrafinowany charakter ukochanemu klasykowi. Ka\u017cdy sztyft posiada owalny diament wyhodowany w laboratorium, osadzony w ponadczasowej czteropunktowej oprawie, kt\u00f3ra podkre\u015bla wdzi\u0119czn\u0105 sylwetk\u0119 kamienia i jego naturalny blask.<\/p>\n<p data-start=\"452\" data-end=\"683\" data-is-last-node=\"\" data-is-only-node=\"\">Wykonane z 18-karatowego \u017c\u00f3\u0142tego z\u0142ota, dost\u0119pne s\u0105 w rozmiarach certyfikowanych przez IGI od 0,3 ct do 3 ct \u2014 niezale\u017cnie od tego, czy preferujesz subtelny akcent, czy bardziej wyrazisty dodatek, ta niezb\u0119dna para oferuje wszechstronn\u0105 elegancj\u0119 na ka\u017cd\u0105 okazj\u0119.<\/p>","protected":false},"featured_media":6310,"template":"","meta":{"_acf_changed":false},"product_brand":[],"product_cat":[54,760],"product_tag":[201,205,202,184,210,212,211,203,204,185],"class_list":{"0":"post-6260","1":"product","2":"type-product","3":"status-publish","4":"has-post-thumbnail","6":"product_cat-earrings","7":"product_cat-stud-earrings","8":"product_tag-diamond-earrings","9":"product_tag-diamond-studs","10":"product_tag-earrings","11":"product_tag-lab-grown-diamond","12":"product_tag-oval-cut","13":"product_tag-oval-diamond","14":"product_tag-oval-earrings","15":"product_tag-stud-earrings","16":"product_tag-studs","17":"product_tag-vvs1","18":"pa_metal-yellow-gold","20":"first","21":"instock","22":"taxable","23":"shipping-taxable","24":"purchasable","25":"product-type-variable"},"acf":[],"jetpack_sharing_enabled":true,"_links":{"self":[{"href":"https:\/\/lumierediamonds.eu\/pl\/wp-json\/wp\/v2\/product\/6260","targetHints":{"allow":["GET"]}}],"collection":[{"href":"https:\/\/lumierediamonds.eu\/pl\/wp-json\/wp\/v2\/product"}],"about":[{"href":"https:\/\/lumierediamonds.eu\/pl\/wp-json\/wp\/v2\/types\/product"}],"version-history":[{"count":9,"href":"https:\/\/lumierediamonds.eu\/pl\/wp-json\/wp\/v2\/product\/6260\/revisions"}],"predecessor-version":[{"id":11482,"href":"https:\/\/lumierediamonds.eu\/pl\/wp-json\/wp\/v2\/product\/6260\/revisions\/11482"}],"wp:featuredmedia":[{"embeddable":true,"href":"https:\/\/lumierediamonds.eu\/pl\/wp-json\/wp\/v2\/media\/6310"}],"wp:attachment":[{"href":"https:\/\/lumierediamonds.eu\/pl\/wp-json\/wp\/v2\/media?parent=6260"}],"wp:term":[{"taxonomy":"product_brand","embeddable":true,"href":"https:\/\/lumierediamonds.eu\/pl\/wp-json\/wp\/v2\/product_brand?post=6260"},{"taxonomy":"product_cat","embeddable":true,"href":"https:\/\/lumierediamonds.eu\/pl\/wp-json\/wp\/v2\/product_cat?post=6260"},{"taxonomy":"product_tag","embeddable":true,"href":"https:\/\/lumierediamonds.eu\/pl\/wp-json\/wp\/v2\/product_tag?post=6260"}],"curies":[{"name":"wp","href":"https:\/\/api.w.org\/{rel}","templated":true}]}}