{"id":6321,"date":"2024-11-30T18:45:39","date_gmt":"2024-11-30T17:45:39","guid":{"rendered":"https:\/\/lumierediamonds.eu\/?post_type=product&#038;p=6321"},"modified":"2025-11-17T14:04:40","modified_gmt":"2025-11-17T13:04:40","slug":"kolczyki-z-brylantami-o-szlifie-gruszkowym-eterna","status":"publish","type":"product","link":"https:\/\/lumierediamonds.eu\/pl\/produkt\/kolczyki-z-brylantami-o-szlifie-gruszkowym-eterna\/","title":{"rendered":"Kolczyki z brylantami o szlifie gruszkowym Eterna"},"content":{"rendered":"<p data-start=\"193\" data-end=\"429\">The<strong data-start=\"193\" data-end=\"238\"> Kolczyki z brylantami o szlifie gruszkowym Eterna<\/strong> oferuj\u0105 eleganckie podej\u015bcie do ponadczasowej sylwetki. Dzi\u0119ki diamentom o szlifie gruszkowym, wyhodowanym w laboratorium i osadzonym w bezpiecznej, tr\u00f3jramiennej oprawie, nadaj\u0105 one wyrafinowany charakter zar\u00f3wno codziennym stylizacjom, jak i strojom na specjalne okazje.<\/p>\n<p data-start=\"431\" data-end=\"624\">Wykonane z 18-karatowego \u017c\u00f3\u0142tego lub bia\u0142ego z\u0142ota i dost\u0119pne w rozmiarach od 0,3 do 4 karat\u00f3w, te kolczyki s\u0105 eleganckim dodatkiem o delikatnie zw\u0119\u017caj\u0105cym si\u0119 kszta\u0142cie, kt\u00f3ry subtelnie podkre\u015bla ka\u017cd\u0105 stylizacj\u0119.<\/p>","protected":false},"excerpt":{"rendered":"<p data-start=\"193\" data-end=\"429\">The<strong data-start=\"193\" data-end=\"238\"> Kolczyki z brylantami o szlifie gruszkowym Eterna<\/strong> oferuj\u0105 eleganckie podej\u015bcie do ponadczasowej sylwetki. Dzi\u0119ki diamentom o szlifie gruszkowym, wyhodowanym w laboratorium i osadzonym w bezpiecznej, tr\u00f3jramiennej oprawie, nadaj\u0105 one wyrafinowany charakter zar\u00f3wno codziennym stylizacjom, jak i strojom na specjalne okazje.<\/p>\n<p data-start=\"431\" data-end=\"624\">Wykonane z 18-karatowego \u017c\u00f3\u0142tego lub bia\u0142ego z\u0142ota i dost\u0119pne w rozmiarach od 0,3 do 4 karat\u00f3w, te kolczyki s\u0105 eleganckim dodatkiem o delikatnie zw\u0119\u017caj\u0105cym si\u0119 kszta\u0142cie, kt\u00f3ry subtelnie podkre\u015bla ka\u017cd\u0105 stylizacj\u0119.<\/p>","protected":false},"featured_media":6398,"template":"","meta":{"_acf_changed":false},"product_brand":[],"product_cat":[54,760],"product_tag":[201,205,202,184,214,215,216,213,203,204,185],"class_list":{"0":"post-6321","1":"product","2":"type-product","3":"status-publish","4":"has-post-thumbnail","6":"product_cat-earrings","7":"product_cat-stud-earrings","8":"product_tag-diamond-earrings","9":"product_tag-diamond-studs","10":"product_tag-earrings","11":"product_tag-lab-grown-diamond","12":"product_tag-pear","13":"product_tag-pear-cut","14":"product_tag-pear-diamond","15":"product_tag-pear-shaped","16":"product_tag-stud-earrings","17":"product_tag-studs","18":"product_tag-vvs1","19":"pa_metal-white-gold","20":"pa_metal-yellow-gold","22":"first","23":"instock","24":"taxable","25":"shipping-taxable","26":"purchasable","27":"product-type-variable"},"acf":[],"jetpack_sharing_enabled":true,"_links":{"self":[{"href":"https:\/\/lumierediamonds.eu\/pl\/wp-json\/wp\/v2\/product\/6321","targetHints":{"allow":["GET"]}}],"collection":[{"href":"https:\/\/lumierediamonds.eu\/pl\/wp-json\/wp\/v2\/product"}],"about":[{"href":"https:\/\/lumierediamonds.eu\/pl\/wp-json\/wp\/v2\/types\/product"}],"version-history":[{"count":8,"href":"https:\/\/lumierediamonds.eu\/pl\/wp-json\/wp\/v2\/product\/6321\/revisions"}],"predecessor-version":[{"id":11483,"href":"https:\/\/lumierediamonds.eu\/pl\/wp-json\/wp\/v2\/product\/6321\/revisions\/11483"}],"wp:featuredmedia":[{"embeddable":true,"href":"https:\/\/lumierediamonds.eu\/pl\/wp-json\/wp\/v2\/media\/6398"}],"wp:attachment":[{"href":"https:\/\/lumierediamonds.eu\/pl\/wp-json\/wp\/v2\/media?parent=6321"}],"wp:term":[{"taxonomy":"product_brand","embeddable":true,"href":"https:\/\/lumierediamonds.eu\/pl\/wp-json\/wp\/v2\/product_brand?post=6321"},{"taxonomy":"product_cat","embeddable":true,"href":"https:\/\/lumierediamonds.eu\/pl\/wp-json\/wp\/v2\/product_cat?post=6321"},{"taxonomy":"product_tag","embeddable":true,"href":"https:\/\/lumierediamonds.eu\/pl\/wp-json\/wp\/v2\/product_tag?post=6321"}],"curies":[{"name":"wp","href":"https:\/\/api.w.org\/{rel}","templated":true}]}}