{"id":6579,"date":"2024-12-03T12:54:50","date_gmt":"2024-12-03T11:54:50","guid":{"rendered":"https:\/\/lumierediamonds.eu\/?post_type=product&#038;p=6579"},"modified":"2025-10-24T13:03:46","modified_gmt":"2025-10-24T11:03:46","slug":"kolczyki-z-diamentami-w-oprawie-pave","status":"publish","type":"product","link":"https:\/\/lumierediamonds.eu\/pl\/produkt\/kolczyki-z-diamentami-w-oprawie-pave\/","title":{"rendered":"Kolczyki Opera Diamond Pav\u00e9"},"content":{"rendered":"<p data-start=\"178\" data-end=\"307\">Odwa\u017cny, a jednocze\u015bnie pe\u0142en wdzi\u0119ku, model <strong>Kolczyki Opera<\/strong> s\u0105 zaprojektowane tak, aby si\u0119 wyr\u00f3\u017cnia\u0107 \u2014 idealne na bardziej eleganckie okazje lub jako dodatek do codziennych stylizacji.<\/p>\n<p data-start=\"309\" data-end=\"488\">Dwa owalne ogniwa \u2013 jedno z eleganckiego 18-karatowego \u017c\u00f3\u0142tego z\u0142ota, drugie wysadzane 1,25 karatem diament\u00f3w wyhodowanych w laboratorium \u2013 tworz\u0105 rze\u017abion\u0105 sylwetk\u0119, kt\u00f3ra przy ka\u017cdym ruchu odbija \u015bwiat\u0142o.<\/p>\n<p data-start=\"490\" data-end=\"537\">Bez wysi\u0142ku wyrafinowany, z nowoczesnym akcentem.<\/p>","protected":false},"excerpt":{"rendered":"<p data-start=\"178\" data-end=\"307\">Odwa\u017cny, a jednocze\u015bnie pe\u0142en wdzi\u0119ku, model <strong>Kolczyki Opera<\/strong> s\u0105 zaprojektowane tak, aby si\u0119 wyr\u00f3\u017cnia\u0107 \u2014 idealne na bardziej eleganckie okazje lub jako dodatek do codziennych stylizacji.<\/p>\n<p data-start=\"309\" data-end=\"488\">Dwa owalne ogniwa \u2013 jedno z eleganckiego 18-karatowego \u017c\u00f3\u0142tego z\u0142ota, drugie wysadzane 1,25 karatem diament\u00f3w wyhodowanych w laboratorium \u2013 tworz\u0105 rze\u017abion\u0105 sylwetk\u0119, kt\u00f3ra przy ka\u017cdym ruchu odbija \u015bwiat\u0142o.<\/p>\n<p data-start=\"490\" data-end=\"537\">Bez wysi\u0142ku wyrafinowany, z nowoczesnym akcentem.<\/p>","protected":false},"featured_media":6582,"template":"","meta":{"_acf_changed":false},"product_brand":[],"product_cat":[761,54],"product_tag":[222,201,228,202,184,229,185],"class_list":{"0":"post-6579","1":"product","2":"type-product","3":"status-publish","4":"has-post-thumbnail","6":"product_cat-drop-earrings","7":"product_cat-earrings","8":"product_tag-dangle-earrings","9":"product_tag-diamond-earrings","10":"product_tag-drop-earrings","11":"product_tag-earrings","12":"product_tag-lab-grown-diamond","13":"product_tag-pave-earrings","14":"product_tag-vvs1","15":"pa_metal-yellow-gold","17":"first","18":"instock","19":"taxable","20":"shipping-taxable","21":"purchasable","22":"product-type-simple"},"acf":[],"jetpack_sharing_enabled":true,"_links":{"self":[{"href":"https:\/\/lumierediamonds.eu\/pl\/wp-json\/wp\/v2\/product\/6579","targetHints":{"allow":["GET"]}}],"collection":[{"href":"https:\/\/lumierediamonds.eu\/pl\/wp-json\/wp\/v2\/product"}],"about":[{"href":"https:\/\/lumierediamonds.eu\/pl\/wp-json\/wp\/v2\/types\/product"}],"version-history":[{"count":6,"href":"https:\/\/lumierediamonds.eu\/pl\/wp-json\/wp\/v2\/product\/6579\/revisions"}],"predecessor-version":[{"id":11490,"href":"https:\/\/lumierediamonds.eu\/pl\/wp-json\/wp\/v2\/product\/6579\/revisions\/11490"}],"wp:featuredmedia":[{"embeddable":true,"href":"https:\/\/lumierediamonds.eu\/pl\/wp-json\/wp\/v2\/media\/6582"}],"wp:attachment":[{"href":"https:\/\/lumierediamonds.eu\/pl\/wp-json\/wp\/v2\/media?parent=6579"}],"wp:term":[{"taxonomy":"product_brand","embeddable":true,"href":"https:\/\/lumierediamonds.eu\/pl\/wp-json\/wp\/v2\/product_brand?post=6579"},{"taxonomy":"product_cat","embeddable":true,"href":"https:\/\/lumierediamonds.eu\/pl\/wp-json\/wp\/v2\/product_cat?post=6579"},{"taxonomy":"product_tag","embeddable":true,"href":"https:\/\/lumierediamonds.eu\/pl\/wp-json\/wp\/v2\/product_tag?post=6579"}],"curies":[{"name":"wp","href":"https:\/\/api.w.org\/{rel}","templated":true}]}}