{"id":6587,"date":"2024-12-03T13:00:26","date_gmt":"2024-12-03T12:00:26","guid":{"rendered":"https:\/\/lumierediamonds.eu\/?post_type=product&#038;p=6587"},"modified":"2025-10-23T10:30:44","modified_gmt":"2025-10-23T08:30:44","slug":"kolczyki-z-brylantami-lasai","status":"publish","type":"product","link":"https:\/\/lumierediamonds.eu\/pl\/produkt\/kolczyki-z-brylantami-lasai\/","title":{"rendered":"Kolczyki z brylantami Lasai"},"content":{"rendered":"<p data-start=\"116\" data-end=\"265\">Elegancki, a jednocze\u015bnie prosty, <strong>Kolczyki Lasai<\/strong> nadaj\u0105 eleganckie wyko\u0144czenie codziennym stylizacjom i pi\u0119knie b\u0142yszcz\u0105 podczas wieczornych wyj\u015b\u0107.<\/p>\n<p data-start=\"267\" data-end=\"432\">Dwa zaz\u0119biaj\u0105ce si\u0119 ko\u0142a \u2013 jedno wysadzane diamentami o \u0142\u0105cznej masie 0,25 karata, wyhodowanymi w laboratorium, drugie wypolerowane z 18-karatowego z\u0142ota \u2013 tworz\u0105 zr\u00f3wnowa\u017cony kontrast mi\u0119dzy blaskiem a prostot\u0105.<\/p>\n<p data-start=\"434\" data-end=\"476\">Ponadczasowa para o czystym, nowoczesnym wygl\u0105dzie.<\/p>","protected":false},"excerpt":{"rendered":"<p data-start=\"116\" data-end=\"265\">Elegancki, a jednocze\u015bnie prosty, <strong>Kolczyki Lasai<\/strong> nadaj\u0105 eleganckie wyko\u0144czenie codziennym stylizacjom i pi\u0119knie b\u0142yszcz\u0105 podczas wieczornych wyj\u015b\u0107.<\/p>\n<p data-start=\"267\" data-end=\"432\">Dwa zaz\u0119biaj\u0105ce si\u0119 ko\u0142a \u2013 jedno wysadzane diamentami o \u0142\u0105cznej masie 0,25 karata, wyhodowanymi w laboratorium, drugie wypolerowane z 18-karatowego z\u0142ota \u2013 tworz\u0105 zr\u00f3wnowa\u017cony kontrast mi\u0119dzy blaskiem a prostot\u0105.<\/p>\n<p data-start=\"434\" data-end=\"476\">Ponadczasowa para o czystym, nowoczesnym wygl\u0105dzie.<\/p>","protected":false},"featured_media":6588,"template":"","meta":{"_acf_changed":false},"product_brand":[],"product_cat":[54,760],"product_tag":[201,202,184,229,230,185],"class_list":{"0":"post-6587","1":"product","2":"type-product","3":"status-publish","4":"has-post-thumbnail","6":"product_cat-earrings","7":"product_cat-stud-earrings","8":"product_tag-diamond-earrings","9":"product_tag-earrings","10":"product_tag-lab-grown-diamond","11":"product_tag-pave-earrings","12":"product_tag-round-earrings","13":"product_tag-vvs1","14":"pa_metal-yellow-gold","16":"first","17":"instock","18":"taxable","19":"shipping-taxable","20":"purchasable","21":"product-type-simple"},"acf":[],"jetpack_sharing_enabled":true,"_links":{"self":[{"href":"https:\/\/lumierediamonds.eu\/pl\/wp-json\/wp\/v2\/product\/6587","targetHints":{"allow":["GET"]}}],"collection":[{"href":"https:\/\/lumierediamonds.eu\/pl\/wp-json\/wp\/v2\/product"}],"about":[{"href":"https:\/\/lumierediamonds.eu\/pl\/wp-json\/wp\/v2\/types\/product"}],"version-history":[{"count":7,"href":"https:\/\/lumierediamonds.eu\/pl\/wp-json\/wp\/v2\/product\/6587\/revisions"}],"predecessor-version":[{"id":11485,"href":"https:\/\/lumierediamonds.eu\/pl\/wp-json\/wp\/v2\/product\/6587\/revisions\/11485"}],"wp:featuredmedia":[{"embeddable":true,"href":"https:\/\/lumierediamonds.eu\/pl\/wp-json\/wp\/v2\/media\/6588"}],"wp:attachment":[{"href":"https:\/\/lumierediamonds.eu\/pl\/wp-json\/wp\/v2\/media?parent=6587"}],"wp:term":[{"taxonomy":"product_brand","embeddable":true,"href":"https:\/\/lumierediamonds.eu\/pl\/wp-json\/wp\/v2\/product_brand?post=6587"},{"taxonomy":"product_cat","embeddable":true,"href":"https:\/\/lumierediamonds.eu\/pl\/wp-json\/wp\/v2\/product_cat?post=6587"},{"taxonomy":"product_tag","embeddable":true,"href":"https:\/\/lumierediamonds.eu\/pl\/wp-json\/wp\/v2\/product_tag?post=6587"}],"curies":[{"name":"wp","href":"https:\/\/api.w.org\/{rel}","templated":true}]}}