{"id":6593,"date":"2024-12-03T13:17:14","date_gmt":"2024-12-03T12:17:14","guid":{"rendered":"https:\/\/lumierediamonds.eu\/?post_type=product&#038;p=6593"},"modified":"2025-12-10T14:13:37","modified_gmt":"2025-12-10T13:13:37","slug":"bransoletka-serena-mini-z-klipsem-w-kolorze-zlotym","status":"publish","type":"product","link":"https:\/\/lumierediamonds.eu\/pl\/produkt\/bransoletka-serena-mini-z-klipsem-w-kolorze-zlotym\/","title":{"rendered":"Bransoletka Serena Mini Paperclip Gold"},"content":{"rendered":"<p class=\"p2\">Minimalistyczny, ale elegancki, <strong>Bransoletka Serena Mini Paperclip<\/strong> posiada polerowane ogniwa o grubo\u015bci 4 mm, wykonane z 18-karatowego \u017c\u00f3\u0142tego lub bia\u0142ego z\u0142ota, kt\u00f3re nadaj\u0105 mu czysty, nowoczesny wygl\u0105d z delikatnym metalicznym po\u0142yskiem.<\/p>\n<p class=\"p2\">Zaprojektowany z l\u017cejszym profilem i d\u0142ugo\u015bci\u0105 19 cm, idealnie nadaje si\u0119 do codziennego noszenia \u2014 zar\u00f3wno samodzielnie, aby uzyska\u0107 subtelny po\u0142ysk, jak i w po\u0142\u0105czeniu z innymi elementami, aby doda\u0107 tekstury i kontrastu. Wyrafinowany, niezb\u0119dny element garderoby, kt\u00f3ry \u0142\u0105czy w sobie prostot\u0119 z odpowiedni\u0105 dawk\u0105 charakteru.<\/p>","protected":false},"excerpt":{"rendered":"<p class=\"p2\">Minimalistyczny, ale elegancki, <strong>Bransoletka Serena Mini Paperclip<\/strong> posiada polerowane ogniwa o grubo\u015bci 4 mm, wykonane z 18-karatowego \u017c\u00f3\u0142tego lub bia\u0142ego z\u0142ota, kt\u00f3re nadaj\u0105 mu czysty, nowoczesny wygl\u0105d z delikatnym metalicznym po\u0142yskiem.<\/p>\n<p class=\"p2\">Zaprojektowany z l\u017cejszym profilem i d\u0142ugo\u015bci\u0105 19 cm, idealnie nadaje si\u0119 do codziennego noszenia \u2014 zar\u00f3wno samodzielnie, aby uzyska\u0107 subtelny po\u0142ysk, jak i w po\u0142\u0105czeniu z innymi elementami, aby doda\u0107 tekstury i kontrastu. Wyrafinowany, niezb\u0119dny element garderoby, kt\u00f3ry \u0142\u0105czy w sobie prostot\u0119 z odpowiedni\u0105 dawk\u0105 charakteru.<\/p>","protected":false},"featured_media":6602,"template":"","meta":{"_acf_changed":false},"product_brand":[],"product_cat":[55,852,752,1379],"product_tag":[231,233,232,234,235],"class_list":{"0":"post-6593","1":"product","2":"type-product","3":"status-publish","4":"has-post-thumbnail","6":"product_cat-bracelets","7":"product_cat-chain-bracelets","8":"product_cat-gold-essentials","9":"product_cat-paperclip-bracelets","10":"product_tag-bracelet","11":"product_tag-chain-bracelet","12":"product_tag-gold-bracelet","13":"product_tag-gold-chain-bracelet","14":"product_tag-paperclip-bracelet","15":"pa_metal-white-gold","16":"pa_metal-yellow-gold","18":"first","19":"instock","20":"featured","21":"taxable","22":"shipping-taxable","23":"purchasable","24":"product-type-variable"},"acf":[],"jetpack_sharing_enabled":true,"_links":{"self":[{"href":"https:\/\/lumierediamonds.eu\/pl\/wp-json\/wp\/v2\/product\/6593","targetHints":{"allow":["GET"]}}],"collection":[{"href":"https:\/\/lumierediamonds.eu\/pl\/wp-json\/wp\/v2\/product"}],"about":[{"href":"https:\/\/lumierediamonds.eu\/pl\/wp-json\/wp\/v2\/types\/product"}],"version-history":[{"count":8,"href":"https:\/\/lumierediamonds.eu\/pl\/wp-json\/wp\/v2\/product\/6593\/revisions"}],"predecessor-version":[{"id":11527,"href":"https:\/\/lumierediamonds.eu\/pl\/wp-json\/wp\/v2\/product\/6593\/revisions\/11527"}],"wp:featuredmedia":[{"embeddable":true,"href":"https:\/\/lumierediamonds.eu\/pl\/wp-json\/wp\/v2\/media\/6602"}],"wp:attachment":[{"href":"https:\/\/lumierediamonds.eu\/pl\/wp-json\/wp\/v2\/media?parent=6593"}],"wp:term":[{"taxonomy":"product_brand","embeddable":true,"href":"https:\/\/lumierediamonds.eu\/pl\/wp-json\/wp\/v2\/product_brand?post=6593"},{"taxonomy":"product_cat","embeddable":true,"href":"https:\/\/lumierediamonds.eu\/pl\/wp-json\/wp\/v2\/product_cat?post=6593"},{"taxonomy":"product_tag","embeddable":true,"href":"https:\/\/lumierediamonds.eu\/pl\/wp-json\/wp\/v2\/product_tag?post=6593"}],"curies":[{"name":"wp","href":"https:\/\/api.w.org\/{rel}","templated":true}]}}