{"id":6605,"date":"2024-12-03T13:24:19","date_gmt":"2024-12-03T12:24:19","guid":{"rendered":"https:\/\/lumierediamonds.eu\/?post_type=product&#038;p=6605"},"modified":"2025-12-10T14:13:17","modified_gmt":"2025-12-10T13:13:17","slug":"bransoletka-serena-z-klipsem-w-kolorze-zlotym","status":"publish","type":"product","link":"https:\/\/lumierediamonds.eu\/pl\/produkt\/bransoletka-serena-z-klipsem-w-kolorze-zlotym\/","title":{"rendered":"Z\u0142ota bransoletka Serena Paperclip"},"content":{"rendered":"<p class=\"p1\">\u0141atwy w u\u017cyciu i wszechstronny, <strong>Bransoletka Serena Paperclip<\/strong> oferuje czyst\u0105, nowoczesn\u0105 sylwetk\u0119 o ponadczasowym uroku. Wykonany z polerowanego 18-karatowego \u017c\u00f3\u0142tego z\u0142ota, jego wyd\u0142u\u017cone ogniwa o d\u0142ugo\u015bci 5,3 mm odbijaj\u0105 \u015bwiat\u0142o subtelnym ruchem, tworz\u0105c eleganck\u0105 lini\u0119 wok\u00f3\u0142 nadgarstka.<\/p>\n<p class=\"p1\">Noszona samodzielnie nadaje codziennym stylizacjom odrobin\u0119 swobodnej elegancji. W po\u0142\u0105czeniu z diamentami lub wyrazistymi fakturami z \u0142atwo\u015bci\u0105 podkre\u015bla stylizacj\u0119, dzi\u0119ki czemu Serena stanowi idealn\u0105 r\u00f3wnowag\u0119 mi\u0119dzy prostot\u0105 a wyrazisto\u015bci\u0105.<\/p>","protected":false},"excerpt":{"rendered":"<p class=\"p1\">\u0141atwy w u\u017cyciu i wszechstronny, <strong>Bransoletka Serena Paperclip<\/strong> oferuje czyst\u0105, nowoczesn\u0105 sylwetk\u0119 o ponadczasowym uroku. Wykonany z polerowanego 18-karatowego \u017c\u00f3\u0142tego z\u0142ota, jego wyd\u0142u\u017cone ogniwa o d\u0142ugo\u015bci 5,3 mm odbijaj\u0105 \u015bwiat\u0142o subtelnym ruchem, tworz\u0105c eleganck\u0105 lini\u0119 wok\u00f3\u0142 nadgarstka.<\/p>\n<p class=\"p1\">Noszona samodzielnie nadaje codziennym stylizacjom odrobin\u0119 swobodnej elegancji. W po\u0142\u0105czeniu z diamentami lub wyrazistymi fakturami z \u0142atwo\u015bci\u0105 podkre\u015bla stylizacj\u0119, dzi\u0119ki czemu Serena stanowi idealn\u0105 r\u00f3wnowag\u0119 mi\u0119dzy prostot\u0105 a wyrazisto\u015bci\u0105.<\/p>","protected":false},"featured_media":6612,"template":"","meta":{"_acf_changed":false},"product_brand":[],"product_cat":[55,852,752,1379],"product_tag":[231,233,232,234,235],"class_list":{"0":"post-6605","1":"product","2":"type-product","3":"status-publish","4":"has-post-thumbnail","6":"product_cat-bracelets","7":"product_cat-chain-bracelets","8":"product_cat-gold-essentials","9":"product_cat-paperclip-bracelets","10":"product_tag-bracelet","11":"product_tag-chain-bracelet","12":"product_tag-gold-bracelet","13":"product_tag-gold-chain-bracelet","14":"product_tag-paperclip-bracelet","15":"pa_metal-yellow-gold","17":"first","18":"instock","19":"taxable","20":"shipping-taxable","21":"purchasable","22":"product-type-simple"},"acf":[],"jetpack_sharing_enabled":true,"_links":{"self":[{"href":"https:\/\/lumierediamonds.eu\/pl\/wp-json\/wp\/v2\/product\/6605","targetHints":{"allow":["GET"]}}],"collection":[{"href":"https:\/\/lumierediamonds.eu\/pl\/wp-json\/wp\/v2\/product"}],"about":[{"href":"https:\/\/lumierediamonds.eu\/pl\/wp-json\/wp\/v2\/types\/product"}],"version-history":[{"count":7,"href":"https:\/\/lumierediamonds.eu\/pl\/wp-json\/wp\/v2\/product\/6605\/revisions"}],"predecessor-version":[{"id":11526,"href":"https:\/\/lumierediamonds.eu\/pl\/wp-json\/wp\/v2\/product\/6605\/revisions\/11526"}],"wp:featuredmedia":[{"embeddable":true,"href":"https:\/\/lumierediamonds.eu\/pl\/wp-json\/wp\/v2\/media\/6612"}],"wp:attachment":[{"href":"https:\/\/lumierediamonds.eu\/pl\/wp-json\/wp\/v2\/media?parent=6605"}],"wp:term":[{"taxonomy":"product_brand","embeddable":true,"href":"https:\/\/lumierediamonds.eu\/pl\/wp-json\/wp\/v2\/product_brand?post=6605"},{"taxonomy":"product_cat","embeddable":true,"href":"https:\/\/lumierediamonds.eu\/pl\/wp-json\/wp\/v2\/product_cat?post=6605"},{"taxonomy":"product_tag","embeddable":true,"href":"https:\/\/lumierediamonds.eu\/pl\/wp-json\/wp\/v2\/product_tag?post=6605"}],"curies":[{"name":"wp","href":"https:\/\/api.w.org\/{rel}","templated":true}]}}