{"id":6614,"date":"2024-12-03T18:23:22","date_gmt":"2024-12-03T17:23:22","guid":{"rendered":"https:\/\/lumierediamonds.eu\/?post_type=product&#038;p=6614"},"modified":"2025-10-26T13:00:33","modified_gmt":"2025-10-26T12:00:33","slug":"bransoletka-illume-z-klipsem-w-ksztalcie-spinacza-i-zlotymi-diamentami","status":"publish","type":"product","link":"https:\/\/lumierediamonds.eu\/pl\/produkt\/bransoletka-illume-z-klipsem-w-ksztalcie-spinacza-i-zlotymi-diamentami\/","title":{"rendered":"Bransoletka Illume Paperclip Gold Diamond"},"content":{"rendered":"<p class=\"p2\">Nowoczesna klasyka z niespodziank\u0105, <strong>Bransoletka Illume Paperclip<\/strong> \u0142\u0105czy w sobie czyste linie z\u0142otego \u0142a\u0144cuszka z blaskiem diament\u00f3w. Wykonany z 18-karatowego \u017c\u00f3\u0142tego z\u0142ota, posiada eleganckie ogniwa w kszta\u0142cie spinaczy biurowych \u2014 niekt\u00f3re pozostawiono w stanie surowym, a inne ozdobiono pav\u00e9 z diament\u00f3w wyhodowanych w laboratorium, aby nada\u0107 mu odpowiedni blask.<\/p>\n<p class=\"p2\">Ta bransoletka dodaje blasku, nie przyt\u0142aczaj\u0105c, dzi\u0119ki czemu idealnie nadaje si\u0119, gdy nie mo\u017cesz si\u0119 zdecydowa\u0107 mi\u0119dzy subtelnym z\u0142otem a wyrazistym po\u0142yskiem. Lekka i p\u0142ynna, wygodnie uk\u0142ada si\u0119 na nadgarstku i z \u0142atwo\u015bci\u0105 przechodzi od swobodnego stylu dziennego do wieczorowej elegancji.<\/p>\n<p class=\"p2\">Nieodzowny element garderoby, kt\u00f3ry sprawdzi si\u0119 na co dzie\u0144.<\/p>","protected":false},"excerpt":{"rendered":"<p class=\"p2\">Nowoczesna klasyka z niespodziank\u0105, <strong>Bransoletka Illume Paperclip<\/strong> \u0142\u0105czy w sobie czyste linie z\u0142otego \u0142a\u0144cuszka z blaskiem diament\u00f3w. Wykonany z 18-karatowego \u017c\u00f3\u0142tego z\u0142ota, posiada eleganckie ogniwa w kszta\u0142cie spinaczy biurowych \u2014 niekt\u00f3re pozostawiono w stanie surowym, a inne ozdobiono pav\u00e9 z diament\u00f3w wyhodowanych w laboratorium, aby nada\u0107 mu odpowiedni blask.<\/p>\n<p class=\"p2\">Ta bransoletka dodaje blasku, nie przyt\u0142aczaj\u0105c, dzi\u0119ki czemu idealnie nadaje si\u0119, gdy nie mo\u017cesz si\u0119 zdecydowa\u0107 mi\u0119dzy subtelnym z\u0142otem a wyrazistym po\u0142yskiem. Lekka i p\u0142ynna, wygodnie uk\u0142ada si\u0119 na nadgarstku i z \u0142atwo\u015bci\u0105 przechodzi od swobodnego stylu dziennego do wieczorowej elegancji.<\/p>\n<p class=\"p2\">Nieodzowny element garderoby, kt\u00f3ry sprawdzi si\u0119 na co dzie\u0144.<\/p>","protected":false},"featured_media":6615,"template":"","meta":{"_acf_changed":false},"product_brand":[],"product_cat":[55,852],"product_tag":[231,233,237,239,232,234,240,235,187,238],"class_list":{"0":"post-6614","1":"product","2":"type-product","3":"status-publish","4":"has-post-thumbnail","6":"product_cat-bracelets","7":"product_cat-chain-bracelets","8":"product_tag-bracelet","9":"product_tag-chain-bracelet","10":"product_tag-diamond-bracelet","11":"product_tag-diamond-pave-bracelet","12":"product_tag-gold-bracelet","13":"product_tag-gold-chain-bracelet","14":"product_tag-gold-pave-bracelet","15":"product_tag-paperclip-bracelet","16":"product_tag-pave","17":"product_tag-pave-bracelet","18":"pa_metal-yellow-gold","20":"first","21":"instock","22":"taxable","23":"shipping-taxable","24":"purchasable","25":"product-type-simple"},"acf":[],"jetpack_sharing_enabled":true,"_links":{"self":[{"href":"https:\/\/lumierediamonds.eu\/pl\/wp-json\/wp\/v2\/product\/6614","targetHints":{"allow":["GET"]}}],"collection":[{"href":"https:\/\/lumierediamonds.eu\/pl\/wp-json\/wp\/v2\/product"}],"about":[{"href":"https:\/\/lumierediamonds.eu\/pl\/wp-json\/wp\/v2\/types\/product"}],"version-history":[{"count":5,"href":"https:\/\/lumierediamonds.eu\/pl\/wp-json\/wp\/v2\/product\/6614\/revisions"}],"predecessor-version":[{"id":11513,"href":"https:\/\/lumierediamonds.eu\/pl\/wp-json\/wp\/v2\/product\/6614\/revisions\/11513"}],"wp:featuredmedia":[{"embeddable":true,"href":"https:\/\/lumierediamonds.eu\/pl\/wp-json\/wp\/v2\/media\/6615"}],"wp:attachment":[{"href":"https:\/\/lumierediamonds.eu\/pl\/wp-json\/wp\/v2\/media?parent=6614"}],"wp:term":[{"taxonomy":"product_brand","embeddable":true,"href":"https:\/\/lumierediamonds.eu\/pl\/wp-json\/wp\/v2\/product_brand?post=6614"},{"taxonomy":"product_cat","embeddable":true,"href":"https:\/\/lumierediamonds.eu\/pl\/wp-json\/wp\/v2\/product_cat?post=6614"},{"taxonomy":"product_tag","embeddable":true,"href":"https:\/\/lumierediamonds.eu\/pl\/wp-json\/wp\/v2\/product_tag?post=6614"}],"curies":[{"name":"wp","href":"https:\/\/api.w.org\/{rel}","templated":true}]}}