{"id":6621,"date":"2024-12-03T18:49:53","date_gmt":"2024-12-03T17:49:53","guid":{"rendered":"https:\/\/lumierediamonds.eu\/?post_type=product&#038;p=6621"},"modified":"2025-12-10T14:07:48","modified_gmt":"2025-12-10T13:07:48","slug":"bransoletka-tenisowa-celestia-z-diamentami-i-zlotem","status":"publish","type":"product","link":"https:\/\/lumierediamonds.eu\/pl\/produkt\/bransoletka-tenisowa-celestia-z-diamentami-i-zlotem\/","title":{"rendered":"Bransoletka tenisowa Celestia Gold Diamond"},"content":{"rendered":"<p class=\"p1\">Niezapomniana \u015bwietno\u015b\u0107 uj\u0119ta w klasycznej formie.<b><\/b><\/p>\n<p class=\"p3\">The<strong> Bransoletka tenisowa Celestia Diamond<\/strong> b\u0142yszczy 10 karatami r\u0119cznie osadzonych, wyhodowanych w laboratorium diament\u00f3w \u2014 ka\u017cdy z nich zosta\u0142 wybrany pod k\u0105tem maksymalnego blasku i symetrii. Osadzone w l\u015bni\u0105cym 18-karatowym bia\u0142ym z\u0142ocie kamienie tworz\u0105 jednolity rz\u0105d ognia i \u015bwiat\u0142a, kt\u00f3ry elegancko otacza nadgarstek.<\/p>\n<p class=\"p3\">Wyko\u0144czona bezpiecznym zapi\u0119ciem typu box, zapewniaj\u0105cym wygod\u0119 i komfort, bransoletka Celestia zosta\u0142a stworzona, aby b\u0142yszcze\u0107 podczas najbardziej pami\u0119tnych chwil w \u017cyciu \u2013 od wa\u017cnych wieczor\u00f3w po codzienn\u0105 elegancj\u0119. Ponadczasowa, promienna i znakomicie wykonana, ta bransoletka jest prawdziwym nowoczesnym luksusem.<\/p>","protected":false},"excerpt":{"rendered":"<p class=\"p1\">Niezapomniana \u015bwietno\u015b\u0107 uj\u0119ta w klasycznej formie.<b><\/b><\/p>\n<p class=\"p3\">The<strong> Bransoletka tenisowa Celestia Diamond<\/strong> b\u0142yszczy 10 karatami r\u0119cznie osadzonych, wyhodowanych w laboratorium diament\u00f3w \u2014 ka\u017cdy z nich zosta\u0142 wybrany pod k\u0105tem maksymalnego blasku i symetrii. Osadzone w l\u015bni\u0105cym 18-karatowym bia\u0142ym z\u0142ocie kamienie tworz\u0105 jednolity rz\u0105d ognia i \u015bwiat\u0142a, kt\u00f3ry elegancko otacza nadgarstek.<\/p>\n<p class=\"p3\">Wyko\u0144czona bezpiecznym zapi\u0119ciem typu box, zapewniaj\u0105cym wygod\u0119 i komfort, bransoletka Celestia zosta\u0142a stworzona, aby b\u0142yszcze\u0107 podczas najbardziej pami\u0119tnych chwil w \u017cyciu \u2013 od wa\u017cnych wieczor\u00f3w po codzienn\u0105 elegancj\u0119. Ponadczasowa, promienna i znakomicie wykonana, ta bransoletka jest prawdziwym nowoczesnym luksusem.<\/p>","protected":false},"featured_media":6622,"template":"","meta":{"_acf_changed":false},"product_brand":[],"product_cat":[55,1336],"product_tag":[231,237,245,242,244,243],"class_list":{"0":"post-6621","1":"product","2":"type-product","3":"status-publish","4":"has-post-thumbnail","6":"product_cat-bracelets","7":"product_cat-tennis-bracelets","8":"product_tag-bracelet","9":"product_tag-diamond-bracelet","10":"product_tag-diamond-tennis-bracelet","11":"product_tag-gold-diamond-bracelet","12":"product_tag-gold-tennis-bracelet","13":"product_tag-tennis-bracelet","14":"pa_metal-white-gold","16":"first","17":"instock","18":"taxable","19":"shipping-taxable","20":"purchasable","21":"product-type-simple"},"acf":[],"jetpack_sharing_enabled":true,"_links":{"self":[{"href":"https:\/\/lumierediamonds.eu\/pl\/wp-json\/wp\/v2\/product\/6621","targetHints":{"allow":["GET"]}}],"collection":[{"href":"https:\/\/lumierediamonds.eu\/pl\/wp-json\/wp\/v2\/product"}],"about":[{"href":"https:\/\/lumierediamonds.eu\/pl\/wp-json\/wp\/v2\/types\/product"}],"version-history":[{"count":3,"href":"https:\/\/lumierediamonds.eu\/pl\/wp-json\/wp\/v2\/product\/6621\/revisions"}],"predecessor-version":[{"id":10137,"href":"https:\/\/lumierediamonds.eu\/pl\/wp-json\/wp\/v2\/product\/6621\/revisions\/10137"}],"wp:featuredmedia":[{"embeddable":true,"href":"https:\/\/lumierediamonds.eu\/pl\/wp-json\/wp\/v2\/media\/6622"}],"wp:attachment":[{"href":"https:\/\/lumierediamonds.eu\/pl\/wp-json\/wp\/v2\/media?parent=6621"}],"wp:term":[{"taxonomy":"product_brand","embeddable":true,"href":"https:\/\/lumierediamonds.eu\/pl\/wp-json\/wp\/v2\/product_brand?post=6621"},{"taxonomy":"product_cat","embeddable":true,"href":"https:\/\/lumierediamonds.eu\/pl\/wp-json\/wp\/v2\/product_cat?post=6621"},{"taxonomy":"product_tag","embeddable":true,"href":"https:\/\/lumierediamonds.eu\/pl\/wp-json\/wp\/v2\/product_tag?post=6621"}],"curies":[{"name":"wp","href":"https:\/\/api.w.org\/{rel}","templated":true}]}}