{"id":6841,"date":"2024-12-27T02:58:38","date_gmt":"2024-12-27T01:58:38","guid":{"rendered":"https:\/\/lumierediamonds.eu\/?post_type=product&#038;p=6841"},"modified":"2025-08-18T16:06:47","modified_gmt":"2025-08-18T14:06:47","slug":"delikatna-obraczka-z-diamentami-w-stylu-polwiecznosci","status":"publish","type":"product","link":"https:\/\/lumierediamonds.eu\/pl\/produkt\/delikatna-obraczka-z-diamentami-w-stylu-polwiecznosci\/","title":{"rendered":"Drobna diamentowa obr\u0105czka typu half eternity"},"content":{"rendered":"<p class=\"p1\">Pe\u0142en wdzi\u0119ku i promienny, <strong>Drobna diamentowa obr\u0105czka typu half eternity<\/strong> jest symbolem ponadczasowej mi\u0142o\u015bci w delikatnej formie. Ka\u017cdy kamie\u0144 o masie 0,50 karata, wykonany w kszta\u0142cie okr\u0105g\u0142ego brylantu, zosta\u0142 starannie osadzony w wsp\u00f3lnej oprawie, aby zmaksymalizowa\u0107 blask i elegancj\u0119.<\/p>\n<p class=\"p1\">Wykonana z 18-karatowego \u017c\u00f3\u0142tego, bia\u0142ego lub r\u00f3\u017cowego z\u0142ota, ta elegancka obr\u0105czka idealnie nadaje si\u0119 do noszenia samodzielnie, w po\u0142\u0105czeniu z innymi pier\u015bcionkami lub jako obr\u0105czka \u015blubna lub rocznicowa. Jej smuk\u0142a, p\u00f3\u0142wieczna sylwetka dodaje jej odpowiedniego blasku, czyni\u0105c j\u0105 znacz\u0105cym elementem dla wsp\u00f3\u0142czesnych romantyk\u00f3w.<\/p>","protected":false},"excerpt":{"rendered":"<p class=\"p1\">Pe\u0142en wdzi\u0119ku i promienny, <strong>Drobna diamentowa obr\u0105czka typu half eternity<\/strong> jest symbolem ponadczasowej mi\u0142o\u015bci w delikatnej formie. Ka\u017cdy kamie\u0144 o masie 0,50 karata, wykonany w kszta\u0142cie okr\u0105g\u0142ego brylantu, zosta\u0142 starannie osadzony w wsp\u00f3lnej oprawie, aby zmaksymalizowa\u0107 blask i elegancj\u0119.<\/p>\n<p class=\"p1\">Wykonana z 18-karatowego \u017c\u00f3\u0142tego, bia\u0142ego lub r\u00f3\u017cowego z\u0142ota, ta elegancka obr\u0105czka idealnie nadaje si\u0119 do noszenia samodzielnie, w po\u0142\u0105czeniu z innymi pier\u015bcionkami lub jako obr\u0105czka \u015blubna lub rocznicowa. Jej smuk\u0142a, p\u00f3\u0142wieczna sylwetka dodaje jej odpowiedniego blasku, czyni\u0105c j\u0105 znacz\u0105cym elementem dla wsp\u00f3\u0142czesnych romantyk\u00f3w.<\/p>","protected":false},"featured_media":6843,"template":"","meta":{"_acf_changed":false},"product_brand":[],"product_cat":[251,52,57],"product_tag":[292,293,252,384,275,276],"class_list":{"0":"post-6841","1":"product","2":"type-product","3":"status-publish","4":"has-post-thumbnail","6":"product_cat-eternity-bands","7":"product_cat-rings","8":"product_cat-wedding-bands","9":"product_tag-diamond-wedding-band","10":"product_tag-diamond-wedding-ring","11":"product_tag-eternity-ring","12":"product_tag-gold-wedding-band","13":"product_tag-wedding-band","14":"product_tag-wedding-ring","15":"pa_metal-white-gold","17":"first","18":"instock","19":"taxable","20":"shipping-taxable","21":"purchasable","22":"product-type-variable"},"acf":[],"jetpack_sharing_enabled":true,"_links":{"self":[{"href":"https:\/\/lumierediamonds.eu\/pl\/wp-json\/wp\/v2\/product\/6841","targetHints":{"allow":["GET"]}}],"collection":[{"href":"https:\/\/lumierediamonds.eu\/pl\/wp-json\/wp\/v2\/product"}],"about":[{"href":"https:\/\/lumierediamonds.eu\/pl\/wp-json\/wp\/v2\/types\/product"}],"version-history":[{"count":4,"href":"https:\/\/lumierediamonds.eu\/pl\/wp-json\/wp\/v2\/product\/6841\/revisions"}],"predecessor-version":[{"id":10238,"href":"https:\/\/lumierediamonds.eu\/pl\/wp-json\/wp\/v2\/product\/6841\/revisions\/10238"}],"wp:featuredmedia":[{"embeddable":true,"href":"https:\/\/lumierediamonds.eu\/pl\/wp-json\/wp\/v2\/media\/6843"}],"wp:attachment":[{"href":"https:\/\/lumierediamonds.eu\/pl\/wp-json\/wp\/v2\/media?parent=6841"}],"wp:term":[{"taxonomy":"product_brand","embeddable":true,"href":"https:\/\/lumierediamonds.eu\/pl\/wp-json\/wp\/v2\/product_brand?post=6841"},{"taxonomy":"product_cat","embeddable":true,"href":"https:\/\/lumierediamonds.eu\/pl\/wp-json\/wp\/v2\/product_cat?post=6841"},{"taxonomy":"product_tag","embeddable":true,"href":"https:\/\/lumierediamonds.eu\/pl\/wp-json\/wp\/v2\/product_tag?post=6841"}],"curies":[{"name":"wp","href":"https:\/\/api.w.org\/{rel}","templated":true}]}}