{"id":7450,"date":"2025-01-02T18:02:43","date_gmt":"2025-01-02T17:02:43","guid":{"rendered":"https:\/\/lumierediamonds.eu\/?post_type=product&#038;p=7450"},"modified":"2025-11-23T21:04:46","modified_gmt":"2025-11-23T20:04:46","slug":"obraczka-slubna","status":"publish","type":"product","link":"https:\/\/lumierediamonds.eu\/pl\/produkt\/obraczka-slubna\/","title":{"rendered":"Opaska \u015blubna Como"},"content":{"rendered":"<p class=\"p1\">The <span class=\"s1\"><b>Opaska \u015blubna Como<\/b><\/span> jest ponadczasowym symbolem mi\u0142o\u015bci i zaanga\u017cowania, zaprojektowanym z my\u015bl\u0105 zar\u00f3wno o elegancji, jak i komforcie. Dzi\u0119ki eleganckiemu, polerowanemu wyko\u0144czeniu i unisexowemu, wygodnemu krojowi, ta obr\u0105czka zapewnia swobod\u0119 noszenia, jednocze\u015bnie emanuj\u0105c dyskretnym wyrafinowaniem.<\/p>\n<p class=\"p1\">Dost\u0119pna w wersji z 18-karatowego \u017c\u00f3\u0142tego, r\u00f3\u017cowego lub bia\u0142ego z\u0142ota, o szeroko\u015bci od 2 mm do 6 mm, obr\u0105czka Como Band zosta\u0142a zaprojektowana tak, aby pasowa\u0142a do ka\u017cdego stylu i historii. Odzwierciedlaj\u0105c wieczno\u015b\u0107, jest tak trwa\u0142a jak mi\u0142o\u015b\u0107, kt\u00f3r\u0105 symbolizuje.<\/p>","protected":false},"excerpt":{"rendered":"<p class=\"p1\">The <span class=\"s1\"><b>Opaska \u015blubna Como<\/b><\/span> jest ponadczasowym symbolem mi\u0142o\u015bci i zaanga\u017cowania, zaprojektowanym z my\u015bl\u0105 zar\u00f3wno o elegancji, jak i komforcie. Dzi\u0119ki eleganckiemu, polerowanemu wyko\u0144czeniu i unisexowemu, wygodnemu krojowi, ta obr\u0105czka zapewnia swobod\u0119 noszenia, jednocze\u015bnie emanuj\u0105c dyskretnym wyrafinowaniem.<\/p>\n<p class=\"p1\">Dost\u0119pna w wersji z 18-karatowego \u017c\u00f3\u0142tego, r\u00f3\u017cowego lub bia\u0142ego z\u0142ota, o szeroko\u015bci od 2 mm do 6 mm, obr\u0105czka Como Band zosta\u0142a zaprojektowana tak, aby pasowa\u0142a do ka\u017cdego stylu i historii. Odzwierciedlaj\u0105c wieczno\u015b\u0107, jest tak trwa\u0142a jak mi\u0142o\u015b\u0107, kt\u00f3r\u0105 symbolizuje.<\/p>","protected":false},"featured_media":7415,"template":"","meta":{"_acf_changed":false},"product_brand":[],"product_cat":[52,57],"product_tag":[384,277,278,280,275,276,279],"class_list":{"0":"post-7450","1":"product","2":"type-product","3":"status-publish","4":"has-post-thumbnail","6":"product_cat-rings","7":"product_cat-wedding-bands","8":"product_tag-gold-wedding-band","9":"product_tag-gold-wedding-ring","10":"product_tag-mens-wedding-ring","11":"product_tag-unisex-wedding-ring","12":"product_tag-wedding-band","13":"product_tag-wedding-ring","14":"product_tag-womens-wedding-ring","15":"pa_metal-white-gold","16":"pa_metal-yellow-gold","17":"pa_metal-platinum","19":"first","20":"instock","21":"taxable","22":"shipping-taxable","23":"purchasable","24":"product-type-variable"},"acf":[],"jetpack_sharing_enabled":true,"_links":{"self":[{"href":"https:\/\/lumierediamonds.eu\/pl\/wp-json\/wp\/v2\/product\/7450","targetHints":{"allow":["GET"]}}],"collection":[{"href":"https:\/\/lumierediamonds.eu\/pl\/wp-json\/wp\/v2\/product"}],"about":[{"href":"https:\/\/lumierediamonds.eu\/pl\/wp-json\/wp\/v2\/types\/product"}],"version-history":[{"count":2,"href":"https:\/\/lumierediamonds.eu\/pl\/wp-json\/wp\/v2\/product\/7450\/revisions"}],"predecessor-version":[{"id":10234,"href":"https:\/\/lumierediamonds.eu\/pl\/wp-json\/wp\/v2\/product\/7450\/revisions\/10234"}],"wp:featuredmedia":[{"embeddable":true,"href":"https:\/\/lumierediamonds.eu\/pl\/wp-json\/wp\/v2\/media\/7415"}],"wp:attachment":[{"href":"https:\/\/lumierediamonds.eu\/pl\/wp-json\/wp\/v2\/media?parent=7450"}],"wp:term":[{"taxonomy":"product_brand","embeddable":true,"href":"https:\/\/lumierediamonds.eu\/pl\/wp-json\/wp\/v2\/product_brand?post=7450"},{"taxonomy":"product_cat","embeddable":true,"href":"https:\/\/lumierediamonds.eu\/pl\/wp-json\/wp\/v2\/product_cat?post=7450"},{"taxonomy":"product_tag","embeddable":true,"href":"https:\/\/lumierediamonds.eu\/pl\/wp-json\/wp\/v2\/product_tag?post=7450"}],"curies":[{"name":"wp","href":"https:\/\/api.w.org\/{rel}","templated":true}]}}