{"id":7552,"date":"2025-01-03T02:13:10","date_gmt":"2025-01-03T01:13:10","guid":{"rendered":"https:\/\/lumierediamonds.eu\/?post_type=product&#038;p=7552"},"modified":"2025-11-20T18:38:38","modified_gmt":"2025-11-20T17:38:38","slug":"naszyjnik-z-brylantem-lasai","status":"publish","type":"product","link":"https:\/\/lumierediamonds.eu\/pl\/produkt\/naszyjnik-z-brylantem-lasai\/","title":{"rendered":"Wisiorek z brylantem Lasai"},"content":{"rendered":"<p class=\"p1\"><span class=\"s1\">Eleganckie, a jednocze\u015bnie znacz\u0105ce<\/span>, , <strong>Wisiorek z brylantem Lasai<\/strong> sk\u0142ada si\u0119 z dw\u00f3ch zaz\u0119biaj\u0105cych si\u0119 okr\u0119g\u00f3w \u2014 jeden ozdobiony jest diamentami o \u0142\u0105cznej masie 0,25 karata, osadzonymi w pav\u00e9, drugi jest wypolerowany z promiennego 18-karatowego z\u0142ota. Projekt tworzy elegancki kontrast mi\u0119dzy blaskiem a prostot\u0105.<\/p>\n<p class=\"p1\">Zawieszony na delikatnym \u0142a\u0144cuszku, jest to dyskretnie l\u015bni\u0105cy element, kt\u00f3ry podkre\u015bli Tw\u00f3j codzienny styl. <span class=\"s1\">Lasai nadaje ka\u017cdemu wygl\u0105dowi nowoczesn\u0105 elegancj\u0119 \u2013 swobodn\u0105, charakterystyczn\u0105 i ponadczasow\u0105.<b><\/b><\/span><\/p>","protected":false},"excerpt":{"rendered":"<p class=\"p1\"><span class=\"s1\">Eleganckie, a jednocze\u015bnie znacz\u0105ce<\/span>, , <strong>Wisiorek z brylantem Lasai<\/strong> sk\u0142ada si\u0119 z dw\u00f3ch zaz\u0119biaj\u0105cych si\u0119 okr\u0119g\u00f3w \u2014 jeden ozdobiony jest diamentami o \u0142\u0105cznej masie 0,25 karata, osadzonymi w pav\u00e9, drugi jest wypolerowany z promiennego 18-karatowego z\u0142ota. Projekt tworzy elegancki kontrast mi\u0119dzy blaskiem a prostot\u0105.<\/p>\n<p class=\"p1\">Zawieszony na delikatnym \u0142a\u0144cuszku, jest to dyskretnie l\u015bni\u0105cy element, kt\u00f3ry podkre\u015bli Tw\u00f3j codzienny styl. <span class=\"s1\">Lasai nadaje ka\u017cdemu wygl\u0105dowi nowoczesn\u0105 elegancj\u0119 \u2013 swobodn\u0105, charakterystyczn\u0105 i ponadczasow\u0105.<\/span><\/p>","protected":false},"featured_media":7557,"template":"","meta":{"_acf_changed":false},"product_brand":[],"product_cat":[53],"product_tag":[301,297,298,299,296,294,295,300],"class_list":{"0":"post-7552","1":"product","2":"type-product","3":"status-publish","4":"has-post-thumbnail","6":"product_cat-necklaces-pendants","7":"product_tag-circle-pendant","8":"product_tag-diamond-necklace","9":"product_tag-gold-diamond-necklace","10":"product_tag-gold-diamond-pendant","11":"product_tag-gold-necklace","12":"product_tag-necklace","13":"product_tag-pendant","14":"product_tag-round-pendant","15":"pa_metal-yellow-gold","17":"first","18":"instock","19":"featured","20":"taxable","21":"shipping-taxable","22":"purchasable","23":"product-type-simple"},"acf":[],"jetpack_sharing_enabled":true,"_links":{"self":[{"href":"https:\/\/lumierediamonds.eu\/pl\/wp-json\/wp\/v2\/product\/7552","targetHints":{"allow":["GET"]}}],"collection":[{"href":"https:\/\/lumierediamonds.eu\/pl\/wp-json\/wp\/v2\/product"}],"about":[{"href":"https:\/\/lumierediamonds.eu\/pl\/wp-json\/wp\/v2\/types\/product"}],"version-history":[{"count":5,"href":"https:\/\/lumierediamonds.eu\/pl\/wp-json\/wp\/v2\/product\/7552\/revisions"}],"predecessor-version":[{"id":11465,"href":"https:\/\/lumierediamonds.eu\/pl\/wp-json\/wp\/v2\/product\/7552\/revisions\/11465"}],"wp:featuredmedia":[{"embeddable":true,"href":"https:\/\/lumierediamonds.eu\/pl\/wp-json\/wp\/v2\/media\/7557"}],"wp:attachment":[{"href":"https:\/\/lumierediamonds.eu\/pl\/wp-json\/wp\/v2\/media?parent=7552"}],"wp:term":[{"taxonomy":"product_brand","embeddable":true,"href":"https:\/\/lumierediamonds.eu\/pl\/wp-json\/wp\/v2\/product_brand?post=7552"},{"taxonomy":"product_cat","embeddable":true,"href":"https:\/\/lumierediamonds.eu\/pl\/wp-json\/wp\/v2\/product_cat?post=7552"},{"taxonomy":"product_tag","embeddable":true,"href":"https:\/\/lumierediamonds.eu\/pl\/wp-json\/wp\/v2\/product_tag?post=7552"}],"curies":[{"name":"wp","href":"https:\/\/api.w.org\/{rel}","templated":true}]}}