{"id":7749,"date":"2025-01-04T12:23:24","date_gmt":"2025-01-04T11:23:24","guid":{"rendered":"https:\/\/lumierediamonds.eu\/?post_type=product&#038;p=7749"},"modified":"2025-12-10T14:12:43","modified_gmt":"2025-12-10T13:12:43","slug":"bransoletka-aurora-z-dwukolorowymi-diamentami-w-ksztalcie-spinacza-biurowego","status":"publish","type":"product","link":"https:\/\/lumierediamonds.eu\/pl\/produkt\/bransoletka-aurora-z-dwukolorowymi-diamentami-w-ksztalcie-spinacza-biurowego\/","title":{"rendered":"Bransoletka Aurora z dwukolorowymi diamentami w kszta\u0142cie spinacza biurowego"},"content":{"rendered":"<p class=\"p1\">Nowoczesna klasyka z kontrastem i charakterem.<\/p>\n<p class=\"p1\"><b><\/b>The <strong>Bransoletka Aurora z dwukolorowymi diamentami w kszta\u0142cie spinacza biurowego<\/strong> na nowo interpretuje ponadczasowy design tenisowy, dodaj\u0105c mu odwa\u017cny, dwukolorowy akcent. L\u015bni\u0105cy rz\u0105d diament\u00f3w wyhodowanych w laboratorium \u2013 o \u0142\u0105cznej masie 1,0 karata \u2013 stanowi elegancki kontrast dla polerowanych ogniw z 18-karatowego \u017c\u00f3\u0142tego z\u0142ota, tworz\u0105c efektown\u0105 gr\u0119 blasku i struktury.<\/p>\n<p class=\"p2\">Jego mieszana metalowa sylwetka zapewnia \u0142atw\u0105 wszechstronno\u015b\u0107, pasuj\u0105c r\u00f3wnie dobrze do srebrnych dodatk\u00f3w, jak i z\u0142otych ulubionych element\u00f3w garderoby. Wyko\u0144czony bezpiecznym zapi\u0119ciem typu karabi\u0144czyk, Aurora wnosi nowoczesn\u0105 r\u00f3wnowag\u0119 do Twojej kolekcji bi\u017cuterii \u2013 wyrafinowany sam w sobie, ol\u015bniewaj\u0105cy w zestawieniu z innymi elementami.<\/p>","protected":false},"excerpt":{"rendered":"<p class=\"p1\">Nowoczesna klasyka z kontrastem i charakterem.<\/p>\n<p class=\"p1\"><b><\/b>The <strong>Bransoletka Aurora z dwukolorowymi diamentami w kszta\u0142cie spinacza biurowego<\/strong> reimagines ponadczasowy projekt tenisowy z odwa\u017cnym, dwukolorowym akcentem. \u015awietlisty rz\u0105d diament\u00f3w wyhodowanych w laboratorium - o \u0142\u0105cznej masie 1,0 karata - elegancko kontrastuje z polerowanymi ogniwami spinacza z 18-karatowego \u017c\u00f3\u0142tego z\u0142ota, tworz\u0105c uderzaj\u0105c\u0105 gr\u0119 blasku i struktury.<\/p>\n<p class=\"p2\">Jego sylwetka z mieszanego metalu zapewnia wszechstronno\u015b\u0107 bez wysi\u0142ku, \u0142\u0105cz\u0105c si\u0119 r\u00f3wnie \u0142atwo ze srebrnymi zszywkami, jak i z\u0142otymi ulubionymi. Wyko\u0144czona bezpiecznym zapi\u0119ciem homara, Aurora wnosi nowoczesn\u0105 r\u00f3wnowag\u0119 do Twojej bi\u017cuteryjnej garderoby - wyrafinowana sama w sobie, promienna w stosie.<\/p>","protected":false},"featured_media":7750,"template":"","meta":{"_acf_changed":false},"product_brand":[],"product_cat":[55,1379,1336],"product_tag":[231,237,235,243],"class_list":{"0":"post-7749","1":"product","2":"type-product","3":"status-publish","4":"has-post-thumbnail","6":"product_cat-bracelets","7":"product_cat-paperclip-bracelets","8":"product_cat-tennis-bracelets","9":"product_tag-bracelet","10":"product_tag-diamond-bracelet","11":"product_tag-paperclip-bracelet","12":"product_tag-tennis-bracelet","14":"first","15":"instock","16":"featured","17":"taxable","18":"shipping-taxable","19":"purchasable","20":"product-type-simple"},"acf":[],"jetpack_sharing_enabled":true,"_links":{"self":[{"href":"https:\/\/lumierediamonds.eu\/pl\/wp-json\/wp\/v2\/product\/7749","targetHints":{"allow":["GET"]}}],"collection":[{"href":"https:\/\/lumierediamonds.eu\/pl\/wp-json\/wp\/v2\/product"}],"about":[{"href":"https:\/\/lumierediamonds.eu\/pl\/wp-json\/wp\/v2\/types\/product"}],"version-history":[{"count":4,"href":"https:\/\/lumierediamonds.eu\/pl\/wp-json\/wp\/v2\/product\/7749\/revisions"}],"predecessor-version":[{"id":11508,"href":"https:\/\/lumierediamonds.eu\/pl\/wp-json\/wp\/v2\/product\/7749\/revisions\/11508"}],"wp:featuredmedia":[{"embeddable":true,"href":"https:\/\/lumierediamonds.eu\/pl\/wp-json\/wp\/v2\/media\/7750"}],"wp:attachment":[{"href":"https:\/\/lumierediamonds.eu\/pl\/wp-json\/wp\/v2\/media?parent=7749"}],"wp:term":[{"taxonomy":"product_brand","embeddable":true,"href":"https:\/\/lumierediamonds.eu\/pl\/wp-json\/wp\/v2\/product_brand?post=7749"},{"taxonomy":"product_cat","embeddable":true,"href":"https:\/\/lumierediamonds.eu\/pl\/wp-json\/wp\/v2\/product_cat?post=7749"},{"taxonomy":"product_tag","embeddable":true,"href":"https:\/\/lumierediamonds.eu\/pl\/wp-json\/wp\/v2\/product_tag?post=7749"}],"curies":[{"name":"wp","href":"https:\/\/api.w.org\/{rel}","templated":true}]}}