{"id":7767,"date":"2025-01-04T13:08:45","date_gmt":"2025-01-04T12:08:45","guid":{"rendered":"https:\/\/lumierediamonds.eu\/?post_type=product&#038;p=7767"},"modified":"2025-12-10T14:08:46","modified_gmt":"2025-12-10T13:08:46","slug":"bransoletka-z-diamentami-w-ksztalcie-ikony","status":"publish","type":"product","link":"https:\/\/lumierediamonds.eu\/pl\/produkt\/bransoletka-z-diamentami-w-ksztalcie-ikony\/","title":{"rendered":"Bransoletka tenisowa Icon Diamond"},"content":{"rendered":"<p class=\"p1\">Ponadczasowy, z nowoczesnym akcentem.<b><\/b><\/p>\n<p class=\"p3\"><strong>Bransoletka tenisowa Icon Diamond<\/strong> posiada 2 karaty brylant\u00f3w wyhodowanych w laboratorium, ka\u017cdy osadzony w klasycznej czteropunktowej oprawie, kt\u00f3ra odbija \u015bwiat\u0142o i wzmacnia blask. Wykonana z l\u015bni\u0105cego 18-karatowego bia\u0142ego z\u0142ota, smuk\u0142a, elastyczna konstrukcja naturalnie dopasowuje si\u0119 do nadgarstka, zapewniaj\u0105c komfort noszenia przez ca\u0142y dzie\u0144. Bezpieczne zapi\u0119cie w formie pude\u0142ka utrzymuje j\u0105 na miejscu, dzi\u0119ki czemu jest zar\u00f3wno praktyczna, jak i elegancka.<\/p>\n<p class=\"p3\">To bransoletka tenisowa w najlepszym wydaniu: wyrafinowana, ol\u015bniewaj\u0105ca i niesko\u0144czenie wszechstronna. No\u015b j\u0105 samodzielnie, aby uzyska\u0107 subtelny efekt, lub w po\u0142\u0105czeniu z innymi bi\u017cuteriami, aby podkre\u015bli\u0107 ka\u017cdy styl.<\/p>","protected":false},"excerpt":{"rendered":"<p class=\"p1\">Ponadczasowy, z nowoczesnym akcentem.<b><\/b><\/p>\n<p class=\"p3\"><strong>Bransoletka tenisowa Icon Diamond<\/strong> posiada 2 karaty brylant\u00f3w wyhodowanych w laboratorium, ka\u017cdy osadzony w klasycznej czteropunktowej oprawie, kt\u00f3ra odbija \u015bwiat\u0142o i wzmacnia blask. Wykonana z l\u015bni\u0105cego 18-karatowego bia\u0142ego z\u0142ota, smuk\u0142a, elastyczna konstrukcja naturalnie dopasowuje si\u0119 do nadgarstka, zapewniaj\u0105c komfort noszenia przez ca\u0142y dzie\u0144. Bezpieczne zapi\u0119cie w formie pude\u0142ka utrzymuje j\u0105 na miejscu, dzi\u0119ki czemu jest zar\u00f3wno praktyczna, jak i elegancka.<\/p>\n<p class=\"p3\">To bransoletka tenisowa w najlepszym wydaniu: wyrafinowana, ol\u015bniewaj\u0105ca i niesko\u0144czenie wszechstronna. No\u015b j\u0105 samodzielnie, aby uzyska\u0107 subtelny efekt, lub w po\u0142\u0105czeniu z innymi bi\u017cuteriami, aby podkre\u015bli\u0107 ka\u017cdy styl.<\/p>","protected":false},"featured_media":7768,"template":"","meta":{"_acf_changed":false},"product_brand":[],"product_cat":[55,1336],"product_tag":[369,231,368,237,245,367,366,362,364,365,243,363],"class_list":{"0":"post-7767","1":"product","2":"type-product","3":"status-publish","4":"has-post-thumbnail","6":"product_cat-bracelets","7":"product_cat-tennis-bracelets","8":"product_tag-2-carat-bracelet","9":"product_tag-bracelet","10":"product_tag-classic-tennis-bracelet","11":"product_tag-diamond-bracelet","12":"product_tag-diamond-tennis-bracelet","13":"product_tag-elegant-bracelets","14":"product_tag-everyday-luxury","15":"product_tag-four-prong-bracelet","16":"product_tag-lab-grown-diamonds","17":"product_tag-minimalist-bracelet","18":"product_tag-tennis-bracelet","19":"product_tag-white-gold-bracelet","20":"pa_metal-white-gold","22":"first","23":"instock","24":"taxable","25":"shipping-taxable","26":"purchasable","27":"product-type-simple"},"acf":[],"jetpack_sharing_enabled":true,"_links":{"self":[{"href":"https:\/\/lumierediamonds.eu\/pl\/wp-json\/wp\/v2\/product\/7767","targetHints":{"allow":["GET"]}}],"collection":[{"href":"https:\/\/lumierediamonds.eu\/pl\/wp-json\/wp\/v2\/product"}],"about":[{"href":"https:\/\/lumierediamonds.eu\/pl\/wp-json\/wp\/v2\/types\/product"}],"version-history":[{"count":4,"href":"https:\/\/lumierediamonds.eu\/pl\/wp-json\/wp\/v2\/product\/7767\/revisions"}],"predecessor-version":[{"id":11530,"href":"https:\/\/lumierediamonds.eu\/pl\/wp-json\/wp\/v2\/product\/7767\/revisions\/11530"}],"wp:featuredmedia":[{"embeddable":true,"href":"https:\/\/lumierediamonds.eu\/pl\/wp-json\/wp\/v2\/media\/7768"}],"wp:attachment":[{"href":"https:\/\/lumierediamonds.eu\/pl\/wp-json\/wp\/v2\/media?parent=7767"}],"wp:term":[{"taxonomy":"product_brand","embeddable":true,"href":"https:\/\/lumierediamonds.eu\/pl\/wp-json\/wp\/v2\/product_brand?post=7767"},{"taxonomy":"product_cat","embeddable":true,"href":"https:\/\/lumierediamonds.eu\/pl\/wp-json\/wp\/v2\/product_cat?post=7767"},{"taxonomy":"product_tag","embeddable":true,"href":"https:\/\/lumierediamonds.eu\/pl\/wp-json\/wp\/v2\/product_tag?post=7767"}],"curies":[{"name":"wp","href":"https:\/\/api.w.org\/{rel}","templated":true}]}}