{"id":8061,"date":"2025-01-09T01:15:29","date_gmt":"2025-01-09T00:15:29","guid":{"rendered":"https:\/\/lumierediamonds.eu\/?post_type=product&#038;p=8061"},"modified":"2025-01-12T19:47:54","modified_gmt":"2025-01-12T18:47:54","slug":"promienna-pieciopierscieniowa-obraczka","status":"publish","type":"product","link":"https:\/\/lumierediamonds.eu\/pl\/produkt\/promienna-pieciopierscieniowa-obraczka\/","title":{"rendered":"Promienna pi\u0119ciopi\u0119trowa obr\u0105czka"},"content":{"rendered":"<p class=\"p1\">Ponadczasowa elegancja \u0142\u0105czy si\u0119 z promiennym blaskiem dzi\u0119ki <b>Promienna pi\u0119ciopi\u0119trowa obr\u0105czka<\/b>. Ten pier\u015bcionek, ozdobiony pi\u0119cioma ol\u015bniewaj\u0105cymi diamentami wyhodowanymi w laboratorium o \u0142\u0105cznej masie 1 karata, symbolizuje mi\u0142o\u015b\u0107, oddanie i wieczno\u015b\u0107. Ka\u017cdy diament jest fachowo osadzony w szponach, aby zmaksymalizowa\u0107 odbicie \u015bwiat\u0142a, tworz\u0105c ol\u015bniewaj\u0105cy blask pod ka\u017cdym k\u0105tem.<\/p>\n<p class=\"p1\">Dost\u0119pny w wersji z 18-karatowego \u017c\u00f3\u0142tego z\u0142ota lub 18-karatowego bia\u0142ego z\u0142ota, elegancki i wyrafinowany design obr\u0105czki pozwala diamentom gra\u0107 pierwsze skrzypce, dzi\u0119ki czemu jest to idealny wyb\u00f3r na rocznice, wa\u017cne wydarzenia lub jako luksusowy dodatek na co dzie\u0144.<\/p>\n<p class=\"p1\">Zaprojektowana z my\u015bl\u0105 o nowoczesnych u\u017cytkownikach, z uk\u0142onem w stron\u0119 klasycznej elegancji, obr\u0105czka Radiant Five Diamond Band stanowi zapieraj\u0105ce dech w piersiach przypomnienie, \u017ce prawdziwy blask trwa wiecznie.<\/p>","protected":false},"excerpt":{"rendered":"<p class=\"p1\">Ponadczasowa elegancja \u0142\u0105czy si\u0119 z promiennym blaskiem dzi\u0119ki <b>Promienna pi\u0119ciopi\u0119trowa obr\u0105czka<\/b>. Ten pier\u015bcionek, ozdobiony pi\u0119cioma ol\u015bniewaj\u0105cymi diamentami wyhodowanymi w laboratorium o \u0142\u0105cznej masie 1 karata, symbolizuje mi\u0142o\u015b\u0107, oddanie i wieczno\u015b\u0107. Ka\u017cdy diament jest fachowo osadzony w szponach, aby zmaksymalizowa\u0107 odbicie \u015bwiat\u0142a, tworz\u0105c ol\u015bniewaj\u0105cy blask pod ka\u017cdym k\u0105tem.<\/p>\n<p class=\"p1\">Dost\u0119pny w wersji z 18-karatowego \u017c\u00f3\u0142tego z\u0142ota lub 18-karatowego bia\u0142ego z\u0142ota, elegancki i wyrafinowany design obr\u0105czki pozwala diamentom gra\u0107 pierwsze skrzypce, dzi\u0119ki czemu jest to idealny wyb\u00f3r na rocznice, wa\u017cne wydarzenia lub jako luksusowy dodatek na co dzie\u0144.<\/p>\n<p class=\"p1\">Zaprojektowana z my\u015bl\u0105 o nowoczesnych u\u017cytkownikach, z uk\u0142onem w stron\u0119 klasycznej elegancji, obr\u0105czka Radiant Five Diamond Band stanowi zapieraj\u0105ce dech w piersiach przypomnienie, \u017ce prawdziwy blask trwa wiecznie.<\/p>","protected":false},"featured_media":8066,"template":"","meta":{"_acf_changed":false},"product_brand":[],"product_cat":[251,52,57],"product_tag":[406,452,453,410,412,451,456,447,448,256,454,450,455,445],"class_list":{"0":"post-8061","1":"product","2":"type-product","3":"status-publish","4":"has-post-thumbnail","6":"product_cat-eternity-bands","7":"product_cat-rings","8":"product_cat-wedding-bands","9":"product_tag-18k-white-gold-ring","10":"product_tag-18k-yellow-gold-ring","11":"product_tag-anniversary-band","12":"product_tag-elegant-diamond-ring","13":"product_tag-fine-jewelry-for-women","14":"product_tag-five-stone-diamond-ring","15":"product_tag-half-eternity","16":"product_tag-half-eternity-band","17":"product_tag-half-eternity-ring","18":"product_tag-lab-grown-diamond-ring","19":"product_tag-luxury-diamond-band","20":"product_tag-radiant-five-diamond-band","21":"product_tag-statement-diamond-ring","22":"product_tag-timeless-diamond-ring","23":"pa_metal-white-gold","24":"pa_metal-yellow-gold","26":"first","27":"instock","28":"featured","29":"taxable","30":"shipping-taxable","31":"purchasable","32":"product-type-variable"},"acf":[],"jetpack_sharing_enabled":true,"_links":{"self":[{"href":"https:\/\/lumierediamonds.eu\/pl\/wp-json\/wp\/v2\/product\/8061","targetHints":{"allow":["GET"]}}],"collection":[{"href":"https:\/\/lumierediamonds.eu\/pl\/wp-json\/wp\/v2\/product"}],"about":[{"href":"https:\/\/lumierediamonds.eu\/pl\/wp-json\/wp\/v2\/types\/product"}],"version-history":[{"count":1,"href":"https:\/\/lumierediamonds.eu\/pl\/wp-json\/wp\/v2\/product\/8061\/revisions"}],"predecessor-version":[{"id":8072,"href":"https:\/\/lumierediamonds.eu\/pl\/wp-json\/wp\/v2\/product\/8061\/revisions\/8072"}],"wp:featuredmedia":[{"embeddable":true,"href":"https:\/\/lumierediamonds.eu\/pl\/wp-json\/wp\/v2\/media\/8066"}],"wp:attachment":[{"href":"https:\/\/lumierediamonds.eu\/pl\/wp-json\/wp\/v2\/media?parent=8061"}],"wp:term":[{"taxonomy":"product_brand","embeddable":true,"href":"https:\/\/lumierediamonds.eu\/pl\/wp-json\/wp\/v2\/product_brand?post=8061"},{"taxonomy":"product_cat","embeddable":true,"href":"https:\/\/lumierediamonds.eu\/pl\/wp-json\/wp\/v2\/product_cat?post=8061"},{"taxonomy":"product_tag","embeddable":true,"href":"https:\/\/lumierediamonds.eu\/pl\/wp-json\/wp\/v2\/product_tag?post=8061"}],"curies":[{"name":"wp","href":"https:\/\/api.w.org\/{rel}","templated":true}]}}