{"id":8085,"date":"2025-01-09T01:59:44","date_gmt":"2025-01-09T00:59:44","guid":{"rendered":"https:\/\/lumierediamonds.eu\/?post_type=product&#038;p=8085"},"modified":"2025-01-09T01:59:44","modified_gmt":"2025-01-09T00:59:44","slug":"wieczna-luksusowa-opaska-bagietkowa","status":"publish","type":"product","link":"https:\/\/lumierediamonds.eu\/pl\/produkt\/wieczna-luksusowa-opaska-bagietkowa\/","title":{"rendered":"Obr\u0105czka Eternity Luxe Baguette"},"content":{"rendered":"<p class=\"p1\">Ponadczasowa elegancja \u0142\u0105czy si\u0119 z nowoczesnym designem dzi\u0119ki <b>Obr\u0105czka Eternity Luxe Baguette<\/b>. Ten pier\u015bcionek z brylantami o \u0142\u0105cznej masie 1 karata, osadzonymi w eleganckiej oprawie typu channel, oferuje niesamowity blask, kt\u00f3ry otacza ca\u0142\u0105 obr\u0105czk\u0119. Starannie wykonany z 18-karatowego bia\u0142ego, \u017c\u00f3\u0142tego lub r\u00f3\u017cowego z\u0142ota, czyste linie i geometryczny blask sprawiaj\u0105, \u017ce ten pier\u015bcionek jest wyj\u0105tkowym symbolem wieczno\u015bci. Niezale\u017cnie od tego, czy noszony jest jako obr\u0105czka \u015blubna, pier\u015bcionek rocznicowy, czy te\u017c jako efektowna bi\u017cuteria, pier\u015bcionek Eternity Luxe Baguette Band emanuje naturaln\u0105 elegancj\u0105 i trwa\u0142ym luksusem.<\/p>\n<p><em>Uwaga: w przypadku tego konkretnego produktu zmiana rozmiaru nie jest mo\u017cliwa.<\/em><\/p>","protected":false},"excerpt":{"rendered":"<p>Ponadczasowa elegancja \u0142\u0105czy si\u0119 z nowoczesnym designem dzi\u0119ki <b>Obr\u0105czka Eternity Luxe Baguette<\/b>. Ten pier\u015bcionek z brylantami o \u0142\u0105cznej masie 1 karata, osadzonymi w eleganckiej oprawie typu channel, oferuje niesamowity blask, kt\u00f3ry otacza ca\u0142\u0105 obr\u0105czk\u0119. Starannie wykonany z 18-karatowego bia\u0142ego, \u017c\u00f3\u0142tego lub r\u00f3\u017cowego z\u0142ota, czyste linie i geometryczny blask sprawiaj\u0105, \u017ce ten pier\u015bcionek jest wyj\u0105tkowym symbolem wieczno\u015bci. Niezale\u017cnie od tego, czy noszony jest jako obr\u0105czka \u015blubna, pier\u015bcionek rocznicowy, czy te\u017c jako efektowna bi\u017cuteria, pier\u015bcionek Eternity Luxe Baguette Band emanuje naturaln\u0105 elegancj\u0105 i trwa\u0142ym luksusem.<\/p>","protected":false},"featured_media":8086,"template":"","meta":{"_acf_changed":false},"product_brand":[],"product_cat":[251,52,57],"product_tag":[471,424,470,439,468,467,469,473,414,472,462],"class_list":{"0":"post-8085","1":"product","2":"type-product","3":"status-publish","4":"has-post-thumbnail","6":"product_cat-eternity-bands","7":"product_cat-rings","8":"product_cat-wedding-bands","9":"product_tag-18k-rose-gold-diamond-band","10":"product_tag-18k-white-gold-eternity-ring","11":"product_tag-18k-yellow-gold-diamond-band","12":"product_tag-anniversary-diamond-ring","13":"product_tag-baguette-diamond-ring","14":"product_tag-channel-set-diamond-band","15":"product_tag-eternity-diamond-band","16":"product_tag-lab-grown-diamond-eternity-ring","17":"product_tag-luxury-diamond-ring","18":"product_tag-modern-diamond-jewelry","19":"product_tag-timeless-wedding-band","20":"pa_metal-rose-gold","21":"pa_metal-white-gold","22":"pa_metal-yellow-gold","24":"first","25":"instock","26":"taxable","27":"shipping-taxable","28":"purchasable","29":"product-type-variable"},"acf":[],"jetpack_sharing_enabled":true,"_links":{"self":[{"href":"https:\/\/lumierediamonds.eu\/pl\/wp-json\/wp\/v2\/product\/8085","targetHints":{"allow":["GET"]}}],"collection":[{"href":"https:\/\/lumierediamonds.eu\/pl\/wp-json\/wp\/v2\/product"}],"about":[{"href":"https:\/\/lumierediamonds.eu\/pl\/wp-json\/wp\/v2\/types\/product"}],"version-history":[{"count":1,"href":"https:\/\/lumierediamonds.eu\/pl\/wp-json\/wp\/v2\/product\/8085\/revisions"}],"predecessor-version":[{"id":8100,"href":"https:\/\/lumierediamonds.eu\/pl\/wp-json\/wp\/v2\/product\/8085\/revisions\/8100"}],"wp:featuredmedia":[{"embeddable":true,"href":"https:\/\/lumierediamonds.eu\/pl\/wp-json\/wp\/v2\/media\/8086"}],"wp:attachment":[{"href":"https:\/\/lumierediamonds.eu\/pl\/wp-json\/wp\/v2\/media?parent=8085"}],"wp:term":[{"taxonomy":"product_brand","embeddable":true,"href":"https:\/\/lumierediamonds.eu\/pl\/wp-json\/wp\/v2\/product_brand?post=8085"},{"taxonomy":"product_cat","embeddable":true,"href":"https:\/\/lumierediamonds.eu\/pl\/wp-json\/wp\/v2\/product_cat?post=8085"},{"taxonomy":"product_tag","embeddable":true,"href":"https:\/\/lumierediamonds.eu\/pl\/wp-json\/wp\/v2\/product_tag?post=8085"}],"curies":[{"name":"wp","href":"https:\/\/api.w.org\/{rel}","templated":true}]}}