{"id":8101,"date":"2025-01-09T02:14:31","date_gmt":"2025-01-09T01:14:31","guid":{"rendered":"https:\/\/lumierediamonds.eu\/?post_type=product&#038;p=8101"},"modified":"2025-09-30T18:40:41","modified_gmt":"2025-09-30T16:40:41","slug":"potrojna-obraczka-z-brylantami","status":"publish","type":"product","link":"https:\/\/lumierediamonds.eu\/pl\/produkt\/potrojna-obraczka-z-brylantami\/","title":{"rendered":"Potr\u00f3jna obr\u0105czka z brylantami Pav\u00e9"},"content":{"rendered":"<p class=\"p1\"><span class=\"s1\">The<b> Potr\u00f3jna obr\u0105czka z brylantami Pav\u00e9<\/b><\/span> to celebracja delikatnego blasku. Dzi\u0119ki trzem starannie u\u0142o\u017conym rz\u0119dom mikropav\u00e9 diament\u00f3w wyhodowanych w laboratorium, ten model zapewnia ol\u015bniewaj\u0105cy blask w smuk\u0142ej, wygodnej sylwetce.<\/p>\n<p class=\"p1\">Wykonana z 18-karatowego \u017c\u00f3\u0142tego, bia\u0142ego lub r\u00f3\u017cowego z\u0142ota obr\u0105czka ma \u0142\u0105czn\u0105 mas\u0119 0,34 karata i zosta\u0142a zaprojektowana tak, aby odbija\u0107 \u015bwiat\u0142o przy ka\u017cdym ruchu. Niezale\u017cnie od tego, czy noszona jest samodzielnie, nadaj\u0105c subtelny, elegancki wygl\u0105d, czy te\u017c w po\u0142\u0105czeniu z innymi obr\u0105czkami dla uzyskania dodatkowej tekstury, jest idealnym wyborem jako obr\u0105czka \u015blubna, prezent rocznicowy lub bi\u017cuteria na co dzie\u0144, emanuj\u0105ca dyskretnym blaskiem.<\/p>","protected":false},"excerpt":{"rendered":"<p class=\"p1\"><span class=\"s1\">The<b> Potr\u00f3jna obr\u0105czka z brylantami Pav\u00e9<\/b><\/span> to celebracja delikatnego blasku. Dzi\u0119ki trzem starannie u\u0142o\u017conym rz\u0119dom mikropav\u00e9 diament\u00f3w wyhodowanych w laboratorium, ten model zapewnia ol\u015bniewaj\u0105cy blask w smuk\u0142ej, wygodnej sylwetce.<\/p>\n<p class=\"p1\">Wykonana z 18-karatowego \u017c\u00f3\u0142tego, bia\u0142ego lub r\u00f3\u017cowego z\u0142ota obr\u0105czka ma \u0142\u0105czn\u0105 mas\u0119 0,33 karata i zosta\u0142a zaprojektowana tak, aby przy ka\u017cdym ruchu odbija\u0107 \u015bwiat\u0142o. Niezale\u017cnie od tego, czy noszona jest samodzielnie, nadaj\u0105c subtelny, elegancki wygl\u0105d, czy te\u017c w po\u0142\u0105czeniu z innymi obr\u0105czkami, dodaj\u0105c im tekstury, jest idealnym wyborem jako obr\u0105czka \u015blubna, prezent rocznicowy lub bi\u017cuteria na co dzie\u0144, emanuj\u0105ca dyskretnym blaskiem.<\/p>","protected":false},"featured_media":8103,"template":"","meta":{"_acf_changed":false},"product_brand":[],"product_cat":[58,251,23,52,57],"product_tag":[452,477,476,291,252,412,256,479,474,472,478,475],"class_list":{"0":"post-8101","1":"product","2":"type-product","3":"status-publish","4":"has-post-thumbnail","6":"product_cat-casual-rings","7":"product_cat-eternity-bands","8":"product_cat-love-engagement","9":"product_cat-rings","10":"product_cat-wedding-bands","11":"product_tag-18k-yellow-gold-ring","12":"product_tag-anniversary-diamond-band","13":"product_tag-elegant-wedding-ring","14":"product_tag-eternity-band","15":"product_tag-eternity-ring","16":"product_tag-fine-jewelry-for-women","17":"product_tag-lab-grown-diamond-ring","18":"product_tag-luxury-wedding-jewelry","19":"product_tag-micropave-diamond-wedding-band","20":"product_tag-modern-diamond-jewelry","21":"product_tag-stacking-diamond-ring","22":"product_tag-trio-diamond-band","23":"pa_metal-yellow-gold","25":"first","26":"instock","27":"featured","28":"taxable","29":"shipping-taxable","30":"purchasable","31":"product-type-variable"},"acf":[],"jetpack_sharing_enabled":true,"_links":{"self":[{"href":"https:\/\/lumierediamonds.eu\/pl\/wp-json\/wp\/v2\/product\/8101","targetHints":{"allow":["GET"]}}],"collection":[{"href":"https:\/\/lumierediamonds.eu\/pl\/wp-json\/wp\/v2\/product"}],"about":[{"href":"https:\/\/lumierediamonds.eu\/pl\/wp-json\/wp\/v2\/types\/product"}],"version-history":[{"count":5,"href":"https:\/\/lumierediamonds.eu\/pl\/wp-json\/wp\/v2\/product\/8101\/revisions"}],"predecessor-version":[{"id":11326,"href":"https:\/\/lumierediamonds.eu\/pl\/wp-json\/wp\/v2\/product\/8101\/revisions\/11326"}],"wp:featuredmedia":[{"embeddable":true,"href":"https:\/\/lumierediamonds.eu\/pl\/wp-json\/wp\/v2\/media\/8103"}],"wp:attachment":[{"href":"https:\/\/lumierediamonds.eu\/pl\/wp-json\/wp\/v2\/media?parent=8101"}],"wp:term":[{"taxonomy":"product_brand","embeddable":true,"href":"https:\/\/lumierediamonds.eu\/pl\/wp-json\/wp\/v2\/product_brand?post=8101"},{"taxonomy":"product_cat","embeddable":true,"href":"https:\/\/lumierediamonds.eu\/pl\/wp-json\/wp\/v2\/product_cat?post=8101"},{"taxonomy":"product_tag","embeddable":true,"href":"https:\/\/lumierediamonds.eu\/pl\/wp-json\/wp\/v2\/product_tag?post=8101"}],"curies":[{"name":"wp","href":"https:\/\/api.w.org\/{rel}","templated":true}]}}