{"id":8123,"date":"2025-01-09T10:26:40","date_gmt":"2025-01-09T09:26:40","guid":{"rendered":"https:\/\/lumierediamonds.eu\/?post_type=product&#038;p=8123"},"modified":"2025-11-17T14:36:09","modified_gmt":"2025-11-17T13:36:09","slug":"pierscionek-z-brylantem-asscher-w-oprawie-krysztalowej","status":"publish","type":"product","link":"https:\/\/lumierediamonds.eu\/pl\/produkt\/pierscionek-z-brylantem-asscher-w-oprawie-krysztalowej\/","title":{"rendered":"Pier\u015bcionek z brylantem o szlifie Asscher"},"content":{"rendered":"<p>Elegancki, szykowny i pe\u0142en blasku, model <b>Pier\u015bcionek z brylantem o szlifie Asscher<\/b> zosta\u0142a zaprojektowana tak, aby stanowi\u0107 subtelny, ale efektowny akcent. Ozdobiona sze\u015bcioma diamentami o szlifie Asscher, wyhodowanymi w laboratorium, o \u0142\u0105cznej masie 1,25 karata, ka\u017cdy kamie\u0144 jest r\u0119cznie dobierany pod k\u0105tem wyj\u0105tkowej czysto\u015bci i blasku.<\/p>\n<p>Wykonana z 18-karatowego bia\u0142ego, \u017c\u00f3\u0142tego lub r\u00f3\u017cowego z\u0142ota obr\u0105czka zosta\u0142a starannie zaprojektowana tak, aby diamenty znajdowa\u0142y si\u0119 tylko na g\u00f3rze, zapewniaj\u0105c ca\u0142odzienny komfort bez ucisku kraw\u0119dzi na palcach. Niezale\u017cnie od tego, czy nosisz j\u0105 jako obr\u0105czk\u0119 \u015blubn\u0105, prezent rocznicowy, czy ponadczasowy element codziennej stylizacji, Cristal zapewnia wyrafinowan\u0105 r\u00f3wnowag\u0119 mi\u0119dzy komfortem a blaskiem.<\/p>","protected":false},"excerpt":{"rendered":"<p>Elegancki, szykowny i pe\u0142en blasku, model <b>Pier\u015bcionek z brylantem o szlifie Asscher<\/b> zosta\u0142a zaprojektowana tak, aby stanowi\u0107 subtelny, ale efektowny akcent. Ozdobiona sze\u015bcioma diamentami o szlifie Asscher, wyhodowanymi w laboratorium, o \u0142\u0105cznej masie 1,25 karata, ka\u017cdy kamie\u0144 jest r\u0119cznie dobierany pod k\u0105tem wyj\u0105tkowej czysto\u015bci i blasku.<\/p>\n<p>Wykonana z 18-karatowego bia\u0142ego, \u017c\u00f3\u0142tego lub r\u00f3\u017cowego z\u0142ota obr\u0105czka zosta\u0142a starannie zaprojektowana tak, aby diamenty znajdowa\u0142y si\u0119 tylko na g\u00f3rze, zapewniaj\u0105c ca\u0142odzienny komfort bez ucisku kraw\u0119dzi na palcach. Niezale\u017cnie od tego, czy nosisz j\u0105 jako obr\u0105czk\u0119 \u015blubn\u0105, prezent rocznicowy, czy ponadczasowy element codziennej stylizacji, Cristal zapewnia wyrafinowan\u0105 r\u00f3wnowag\u0119 mi\u0119dzy komfortem a blaskiem.<\/p>","protected":false},"featured_media":8126,"template":"","meta":{"_acf_changed":false},"product_brand":[],"product_cat":[58,251,23,52,57],"product_tag":[495,439,493,440,412,496,456,447,448,498,454,497,494,445],"class_list":{"0":"post-8123","1":"product","2":"type-product","3":"status-publish","4":"has-post-thumbnail","6":"product_cat-casual-rings","7":"product_cat-eternity-bands","8":"product_cat-love-engagement","9":"product_cat-rings","10":"product_cat-wedding-bands","11":"product_tag-18k-white-gold-band","12":"product_tag-anniversary-diamond-ring","13":"product_tag-asscher-cut-diamond-band","14":"product_tag-elegant-diamond-band","15":"product_tag-fine-jewelry-for-women","16":"product_tag-geometric-diamond-ring","17":"product_tag-half-eternity","18":"product_tag-half-eternity-band","19":"product_tag-half-eternity-ring","20":"product_tag-lab-grown-diamond-jewelry","21":"product_tag-luxury-diamond-band","22":"product_tag-modern-wedding-band","23":"product_tag-six-stone-diamond-ring","24":"product_tag-timeless-diamond-ring","25":"pa_metal-white-gold","27":"first","28":"instock","29":"taxable","30":"shipping-taxable","31":"purchasable","32":"product-type-variable"},"acf":[],"jetpack_sharing_enabled":true,"_links":{"self":[{"href":"https:\/\/lumierediamonds.eu\/pl\/wp-json\/wp\/v2\/product\/8123","targetHints":{"allow":["GET"]}}],"collection":[{"href":"https:\/\/lumierediamonds.eu\/pl\/wp-json\/wp\/v2\/product"}],"about":[{"href":"https:\/\/lumierediamonds.eu\/pl\/wp-json\/wp\/v2\/types\/product"}],"version-history":[{"count":4,"href":"https:\/\/lumierediamonds.eu\/pl\/wp-json\/wp\/v2\/product\/8123\/revisions"}],"predecessor-version":[{"id":11346,"href":"https:\/\/lumierediamonds.eu\/pl\/wp-json\/wp\/v2\/product\/8123\/revisions\/11346"}],"wp:featuredmedia":[{"embeddable":true,"href":"https:\/\/lumierediamonds.eu\/pl\/wp-json\/wp\/v2\/media\/8126"}],"wp:attachment":[{"href":"https:\/\/lumierediamonds.eu\/pl\/wp-json\/wp\/v2\/media?parent=8123"}],"wp:term":[{"taxonomy":"product_brand","embeddable":true,"href":"https:\/\/lumierediamonds.eu\/pl\/wp-json\/wp\/v2\/product_brand?post=8123"},{"taxonomy":"product_cat","embeddable":true,"href":"https:\/\/lumierediamonds.eu\/pl\/wp-json\/wp\/v2\/product_cat?post=8123"},{"taxonomy":"product_tag","embeddable":true,"href":"https:\/\/lumierediamonds.eu\/pl\/wp-json\/wp\/v2\/product_tag?post=8123"}],"curies":[{"name":"wp","href":"https:\/\/api.w.org\/{rel}","templated":true}]}}