{"id":8144,"date":"2025-01-09T11:56:23","date_gmt":"2025-01-09T10:56:23","guid":{"rendered":"https:\/\/lumierediamonds.eu\/?post_type=product&#038;p=8144"},"modified":"2025-11-17T14:36:10","modified_gmt":"2025-11-17T13:36:10","slug":"esme-pierscionek-z-brylantami-w-szlifie-gruszkowym-polwieczna-obraczka","status":"publish","type":"product","link":"https:\/\/lumierediamonds.eu\/pl\/produkt\/esme-pierscionek-z-brylantami-w-szlifie-gruszkowym-polwieczna-obraczka\/","title":{"rendered":"Pier\u015bcionek z brylantami o szlifie gruszkowym Esm\u00e9 Half Eternity"},"content":{"rendered":"<p class=\"p1\">Kobieca i promienna, <strong>Pier\u015bcionek z brylantami o szlifie gruszkowym Esm\u00e9 Half Eternity<\/strong> dodaje delikatn\u0105 krzywizn\u0119 blasku do ka\u017cdego zestawu. Delikatna sylwetka, wysadzana dziewi\u0119cioma diamentami o szlifie gruszkowym, o \u0142\u0105cznej masie 0,50 karata, stanowi \u015bwie\u017ce spojrzenie na ponadczasowy blask.<\/p>\n<p class=\"p1\">Wykonana z 18-karatowego \u017c\u00f3\u0142tego lub bia\u0142ego z\u0142ota, Esm\u00e9 \u0142\u0105czy romantyczne detale z nowoczesn\u0105 prostot\u0105. No\u015b j\u0105 jako znacz\u0105c\u0105 obr\u0105czk\u0119 \u015blubn\u0105, symbol mi\u0142o\u015bci lub wyrafinowany dodatek do codziennej kolekcji.<\/p>","protected":false},"excerpt":{"rendered":"<p class=\"p1\">Kobieca i promienna, <strong>Pier\u015bcionek z brylantami o szlifie gruszkowym Esm\u00e9 Half Eternity<\/strong> dodaje delikatn\u0105 krzywizn\u0119 blasku do ka\u017cdego zestawu. Delikatna sylwetka, wysadzana dziewi\u0119cioma diamentami o szlifie gruszkowym, o \u0142\u0105cznej masie 0,50 karata, stanowi \u015bwie\u017ce spojrzenie na ponadczasowy blask.<\/p>\n<p class=\"p1\">Wykonana z 18-karatowego \u017c\u00f3\u0142tego lub bia\u0142ego z\u0142ota, Esm\u00e9 \u0142\u0105czy romantyczne detale z nowoczesn\u0105 prostot\u0105. No\u015b j\u0105 jako znacz\u0105c\u0105 obr\u0105czk\u0119 \u015blubn\u0105, symbol mi\u0142o\u015bci lub wyrafinowany dodatek do codziennej kolekcji.<\/p>","protected":false},"featured_media":8146,"template":"","meta":{"_acf_changed":false},"product_brand":[],"product_cat":[58,251,23,52,57],"product_tag":[511,510,495,470,507,413,509,506,440,412,456,447,448,498,512,454,463,497,517,516,515,514,513,508,445],"class_list":{"0":"post-8144","1":"product","2":"type-product","3":"status-publish","4":"has-post-thumbnail","6":"product_cat-casual-rings","7":"product_cat-eternity-bands","8":"product_cat-love-engagement","9":"product_cat-rings","10":"product_cat-wedding-bands","11":"product_tag-1-2-ct-tw-diamond-band","12":"product_tag-18k-white-gold-anniversary-band","13":"product_tag-18k-white-gold-band","14":"product_tag-18k-yellow-gold-diamond-band","15":"product_tag-9-stone-diamond-ring","16":"product_tag-anniversary-ring","17":"product_tag-east-west-diamond-setting","18":"product_tag-east-west-pear-diamond-band","19":"product_tag-elegant-diamond-band","20":"product_tag-fine-jewelry-for-women","21":"product_tag-half-eternity","22":"product_tag-half-eternity-band","23":"product_tag-half-eternity-ring","24":"product_tag-lab-grown-diamond-jewelry","25":"product_tag-luxe-wedding-band","26":"product_tag-luxury-diamond-band","27":"product_tag-modern-diamond-band","28":"product_tag-modern-wedding-band","29":"product_tag-nine-stone","30":"product_tag-nine-stone-eternity-band","31":"product_tag-nine-stone-eternity-ring","32":"product_tag-nine-stone-ring","33":"product_tag-nine-stone-wedding-band","34":"product_tag-pear-cut-diamond-band","35":"product_tag-timeless-diamond-ring","36":"pa_metal-white-gold","37":"pa_metal-yellow-gold","39":"first","40":"instock","41":"taxable","42":"shipping-taxable","43":"purchasable","44":"product-type-variable"},"acf":[],"jetpack_sharing_enabled":true,"_links":{"self":[{"href":"https:\/\/lumierediamonds.eu\/pl\/wp-json\/wp\/v2\/product\/8144","targetHints":{"allow":["GET"]}}],"collection":[{"href":"https:\/\/lumierediamonds.eu\/pl\/wp-json\/wp\/v2\/product"}],"about":[{"href":"https:\/\/lumierediamonds.eu\/pl\/wp-json\/wp\/v2\/types\/product"}],"version-history":[{"count":4,"href":"https:\/\/lumierediamonds.eu\/pl\/wp-json\/wp\/v2\/product\/8144\/revisions"}],"predecessor-version":[{"id":11341,"href":"https:\/\/lumierediamonds.eu\/pl\/wp-json\/wp\/v2\/product\/8144\/revisions\/11341"}],"wp:featuredmedia":[{"embeddable":true,"href":"https:\/\/lumierediamonds.eu\/pl\/wp-json\/wp\/v2\/media\/8146"}],"wp:attachment":[{"href":"https:\/\/lumierediamonds.eu\/pl\/wp-json\/wp\/v2\/media?parent=8144"}],"wp:term":[{"taxonomy":"product_brand","embeddable":true,"href":"https:\/\/lumierediamonds.eu\/pl\/wp-json\/wp\/v2\/product_brand?post=8144"},{"taxonomy":"product_cat","embeddable":true,"href":"https:\/\/lumierediamonds.eu\/pl\/wp-json\/wp\/v2\/product_cat?post=8144"},{"taxonomy":"product_tag","embeddable":true,"href":"https:\/\/lumierediamonds.eu\/pl\/wp-json\/wp\/v2\/product_tag?post=8144"}],"curies":[{"name":"wp","href":"https:\/\/api.w.org\/{rel}","templated":true}]}}