{"id":8154,"date":"2025-01-09T12:10:57","date_gmt":"2025-01-09T11:10:57","guid":{"rendered":"https:\/\/lumierediamonds.eu\/?post_type=product&#038;p=8154"},"modified":"2025-08-18T16:27:58","modified_gmt":"2025-08-18T14:27:58","slug":"krawedz","status":"publish","type":"product","link":"https:\/\/lumierediamonds.eu\/pl\/produkt\/krawedz\/","title":{"rendered":"Kraw\u0119d\u017a ta\u015bmy"},"content":{"rendered":"<p class=\"p1\">Efektowny i nowoczesny, <strong>Kraw\u0119d\u017a ta\u015bmy<\/strong> charakteryzuje si\u0119 odwa\u017cnym motywem piramidy, kt\u00f3ry nadaje tekstur\u0119 i wymiar ponadczasowej sylwetce. Dzi\u0119ki eleganckiemu, rze\u017abionemu wzornictwu pier\u015bcionek pi\u0119knie odbija \u015bwiat\u0142o, nadaj\u0105c mu nowoczesny charakter, a jednocze\u015bnie zachowuj\u0105c naturaln\u0105 elegancj\u0119.<\/p>\n<p class=\"p1\">Wykonana z 18-karatowego \u017c\u00f3\u0142tego, bia\u0142ego lub r\u00f3\u017cowego z\u0142ota, a tak\u017ce platyny, obr\u0105czka Edge Band jest na tyle uniwersalna, \u017ce mo\u017cna j\u0105 nosi\u0107 samodzielnie jako wyrazisty element stylizacji lub \u0142\u0105czy\u0107 z ulubionymi pier\u015bcionkami, tworz\u0105c charakterystyczny efekt warstwowo\u015bci. Minimalistyczna, a jednocze\u015bnie odwa\u017cna, zosta\u0142a zaprojektowana z my\u015bl\u0105 o nowoczesnych u\u017cytkownikach, kt\u00f3rzy ceni\u0105 zar\u00f3wno styl, jak i detale.<\/p>","protected":false},"excerpt":{"rendered":"<p class=\"p1\">Efektowny i nowoczesny, <strong>Kraw\u0119d\u017a ta\u015bmy<\/strong> charakteryzuje si\u0119 odwa\u017cnym motywem piramidy, kt\u00f3ry nadaje tekstur\u0119 i wymiar ponadczasowej sylwetce. Dzi\u0119ki eleganckiemu, rze\u017abionemu wzornictwu pier\u015bcionek pi\u0119knie odbija \u015bwiat\u0142o, nadaj\u0105c mu nowoczesny charakter, a jednocze\u015bnie zachowuj\u0105c naturaln\u0105 elegancj\u0119.<\/p>\n<p class=\"p1\">Wykonana z 18-karatowego \u017c\u00f3\u0142tego, bia\u0142ego lub r\u00f3\u017cowego z\u0142ota, a tak\u017ce platyny, obr\u0105czka Edge Band jest na tyle uniwersalna, \u017ce mo\u017cna j\u0105 nosi\u0107 samodzielnie jako wyrazisty element stylizacji lub \u0142\u0105czy\u0107 z ulubionymi pier\u015bcionkami, tworz\u0105c charakterystyczny efekt warstwowo\u015bci. Minimalistyczna, a jednocze\u015bnie odwa\u017cna, zosta\u0142a zaprojektowana z my\u015bl\u0105 o nowoczesnych u\u017cytkownikach, kt\u00f3rzy ceni\u0105 zar\u00f3wno styl, jak i detale.<\/p>","protected":false},"featured_media":8162,"template":"","meta":{"_acf_changed":false},"product_brand":[],"product_cat":[23,52,57],"product_tag":[502,495,519,520,501,497,505,503,518,522,521,523,462],"class_list":{"0":"post-8154","1":"product","2":"type-product","3":"status-publish","4":"has-post-thumbnail","6":"product_cat-love-engagement","7":"product_cat-rings","8":"product_cat-wedding-bands","9":"product_tag-18k-gold-band","10":"product_tag-18k-white-gold-band","11":"product_tag-geometric-ring","12":"product_tag-geometric-wedding-band","13":"product_tag-minimalist-wedding-ring","14":"product_tag-modern-wedding-band","15":"product_tag-platinum-wedding-band","16":"product_tag-platinum-wedding-ring","17":"product_tag-pyramid-ring","18":"product_tag-satin-gold-wedding-band","19":"product_tag-satin-wedding-band","20":"product_tag-satin-wedding-ring","21":"product_tag-timeless-wedding-band","22":"pa_metal-rose-gold","23":"pa_metal-white-gold","24":"pa_metal-yellow-gold","25":"pa_metal-platinum","27":"first","28":"instock","29":"taxable","30":"shipping-taxable","31":"purchasable","32":"product-type-variable"},"acf":[],"jetpack_sharing_enabled":true,"_links":{"self":[{"href":"https:\/\/lumierediamonds.eu\/pl\/wp-json\/wp\/v2\/product\/8154","targetHints":{"allow":["GET"]}}],"collection":[{"href":"https:\/\/lumierediamonds.eu\/pl\/wp-json\/wp\/v2\/product"}],"about":[{"href":"https:\/\/lumierediamonds.eu\/pl\/wp-json\/wp\/v2\/types\/product"}],"version-history":[{"count":3,"href":"https:\/\/lumierediamonds.eu\/pl\/wp-json\/wp\/v2\/product\/8154\/revisions"}],"predecessor-version":[{"id":10241,"href":"https:\/\/lumierediamonds.eu\/pl\/wp-json\/wp\/v2\/product\/8154\/revisions\/10241"}],"wp:featuredmedia":[{"embeddable":true,"href":"https:\/\/lumierediamonds.eu\/pl\/wp-json\/wp\/v2\/media\/8162"}],"wp:attachment":[{"href":"https:\/\/lumierediamonds.eu\/pl\/wp-json\/wp\/v2\/media?parent=8154"}],"wp:term":[{"taxonomy":"product_brand","embeddable":true,"href":"https:\/\/lumierediamonds.eu\/pl\/wp-json\/wp\/v2\/product_brand?post=8154"},{"taxonomy":"product_cat","embeddable":true,"href":"https:\/\/lumierediamonds.eu\/pl\/wp-json\/wp\/v2\/product_cat?post=8154"},{"taxonomy":"product_tag","embeddable":true,"href":"https:\/\/lumierediamonds.eu\/pl\/wp-json\/wp\/v2\/product_tag?post=8154"}],"curies":[{"name":"wp","href":"https:\/\/api.w.org\/{rel}","templated":true}]}}