{"id":8170,"date":"2025-01-11T16:04:29","date_gmt":"2025-01-11T15:04:29","guid":{"rendered":"https:\/\/lumierediamonds.eu\/?post_type=product&#038;p=8170"},"modified":"2025-11-17T14:36:10","modified_gmt":"2025-11-17T13:36:10","slug":"obraczka-z-brylantami-o-szlifie-szmaragdowym-z-mediolanu","status":"publish","type":"product","link":"https:\/\/lumierediamonds.eu\/pl\/produkt\/obraczka-z-brylantami-o-szlifie-szmaragdowym-z-mediolanu\/","title":{"rendered":"Pier\u015bcionek z brylantami o szlifie szmaragdowym i opraw\u0105 typu eternity"},"content":{"rendered":"<p class=\"p1\">Minimalistyczny, ale urzekaj\u0105cy, <span class=\"s1\"><b>Pier\u015bcionek z brylantami o szlifie szmaragdowym i opraw\u0105 typu eternity<\/b><\/span> na nowo definiuje klasyczny design, nadaj\u0105c mu wsp\u00f3\u0142czesn\u0105 swobod\u0119. Ten efektowny element zdobi nieprzerwany kr\u0105g szmaragdowych diament\u00f3w wyhodowanych w laboratorium, z kt\u00f3rych ka\u017cdy jest oprawiony w ramk\u0119, aby podkre\u015bli\u0107 ich liniowe pi\u0119kno i nieskazitelny blask.<\/p>\n<p class=\"p1\">Wykonana z 18-karatowego \u017c\u00f3\u0142tego, bia\u0142ego lub r\u00f3\u017cowego z\u0142ota, elegancka oprawa tworzy p\u0142ynn\u0105 lini\u0119 blasku \u2014 idealnie r\u00f3wnowa\u017c\u0105c odwa\u017cny po\u0142ysk z codziennym komfortem. Niezale\u017cnie od tego, czy wybierzesz j\u0105 jako znacz\u0105c\u0105 obr\u0105czk\u0119, pier\u015bcionek zar\u0119czynowy, czy nowoczesn\u0105 bi\u017cuteri\u0119, Milan wnosi do Twojej kolekcji bi\u017cuterii wyrafinowan\u0105 prostot\u0119.<\/p>","protected":false},"excerpt":{"rendered":"<p class=\"p1\">Minimalistyczny, ale urzekaj\u0105cy, <span class=\"s1\"><b>Pier\u015bcionek z brylantami o szlifie szmaragdowym i opraw\u0105 typu eternity<\/b><\/span> na nowo definiuje klasyczny design, nadaj\u0105c mu wsp\u00f3\u0142czesn\u0105 swobod\u0119. Ten efektowny element zdobi nieprzerwany kr\u0105g szmaragdowych diament\u00f3w wyhodowanych w laboratorium, z kt\u00f3rych ka\u017cdy jest oprawiony w ramk\u0119, aby podkre\u015bli\u0107 ich liniowe pi\u0119kno i nieskazitelny blask.<\/p>\n<p class=\"p1\">Wykonana z 18-karatowego \u017c\u00f3\u0142tego, bia\u0142ego lub r\u00f3\u017cowego z\u0142ota, elegancka oprawa tworzy p\u0142ynn\u0105 lini\u0119 blasku \u2014 idealnie r\u00f3wnowa\u017c\u0105c odwa\u017cny po\u0142ysk z codziennym komfortem. Niezale\u017cnie od tego, czy wybierzesz j\u0105 jako znacz\u0105c\u0105 obr\u0105czk\u0119, pier\u015bcionek zar\u0119czynowy, czy nowoczesn\u0105 bi\u017cuteri\u0119, Milan wnosi do Twojej kolekcji bi\u017cuterii wyrafinowan\u0105 prostot\u0119.<\/p>","protected":false},"featured_media":8174,"template":"","meta":{"_acf_changed":false},"product_brand":[],"product_cat":[58,251,23,52,57],"product_tag":[495,470,413,528,529,440,527,530,412,498,512,454,463,535,497,534,533,536,537,445,538,531,532],"class_list":{"0":"post-8170","1":"product","2":"type-product","3":"status-publish","4":"has-post-thumbnail","6":"product_cat-casual-rings","7":"product_cat-eternity-bands","8":"product_cat-love-engagement","9":"product_cat-rings","10":"product_cat-wedding-bands","11":"product_tag-18k-white-gold-band","12":"product_tag-18k-yellow-gold-diamond-band","13":"product_tag-anniversary-ring","14":"product_tag-bezel-eternity-ring","15":"product_tag-diamond-eternity-band","16":"product_tag-elegant-diamond-band","17":"product_tag-emerald-diamond-ring","18":"product_tag-emerald-cut-diamonds","19":"product_tag-fine-jewelry-for-women","20":"product_tag-lab-grown-diamond-jewelry","21":"product_tag-luxe-wedding-band","22":"product_tag-luxury-diamond-band","23":"product_tag-modern-diamond-band","24":"product_tag-modern-diamond-ring","25":"product_tag-modern-wedding-band","26":"product_tag-platinum-eternity-ring","27":"product_tag-rose-gold-emerald-ring","28":"product_tag-sophisticated-jewelry","29":"product_tag-statement-eternity-band","30":"product_tag-timeless-diamond-ring","31":"product_tag-wedding-eternity-band","32":"product_tag-white-gold-eternity-ring","33":"product_tag-yellow-gold-diamond-band","34":"pa_metal-rose-gold","35":"pa_metal-white-gold","36":"pa_metal-yellow-gold","37":"pa_metal-platinum","39":"first","40":"instock","41":"taxable","42":"shipping-taxable","43":"purchasable","44":"product-type-variable"},"acf":[],"jetpack_sharing_enabled":true,"_links":{"self":[{"href":"https:\/\/lumierediamonds.eu\/pl\/wp-json\/wp\/v2\/product\/8170","targetHints":{"allow":["GET"]}}],"collection":[{"href":"https:\/\/lumierediamonds.eu\/pl\/wp-json\/wp\/v2\/product"}],"about":[{"href":"https:\/\/lumierediamonds.eu\/pl\/wp-json\/wp\/v2\/types\/product"}],"version-history":[{"count":6,"href":"https:\/\/lumierediamonds.eu\/pl\/wp-json\/wp\/v2\/product\/8170\/revisions"}],"predecessor-version":[{"id":10203,"href":"https:\/\/lumierediamonds.eu\/pl\/wp-json\/wp\/v2\/product\/8170\/revisions\/10203"}],"wp:featuredmedia":[{"embeddable":true,"href":"https:\/\/lumierediamonds.eu\/pl\/wp-json\/wp\/v2\/media\/8174"}],"wp:attachment":[{"href":"https:\/\/lumierediamonds.eu\/pl\/wp-json\/wp\/v2\/media?parent=8170"}],"wp:term":[{"taxonomy":"product_brand","embeddable":true,"href":"https:\/\/lumierediamonds.eu\/pl\/wp-json\/wp\/v2\/product_brand?post=8170"},{"taxonomy":"product_cat","embeddable":true,"href":"https:\/\/lumierediamonds.eu\/pl\/wp-json\/wp\/v2\/product_cat?post=8170"},{"taxonomy":"product_tag","embeddable":true,"href":"https:\/\/lumierediamonds.eu\/pl\/wp-json\/wp\/v2\/product_tag?post=8170"}],"curies":[{"name":"wp","href":"https:\/\/api.w.org\/{rel}","templated":true}]}}