{"id":8233,"date":"2025-01-11T17:24:56","date_gmt":"2025-01-11T16:24:56","guid":{"rendered":"https:\/\/lumierediamonds.eu\/?post_type=product&#038;p=8233"},"modified":"2025-05-31T14:20:01","modified_gmt":"2025-05-31T12:20:01","slug":"podwojna-harmonijna-obraczka-z-diamentami","status":"publish","type":"product","link":"https:\/\/lumierediamonds.eu\/pl\/produkt\/podwojna-harmonijna-obraczka-z-diamentami\/","title":{"rendered":"Podw\u00f3jna harmonijna obr\u0105czka z brylantami"},"content":{"rendered":"<p class=\"p1\">Wzboga\u0107 swoj\u0105 kolekcj\u0119 bi\u017cuterii dzi\u0119ki <b>Podw\u00f3jna harmonijna wk\u0142adka z diamentami<\/b>, pomys\u0142owe rozszerzenie ukochanego <a href=\"https:\/\/lumierediamonds.eu\/pl\/produkt\/harmonijny-pierscionek-z-brylantami\/\">Harmony Twist Diamond Band<\/a>. Projekt ten charakteryzuje si\u0119 dwoma splecionymi wst\u0105\u017ckami z polerowanego z\u0142ota, elegancko wy\u0142o\u017conymi b\u0142yszcz\u0105cymi diamentami wyhodowanymi w laboratorium, tworz\u0105c urzekaj\u0105cy efekt ruchu i blasku.<\/p>\n<p class=\"p1\">Ten wszechstronny pier\u015bcionek mo\u017ce by\u0107 noszony jako obr\u0105czka \u015blubna, pier\u015bcionek rocznicowy lub w po\u0142\u0105czeniu z innymi pier\u015bcionkami, tworz\u0105c odwa\u017cn\u0105, ale eleganck\u0105 stylizacj\u0119. Dzi\u0119ki nowoczesnej wyrafinowanej stylistyce i ponadczasowemu kunsztowi wykonania pier\u015bcionek Double Harmony Twist Diamond Band stanowi ol\u015bniewaj\u0105ce uhonorowanie Twoich najcenniejszych chwil.<\/p>","protected":false},"excerpt":{"rendered":"<p class=\"p1\">Wzboga\u0107 swoj\u0105 kolekcj\u0119 bi\u017cuterii dzi\u0119ki <b>Podw\u00f3jna harmonijna wk\u0142adka z diamentami<\/b>, pomys\u0142owe rozszerzenie uwielbianej serii Harmony Twist Diamond Band. Projekt ten charakteryzuje si\u0119 dwoma splecionymi wst\u0105\u017ckami z polerowanego z\u0142ota, elegancko wy\u0142o\u017conymi b\u0142yszcz\u0105cymi diamentami wyhodowanymi w laboratorium, tworz\u0105c urzekaj\u0105cy efekt ruchu i blasku.<\/p>","protected":false},"featured_media":8240,"template":"","meta":{"_acf_changed":false},"product_brand":[],"product_cat":[251,52,57],"product_tag":[549,424,413,547,546,433,548,441,430,432,463,431,429,423,550,426,427,551,435,434,428,275,425],"class_list":{"0":"post-8233","1":"product","2":"type-product","3":"status-publish","4":"has-post-thumbnail","6":"product_cat-eternity-bands","7":"product_cat-rings","8":"product_cat-wedding-bands","9":"product_tag-18k-gold-diamond-band","10":"product_tag-18k-white-gold-eternity-ring","11":"product_tag-anniversary-ring","12":"product_tag-diamond-eternity-ring","13":"product_tag-double-twist-diamond-band","14":"product_tag-elegant-anniversary-ring","15":"product_tag-intertwined-diamond-band","16":"product_tag-lab-grown-diamond-band","17":"product_tag-lab-grown-diamond-eternity-band","18":"product_tag-minimalist-diamond-ring","19":"product_tag-modern-diamond-band","20":"product_tag-modern-wedding-ring","21":"product_tag-pave-diamond-ring","22":"product_tag-petite-diamond-eternity-ring","23":"product_tag-platinum-diamond-insert","24":"product_tag-rose-gold-diamond-band","25":"product_tag-stackable-diamond-ring","26":"product_tag-sustainable-diamond-ring","27":"product_tag-twist-eternity-ring","28":"product_tag-twist-ring","29":"product_tag-twisted-diamond-ring","30":"product_tag-wedding-band","31":"product_tag-yellow-gold-twist-ring","32":"pa_metal-rose-gold","33":"pa_metal-white-gold","34":"pa_metal-yellow-gold","36":"first","37":"instock","38":"taxable","39":"shipping-taxable","40":"purchasable","41":"product-type-variable"},"acf":[],"jetpack_sharing_enabled":true,"_links":{"self":[{"href":"https:\/\/lumierediamonds.eu\/pl\/wp-json\/wp\/v2\/product\/8233","targetHints":{"allow":["GET"]}}],"collection":[{"href":"https:\/\/lumierediamonds.eu\/pl\/wp-json\/wp\/v2\/product"}],"about":[{"href":"https:\/\/lumierediamonds.eu\/pl\/wp-json\/wp\/v2\/types\/product"}],"version-history":[{"count":2,"href":"https:\/\/lumierediamonds.eu\/pl\/wp-json\/wp\/v2\/product\/8233\/revisions"}],"predecessor-version":[{"id":8253,"href":"https:\/\/lumierediamonds.eu\/pl\/wp-json\/wp\/v2\/product\/8233\/revisions\/8253"}],"wp:featuredmedia":[{"embeddable":true,"href":"https:\/\/lumierediamonds.eu\/pl\/wp-json\/wp\/v2\/media\/8240"}],"wp:attachment":[{"href":"https:\/\/lumierediamonds.eu\/pl\/wp-json\/wp\/v2\/media?parent=8233"}],"wp:term":[{"taxonomy":"product_brand","embeddable":true,"href":"https:\/\/lumierediamonds.eu\/pl\/wp-json\/wp\/v2\/product_brand?post=8233"},{"taxonomy":"product_cat","embeddable":true,"href":"https:\/\/lumierediamonds.eu\/pl\/wp-json\/wp\/v2\/product_cat?post=8233"},{"taxonomy":"product_tag","embeddable":true,"href":"https:\/\/lumierediamonds.eu\/pl\/wp-json\/wp\/v2\/product_tag?post=8233"}],"curies":[{"name":"wp","href":"https:\/\/api.w.org\/{rel}","templated":true}]}}