{"id":8553,"date":"2025-06-06T17:45:14","date_gmt":"2025-06-06T15:45:14","guid":{"rendered":"https:\/\/lumierediamonds.eu\/?post_type=product&#038;p=8553"},"modified":"2025-12-10T14:09:19","modified_gmt":"2025-12-10T13:09:19","slug":"bransoletka-z-diamentami-w-fantazyjnych-ksztaltach","status":"publish","type":"product","link":"https:\/\/lumierediamonds.eu\/pl\/produkt\/bransoletka-z-diamentami-w-fantazyjnych-ksztaltach\/","title":{"rendered":"Bransoletka Aria Fancy Shapes Diamond Station"},"content":{"rendered":"<p class=\"p1\">Dramatyczny, a jednocze\u015bnie wyrafinowany, model <strong>Bransoletka Aria Fancy Shapes Diamond Station<\/strong> to celebracja blasku w ka\u017cdej postaci. Ta urzekaj\u0105ca bi\u017cuteria, o \u0142\u0105cznej masie 7 karat\u00f3w, zawiera diamenty wyhodowane w laboratorium w r\u00f3\u017cnych kszta\u0142tach \u2014 serce, gruszka, markiza, owal, poduszka i szmaragd \u2014 ka\u017cdy z nich fachowo oszlifowany, aby ol\u015bniewa\u0142 pod ka\u017cdym k\u0105tem.<\/p>\n<p class=\"p1\">Diamenty osadzone w polerowanym 18-karatowym \u017c\u00f3\u0142tym z\u0142ocie s\u0105 oprawione w szpilki wzd\u0142u\u017c wdzi\u0119cznej sylwetki, kt\u00f3ra p\u0142ynnie porusza si\u0119 wraz z nadgarstkiem. Bezpieczne zapi\u0119cie skrzynkowe z zabezpieczeniem zapewnia eleganckie noszenie od rana do wieczora.<\/p>\n<p class=\"p1\">Wyr\u00f3\u017cniaj\u0105ca si\u0119 elegancj\u0105 kolekcja Aria to prawdziwy skarb dla mi\u0142o\u015bnik\u00f3w blasku i os\u00f3b, kt\u00f3re ceni\u0105 sobie artyzm unikalnych szlif\u00f3w diament\u00f3w \u2014 luksus na nowo odkryty dla wsp\u00f3\u0142czesnych kolekcjoner\u00f3w.<\/p>","protected":false},"excerpt":{"rendered":"<p class=\"p1\">Dramatyczny, a jednocze\u015bnie wyrafinowany, model <strong>Bransoletka Aria Fancy Shapes Diamond Station<\/strong> to celebracja blasku w ka\u017cdej postaci. Ta urzekaj\u0105ca bi\u017cuteria, o \u0142\u0105cznej masie 7 karat\u00f3w, zawiera diamenty wyhodowane w laboratorium w r\u00f3\u017cnych kszta\u0142tach \u2014 serce, gruszka, markiza, owal, poduszka i szmaragd \u2014 ka\u017cdy z nich fachowo oszlifowany, aby ol\u015bniewa\u0142 pod ka\u017cdym k\u0105tem.<\/p>\n<p class=\"p1\">Diamenty osadzone w polerowanym 18-karatowym \u017c\u00f3\u0142tym z\u0142ocie s\u0105 oprawione w szpilki wzd\u0142u\u017c wdzi\u0119cznej sylwetki, kt\u00f3ra p\u0142ynnie porusza si\u0119 wraz z nadgarstkiem. Bezpieczne zapi\u0119cie skrzynkowe z zabezpieczeniem zapewnia eleganckie noszenie od rana do wieczora.<\/p>\n<p class=\"p1\">Wyr\u00f3\u017cniaj\u0105ca si\u0119 elegancj\u0105 kolekcja Aria to prawdziwy skarb dla mi\u0142o\u015bnik\u00f3w blasku i os\u00f3b, kt\u00f3re ceni\u0105 sobie artyzm unikalnych szlif\u00f3w diament\u00f3w \u2014 luksus na nowo odkryty dla wsp\u00f3\u0142czesnych kolekcjoner\u00f3w.<\/p>","protected":false},"featured_media":8549,"template":"","meta":{"_acf_changed":false},"product_brand":[],"product_cat":[55,1338],"product_tag":[557,563,562,237,556,245,367,559,366,565,555,567,558,364,560,365,472,561,243,564,566,371],"class_list":{"0":"post-8553","1":"product","2":"type-product","3":"status-publish","4":"has-post-thumbnail","6":"product_cat-bracelets","7":"product_cat-station-bracelets","8":"product_tag-7-carat-bracelet","9":"product_tag-aria-bracelet","10":"product_tag-carat-total-weight-7-ct","11":"product_tag-diamond-bracelet","12":"product_tag-diamond-station-bracelet","13":"product_tag-diamond-tennis-bracelet","14":"product_tag-elegant-bracelets","15":"product_tag-elegant-diamond-bracelet","16":"product_tag-everyday-luxury","17":"product_tag-fancy-cut-diamond-bracelet","18":"product_tag-fancy-shape-diamonds","19":"product_tag-lab-created-diamond-bracelet","20":"product_tag-lab-grown-diamond-bracelet","21":"product_tag-lab-grown-diamonds","22":"product_tag-luxury-gold-bracelet","23":"product_tag-minimalist-bracelet","24":"product_tag-modern-diamond-jewelry","25":"product_tag-prong-set-bracelet","26":"product_tag-tennis-bracelet","27":"product_tag-unique-diamond-shapes","28":"product_tag-womens-diamond-bracelet","29":"product_tag-yellow-gold-bracelet","30":"pa_metal-yellow-gold","32":"first","33":"instock","34":"taxable","35":"shipping-taxable","36":"purchasable","37":"product-type-simple"},"acf":[],"jetpack_sharing_enabled":true,"_links":{"self":[{"href":"https:\/\/lumierediamonds.eu\/pl\/wp-json\/wp\/v2\/product\/8553","targetHints":{"allow":["GET"]}}],"collection":[{"href":"https:\/\/lumierediamonds.eu\/pl\/wp-json\/wp\/v2\/product"}],"about":[{"href":"https:\/\/lumierediamonds.eu\/pl\/wp-json\/wp\/v2\/types\/product"}],"version-history":[{"count":8,"href":"https:\/\/lumierediamonds.eu\/pl\/wp-json\/wp\/v2\/product\/8553\/revisions"}],"predecessor-version":[{"id":13439,"href":"https:\/\/lumierediamonds.eu\/pl\/wp-json\/wp\/v2\/product\/8553\/revisions\/13439"}],"wp:featuredmedia":[{"embeddable":true,"href":"https:\/\/lumierediamonds.eu\/pl\/wp-json\/wp\/v2\/media\/8549"}],"wp:attachment":[{"href":"https:\/\/lumierediamonds.eu\/pl\/wp-json\/wp\/v2\/media?parent=8553"}],"wp:term":[{"taxonomy":"product_brand","embeddable":true,"href":"https:\/\/lumierediamonds.eu\/pl\/wp-json\/wp\/v2\/product_brand?post=8553"},{"taxonomy":"product_cat","embeddable":true,"href":"https:\/\/lumierediamonds.eu\/pl\/wp-json\/wp\/v2\/product_cat?post=8553"},{"taxonomy":"product_tag","embeddable":true,"href":"https:\/\/lumierediamonds.eu\/pl\/wp-json\/wp\/v2\/product_tag?post=8553"}],"curies":[{"name":"wp","href":"https:\/\/api.w.org\/{rel}","templated":true}]}}