{"id":8562,"date":"2025-06-09T01:09:13","date_gmt":"2025-06-08T23:09:13","guid":{"rendered":"https:\/\/lumierediamonds.eu\/?post_type=product&#038;p=8562"},"modified":"2025-11-24T18:11:45","modified_gmt":"2025-11-24T17:11:45","slug":"bransoletka-z-diamentami-cannes-panther-link","status":"publish","type":"product","link":"https:\/\/lumierediamonds.eu\/pl\/produkt\/bransoletka-z-diamentami-cannes-panther-link\/","title":{"rendered":"Bransoletka z diamentami Cannes Panther Link"},"content":{"rendered":"<p class=\"p1\"><span class=\"s1\">The <b>Bransoletka z diamentami Cannes Panther Link<\/b><\/span> wnosi odrobin\u0119 codziennego luksusu.<\/p>\n<p class=\"p1\">Dzi\u0119ki 2 karatom b\u0142yszcz\u0105cych diament\u00f3w wyhodowanych w laboratorium, jego eleganckie z\u0142ote ogniwa odbijaj\u0105 \u015bwiat\u0142o przy ka\u017cdym ruchu, zapewniaj\u0105c ol\u015bniewaj\u0105cy blask pod ka\u017cdym k\u0105tem. Zaprojektowany z my\u015bl\u0105 o p\u0142ynno\u015bci i elastyczno\u015bci, zabezpieczony dyskretnym zapi\u0119ciem sk\u0142adanym, stanowi idealn\u0105 r\u00f3wnowag\u0119 mi\u0119dzy wyrafinowaniem a wygod\u0105.<\/p>\n<p class=\"p1\">Niezale\u017cnie od tego, czy nosisz j\u0105 samodzielnie, czy w zestawieniu z innymi bi\u017cuteriami, bransoletka Cannes dodaje Ci pewno\u015bci siebie i niezaprzeczalnego blasku, nadaj\u0105c elegancji Twojej codzienno\u015bci i podkre\u015blaj\u0105c Twoj\u0105 obecno\u015b\u0107 na ka\u017cdej uroczysto\u015bci.<\/p>","protected":false},"excerpt":{"rendered":"<p class=\"p1\"><span class=\"s1\">The <b>Bransoletka z diamentami Cannes Panther Link<\/b><\/span> wnosi odrobin\u0119 codziennego luksusu.<\/p>\n<p class=\"p1\">Dzi\u0119ki 2 karatom b\u0142yszcz\u0105cych diament\u00f3w wyhodowanych w laboratorium, jego eleganckie z\u0142ote ogniwa odbijaj\u0105 \u015bwiat\u0142o przy ka\u017cdym ruchu, zapewniaj\u0105c ol\u015bniewaj\u0105cy blask pod ka\u017cdym k\u0105tem. Zaprojektowany z my\u015bl\u0105 o p\u0142ynno\u015bci i elastyczno\u015bci, zabezpieczony dyskretnym zapi\u0119ciem sk\u0142adanym, stanowi idealn\u0105 r\u00f3wnowag\u0119 mi\u0119dzy wyrafinowaniem a wygod\u0105.<\/p>\n<p class=\"p1\">Niezale\u017cnie od tego, czy nosisz j\u0105 samodzielnie, czy w zestawieniu z innymi bi\u017cuteriami, bransoletka Cannes dodaje Ci pewno\u015bci siebie i niezaprzeczalnego blasku, nadaj\u0105c elegancji Twojej codzienno\u015bci i podkre\u015blaj\u0105c Twoj\u0105 obecno\u015b\u0107 na ka\u017cdej uroczysto\u015bci.<\/p>","protected":false},"featured_media":8558,"template":"","meta":{"_acf_changed":false},"product_brand":[],"product_cat":[55],"product_tag":[377,573,576,572,569,575,558,577,571,568,574,570],"class_list":{"0":"post-8562","1":"product","2":"type-product","3":"status-publish","4":"has-post-thumbnail","6":"product_cat-bracelets","7":"product_tag-18k-yellow-gold-bracelet","8":"product_tag-bold-gold-jewelry","9":"product_tag-cannes-bracelet","10":"product_tag-designer-diamond-bracelet","11":"product_tag-diamond-link-bracelet","12":"product_tag-fine-jewelry-bracelet","13":"product_tag-lab-grown-diamond-bracelet","14":"product_tag-lumiere-bracelet","15":"product_tag-luxury-link-bracelet","16":"product_tag-panther-link-bracelet","17":"product_tag-prong-set-diamond-bracelet","18":"product_tag-statement-gold-bracelet","19":"pa_metal-yellow-gold","21":"first","22":"instock","23":"taxable","24":"shipping-taxable","25":"purchasable","26":"product-type-simple"},"acf":[],"jetpack_sharing_enabled":true,"_links":{"self":[{"href":"https:\/\/lumierediamonds.eu\/pl\/wp-json\/wp\/v2\/product\/8562","targetHints":{"allow":["GET"]}}],"collection":[{"href":"https:\/\/lumierediamonds.eu\/pl\/wp-json\/wp\/v2\/product"}],"about":[{"href":"https:\/\/lumierediamonds.eu\/pl\/wp-json\/wp\/v2\/types\/product"}],"version-history":[{"count":4,"href":"https:\/\/lumierediamonds.eu\/pl\/wp-json\/wp\/v2\/product\/8562\/revisions"}],"predecessor-version":[{"id":11509,"href":"https:\/\/lumierediamonds.eu\/pl\/wp-json\/wp\/v2\/product\/8562\/revisions\/11509"}],"wp:featuredmedia":[{"embeddable":true,"href":"https:\/\/lumierediamonds.eu\/pl\/wp-json\/wp\/v2\/media\/8558"}],"wp:attachment":[{"href":"https:\/\/lumierediamonds.eu\/pl\/wp-json\/wp\/v2\/media?parent=8562"}],"wp:term":[{"taxonomy":"product_brand","embeddable":true,"href":"https:\/\/lumierediamonds.eu\/pl\/wp-json\/wp\/v2\/product_brand?post=8562"},{"taxonomy":"product_cat","embeddable":true,"href":"https:\/\/lumierediamonds.eu\/pl\/wp-json\/wp\/v2\/product_cat?post=8562"},{"taxonomy":"product_tag","embeddable":true,"href":"https:\/\/lumierediamonds.eu\/pl\/wp-json\/wp\/v2\/product_tag?post=8562"}],"curies":[{"name":"wp","href":"https:\/\/api.w.org\/{rel}","templated":true}]}}