{"id":8618,"date":"2025-06-10T16:19:11","date_gmt":"2025-06-10T14:19:11","guid":{"rendered":"https:\/\/lumierediamonds.eu\/?post_type=product&#038;p=8618"},"modified":"2025-11-24T18:11:48","modified_gmt":"2025-11-24T17:11:48","slug":"owalna-bransoletka-tenisowa-z-brylantami-w-oprawie-ramkowej","status":"publish","type":"product","link":"https:\/\/lumierediamonds.eu\/pl\/produkt\/owalna-bransoletka-tenisowa-z-brylantami-w-oprawie-ramkowej\/","title":{"rendered":"Bransoletka tenisowa Roma z owalnymi diamentami w oprawie bezel"},"content":{"rendered":"<p class=\"p1\">Inspirowany dziedzictwem projekt, kt\u00f3ry zosta\u0142 na nowo wymy\u015blony dla wsp\u00f3\u0142czesnego \u017cycia \u2014 elegancki, praktyczny i nadaj\u0105cy si\u0119 do noszenia na co dzie\u0144.<b><\/b><\/p>\n<p class=\"p2\">The <span class=\"s1\"><b>Bransoletka tenisowa Roma z owalnymi kamieniami<\/b><\/span> charakteryzuje si\u0119 ci\u0105g\u0142\u0105 lini\u0105 owalnych diament\u00f3w wyhodowanych w laboratorium, ka\u017cdy osadzony w g\u0142adkiej oprawie, stanowi\u0105cej bezpieczn\u0105 i \u0142atw\u0105 w utrzymaniu alternatyw\u0119 dla tradycyjnych opraw z \u0142apkami \u2014 idealn\u0105 dla os\u00f3b prowadz\u0105cych aktywny tryb \u017cycia lub preferuj\u0105cych niewymagaj\u0105c\u0105 elegancj\u0119.<\/p>\n<p class=\"p2\">Jego dyskretny design nie tylko chroni ka\u017cdy diament, ale tak\u017ce nadaje mu subtelny urok vintage, podkre\u015blony czyst\u0105, nowoczesn\u0105 sylwetk\u0105. Dost\u0119pny w wersji z 18-karatowego bia\u0142ego, \u017c\u00f3\u0142tego lub r\u00f3\u017cowego z\u0142ota, zabezpieczony dyskretnym zapi\u0119ciem typu box clasp. <span class=\"s1\">Bransoletka Roma<\/span> nadaje wyrafinowany po\u0142ysk, niezale\u017cnie od tego, czy noszony samodzielnie, czy w warstwach.<\/p>","protected":false},"excerpt":{"rendered":"<p class=\"p1\">Inspirowany dziedzictwem projekt, kt\u00f3ry zosta\u0142 na nowo wymy\u015blony dla wsp\u00f3\u0142czesnego \u017cycia \u2014 elegancki, praktyczny i nadaj\u0105cy si\u0119 do noszenia na co dzie\u0144.<b><\/b><\/p>\n<p class=\"p2\">The <span class=\"s1\"><b>Bransoletka tenisowa Roma z owalnymi kamieniami<\/b><\/span> charakteryzuje si\u0119 ci\u0105g\u0142\u0105 lini\u0105 owalnych diament\u00f3w wyhodowanych w laboratorium, ka\u017cdy osadzony w g\u0142adkiej oprawie, stanowi\u0105cej bezpieczn\u0105 i \u0142atw\u0105 w utrzymaniu alternatyw\u0119 dla tradycyjnych opraw z \u0142apkami \u2014 idealn\u0105 dla os\u00f3b prowadz\u0105cych aktywny tryb \u017cycia lub preferuj\u0105cych niewymagaj\u0105c\u0105 elegancj\u0119.<\/p>\n<p class=\"p2\">Jego dyskretny design nie tylko chroni ka\u017cdy diament, ale tak\u017ce nadaje mu subtelny urok vintage, podkre\u015blony czyst\u0105, nowoczesn\u0105 sylwetk\u0105. Dost\u0119pny w wersji z 18-karatowego bia\u0142ego, \u017c\u00f3\u0142tego lub r\u00f3\u017cowego z\u0142ota, zabezpieczony dyskretnym zapi\u0119ciem typu box clasp. <span class=\"s1\">Bransoletka Roma<\/span> nadaje wyrafinowany po\u0142ysk, niezale\u017cnie od tego, czy noszony samodzielnie, czy w warstwach.<\/p>","protected":false},"featured_media":8711,"template":"","meta":{"_acf_changed":false},"product_brand":[],"product_cat":[55],"product_tag":[653,603,656,607,654,655,590,250,657,593],"class_list":{"0":"post-8618","1":"product","2":"type-product","3":"status-publish","4":"has-post-thumbnail","6":"product_cat-bracelets","7":"product_tag-18k-gold-tennis-bracelet","8":"product_tag-bezel-set-diamond-bracelet","9":"product_tag-elegant-tennis-bracelet","10":"product_tag-gold-and-diamond-bracelet","11":"product_tag-lab-grown-diamond-tennis-bracelet","12":"product_tag-luxury-fine-jewelry","13":"product_tag-modern-diamond-bracelet","14":"product_tag-oval-diamond-bracelet","15":"product_tag-roma-collection","16":"product_tag-statement-diamond-bracelet","17":"pa_metal-rose-gold","18":"pa_metal-white-gold","19":"pa_metal-yellow-gold","21":"first","22":"instock","23":"taxable","24":"shipping-taxable","25":"purchasable","26":"product-type-variable"},"acf":[],"jetpack_sharing_enabled":true,"_links":{"self":[{"href":"https:\/\/lumierediamonds.eu\/pl\/wp-json\/wp\/v2\/product\/8618","targetHints":{"allow":["GET"]}}],"collection":[{"href":"https:\/\/lumierediamonds.eu\/pl\/wp-json\/wp\/v2\/product"}],"about":[{"href":"https:\/\/lumierediamonds.eu\/pl\/wp-json\/wp\/v2\/types\/product"}],"version-history":[{"count":7,"href":"https:\/\/lumierediamonds.eu\/pl\/wp-json\/wp\/v2\/product\/8618\/revisions"}],"predecessor-version":[{"id":11519,"href":"https:\/\/lumierediamonds.eu\/pl\/wp-json\/wp\/v2\/product\/8618\/revisions\/11519"}],"wp:featuredmedia":[{"embeddable":true,"href":"https:\/\/lumierediamonds.eu\/pl\/wp-json\/wp\/v2\/media\/8711"}],"wp:attachment":[{"href":"https:\/\/lumierediamonds.eu\/pl\/wp-json\/wp\/v2\/media?parent=8618"}],"wp:term":[{"taxonomy":"product_brand","embeddable":true,"href":"https:\/\/lumierediamonds.eu\/pl\/wp-json\/wp\/v2\/product_brand?post=8618"},{"taxonomy":"product_cat","embeddable":true,"href":"https:\/\/lumierediamonds.eu\/pl\/wp-json\/wp\/v2\/product_cat?post=8618"},{"taxonomy":"product_tag","embeddable":true,"href":"https:\/\/lumierediamonds.eu\/pl\/wp-json\/wp\/v2\/product_tag?post=8618"}],"curies":[{"name":"wp","href":"https:\/\/api.w.org\/{rel}","templated":true}]}}