{"id":8950,"date":"2025-06-17T00:28:39","date_gmt":"2025-06-16T22:28:39","guid":{"rendered":"https:\/\/lumierediamonds.eu\/product\/the-gala-diamond-crossover-ring\/"},"modified":"2025-12-12T17:40:07","modified_gmt":"2025-12-12T16:40:07","slug":"pierscionek-z-brylantami-typu-crossover","status":"publish","type":"product","link":"https:\/\/lumierediamonds.eu\/pl\/produkt\/pierscionek-z-brylantami-typu-crossover\/","title":{"rendered":"Pier\u015bcionek Gala Diamond Crossover"},"content":{"rendered":"<p class=\"p1\"><span class=\"s1\">The<b> Pier\u015bcionek Gala Diamond Crossover<\/b><\/span> sk\u0142ada si\u0119 z dw\u00f3ch splecionych pask\u00f3w z diamentami wyhodowanymi w laboratorium, osadzonymi w technice pav\u00e9 \u2014 jeden z pojedynczym rz\u0119dem, drugi z podw\u00f3jnym \u2014 tworz\u0105c warstwowy efekt, kt\u00f3ry odbija \u015bwiat\u0142o pod ka\u017cdym k\u0105tem. Wykonana z polerowanego 18-karatowego z\u0142ota, krzy\u017cuj\u0105ca si\u0119 sylwetka dodaje g\u0142\u0119bi i ruchu, r\u00f3wnowa\u017c\u0105c nowoczesny styl z ponadczasow\u0105 elegancj\u0105.<\/p>\n<p class=\"p1\">Niezale\u017cnie od tego, czy nosisz j\u0105 na co dzie\u0144, czy jako efektowny dodatek, Gala wnosi do Twojej kolekcji bi\u017cuterii odwa\u017cny blask i pe\u0142en wdzi\u0119ku urok.<\/p>","protected":false},"excerpt":{"rendered":"<p class=\"p1\"><span class=\"s1\">The<b> Pier\u015bcionek Gala Diamond Crossover<\/b><\/span> sk\u0142ada si\u0119 z dw\u00f3ch splecionych pask\u00f3w z diamentami wyhodowanymi w laboratorium, osadzonymi w technice pav\u00e9 \u2014 jeden z pojedynczym rz\u0119dem, drugi z podw\u00f3jnym \u2014 tworz\u0105c warstwowy efekt, kt\u00f3ry odbija \u015bwiat\u0142o pod ka\u017cdym k\u0105tem. Wykonana z polerowanego 18-karatowego z\u0142ota, krzy\u017cuj\u0105ca si\u0119 sylwetka dodaje g\u0142\u0119bi i ruchu, r\u00f3wnowa\u017c\u0105c nowoczesny styl z ponadczasow\u0105 elegancj\u0105.<\/p>\n<p class=\"p1\">Niezale\u017cnie od tego, czy nosisz j\u0105 na co dzie\u0144, czy jako efektowny dodatek, Gala wnosi do Twojej kolekcji bi\u017cuterii odwa\u017cny blask i pe\u0142en wdzi\u0119ku urok.<\/p>","protected":false},"featured_media":8965,"template":"","meta":{"_acf_changed":false},"product_brand":[],"product_cat":[58,52],"product_tag":[680,678,682,638,679,535,683,681],"class_list":{"0":"post-8950","1":"product","2":"type-product","3":"status-publish","4":"has-post-thumbnail","6":"product_cat-casual-rings","7":"product_cat-rings","8":"product_tag-18k-gold-ring","9":"product_tag-diamond-crossover-ring","10":"product_tag-elegant-ring-for-women","11":"product_tag-fine-jewelry","12":"product_tag-lab-grown-diamond-ring-2","13":"product_tag-modern-diamond-ring","14":"product_tag-stackable-rings","15":"product_tag-twisted-diamond-band","16":"pa_metal-white-gold","17":"pa_metal-yellow-gold","19":"first","20":"instock","21":"taxable","22":"shipping-taxable","23":"purchasable","24":"product-type-variable"},"acf":[],"jetpack_sharing_enabled":true,"_links":{"self":[{"href":"https:\/\/lumierediamonds.eu\/pl\/wp-json\/wp\/v2\/product\/8950","targetHints":{"allow":["GET"]}}],"collection":[{"href":"https:\/\/lumierediamonds.eu\/pl\/wp-json\/wp\/v2\/product"}],"about":[{"href":"https:\/\/lumierediamonds.eu\/pl\/wp-json\/wp\/v2\/types\/product"}],"version-history":[{"count":6,"href":"https:\/\/lumierediamonds.eu\/pl\/wp-json\/wp\/v2\/product\/8950\/revisions"}],"predecessor-version":[{"id":14382,"href":"https:\/\/lumierediamonds.eu\/pl\/wp-json\/wp\/v2\/product\/8950\/revisions\/14382"}],"wp:featuredmedia":[{"embeddable":true,"href":"https:\/\/lumierediamonds.eu\/pl\/wp-json\/wp\/v2\/media\/8965"}],"wp:attachment":[{"href":"https:\/\/lumierediamonds.eu\/pl\/wp-json\/wp\/v2\/media?parent=8950"}],"wp:term":[{"taxonomy":"product_brand","embeddable":true,"href":"https:\/\/lumierediamonds.eu\/pl\/wp-json\/wp\/v2\/product_brand?post=8950"},{"taxonomy":"product_cat","embeddable":true,"href":"https:\/\/lumierediamonds.eu\/pl\/wp-json\/wp\/v2\/product_cat?post=8950"},{"taxonomy":"product_tag","embeddable":true,"href":"https:\/\/lumierediamonds.eu\/pl\/wp-json\/wp\/v2\/product_tag?post=8950"}],"curies":[{"name":"wp","href":"https:\/\/api.w.org\/{rel}","templated":true}]}}