{"id":8952,"date":"2025-06-17T00:28:39","date_gmt":"2025-06-16T22:28:39","guid":{"rendered":"https:\/\/lumierediamonds.eu\/product\/the-riviera-diamond-drop-earrings\/"},"modified":"2025-10-24T13:21:08","modified_gmt":"2025-10-24T11:21:08","slug":"kolczyki-z-brylantami-riviera","status":"publish","type":"product","link":"https:\/\/lumierediamonds.eu\/pl\/produkt\/kolczyki-z-brylantami-riviera\/","title":{"rendered":"Kolczyki Riviera Diamond Drop"},"content":{"rendered":"<p data-start=\"106\" data-end=\"444\">Niezwykle efektowny,<strong data-start=\"106\" data-end=\"206\"> Kolczyki Riviera Diamond Drop <\/strong>wnosz\u0105 \u015bwie\u017ce spojrzenie na klasyczn\u0105 elegancj\u0119.<\/p>\n<p data-start=\"106\" data-end=\"444\">Ozdobione kaskad\u0105 diament\u00f3w wyhodowanych w laboratorium, osadzonych w szponach, tworz\u0105 eleganck\u0105 lini\u0119 blasku, kt\u00f3ra przy ka\u017cdym ruchu odbija \u015bwiat\u0142o. Wykonane z 18-karatowego bia\u0142ego z\u0142ota, ich wyd\u0142u\u017cona sylwetka dodaje wdzi\u0119cznego blasku i p\u0142ynno\u015bci ka\u017cdej stylizacji.<\/p>\n<p data-start=\"446\" data-end=\"579\">Idealne na specjalne okazje lub eleganckie wieczory, s\u0105 ponadczasowym, a jednocze\u015bnie nowoczesnym dodatkiem, kt\u00f3ry wyr\u00f3\u017cnia si\u0119 subteln\u0105 wyrafinowaniem.<\/p>","protected":false},"excerpt":{"rendered":"<p data-start=\"106\" data-end=\"444\">Niezwykle efektowny,<strong data-start=\"106\" data-end=\"206\"> Kolczyki Riviera Diamond Drop <\/strong>wnosz\u0105 \u015bwie\u017ce spojrzenie na klasyczn\u0105 elegancj\u0119.<\/p>\n<p data-start=\"106\" data-end=\"444\">Ozdobione kaskad\u0105 diament\u00f3w wyhodowanych w laboratorium, osadzonych w szponach, tworz\u0105 eleganck\u0105 lini\u0119 blasku, kt\u00f3ra przy ka\u017cdym ruchu odbija \u015bwiat\u0142o. Wykonane z 18-karatowego bia\u0142ego z\u0142ota, ich wyd\u0142u\u017cona sylwetka dodaje wdzi\u0119cznego blasku i p\u0142ynno\u015bci ka\u017cdej stylizacji.<\/p>\n<p data-start=\"446\" data-end=\"579\">Idealne na specjalne okazje lub eleganckie wieczory, s\u0105 ponadczasowym, a jednocze\u015bnie nowoczesnym dodatkiem, kt\u00f3ry wyr\u00f3\u017cnia si\u0119 subteln\u0105 wyrafinowaniem.<\/p>","protected":false},"featured_media":8968,"template":"","meta":{"_acf_changed":false},"product_brand":[],"product_cat":[761,54],"product_tag":[420,690,691,597,397,693,692,393],"class_list":{"0":"post-8952","1":"product","2":"type-product","3":"status-publish","4":"has-post-thumbnail","6":"product_cat-drop-earrings","7":"product_cat-earrings","8":"product_tag-bridal-earrings","9":"product_tag-diamond-drop-earrings","10":"product_tag-elegant-earrings","11":"product_tag-evening-jewelry","12":"product_tag-lab-grown-diamond-earrings","13":"product_tag-riviera-collection","14":"product_tag-tennis-drop-earrings","15":"product_tag-white-gold-earrings","16":"pa_metal-white-gold","18":"first","19":"instock","20":"taxable","21":"shipping-taxable","22":"purchasable","23":"product-type-simple"},"acf":[],"jetpack_sharing_enabled":true,"_links":{"self":[{"href":"https:\/\/lumierediamonds.eu\/pl\/wp-json\/wp\/v2\/product\/8952","targetHints":{"allow":["GET"]}}],"collection":[{"href":"https:\/\/lumierediamonds.eu\/pl\/wp-json\/wp\/v2\/product"}],"about":[{"href":"https:\/\/lumierediamonds.eu\/pl\/wp-json\/wp\/v2\/types\/product"}],"version-history":[{"count":8,"href":"https:\/\/lumierediamonds.eu\/pl\/wp-json\/wp\/v2\/product\/8952\/revisions"}],"predecessor-version":[{"id":11491,"href":"https:\/\/lumierediamonds.eu\/pl\/wp-json\/wp\/v2\/product\/8952\/revisions\/11491"}],"wp:featuredmedia":[{"embeddable":true,"href":"https:\/\/lumierediamonds.eu\/pl\/wp-json\/wp\/v2\/media\/8968"}],"wp:attachment":[{"href":"https:\/\/lumierediamonds.eu\/pl\/wp-json\/wp\/v2\/media?parent=8952"}],"wp:term":[{"taxonomy":"product_brand","embeddable":true,"href":"https:\/\/lumierediamonds.eu\/pl\/wp-json\/wp\/v2\/product_brand?post=8952"},{"taxonomy":"product_cat","embeddable":true,"href":"https:\/\/lumierediamonds.eu\/pl\/wp-json\/wp\/v2\/product_cat?post=8952"},{"taxonomy":"product_tag","embeddable":true,"href":"https:\/\/lumierediamonds.eu\/pl\/wp-json\/wp\/v2\/product_tag?post=8952"}],"curies":[{"name":"wp","href":"https:\/\/api.w.org\/{rel}","templated":true}]}}