{"id":8953,"date":"2025-06-17T00:28:39","date_gmt":"2025-06-16T22:28:39","guid":{"rendered":"https:\/\/lumierediamonds.eu\/product\/the-havana-gold-chain-ring\/"},"modified":"2025-08-05T17:07:39","modified_gmt":"2025-08-05T15:07:39","slug":"pierscionek-z-lancuszkiem-w-kolorze-zlota-havana","status":"publish","type":"product","link":"https:\/\/lumierediamonds.eu\/pl\/produkt\/pierscionek-z-lancuszkiem-w-kolorze-zlota-havana\/","title":{"rendered":"Pier\u015bcionek z \u0142a\u0144cuszkiem Havana Gold"},"content":{"rendered":"<p class=\"p1\">Nowoczesny i odwa\u017cny, <span class=\"s1\"><b>Pier\u015bcionek z \u0142a\u0144cuszkiem Havana Gold<\/b><\/span> wnosi now\u0105 energi\u0119 do klasycznego wzoru \u0142a\u0144cuszka kuba\u0144skiego. Wykonany z polerowanego 18-karatowego \u017c\u00f3\u0142tego z\u0142ota, jego strukturalna sylwetka charakteryzuje si\u0119 p\u0142ynnymi, otwartymi ogniwami, kt\u00f3re zapewniaj\u0105 idealn\u0105 r\u00f3wnowag\u0119 mi\u0119dzy wyrazisto\u015bci\u0105 a wyrafinowaniem.<\/p>\n<p class=\"p1\">Wygodne do noszenia na co dzie\u0144, a jednocze\u015bnie wystarczaj\u0105co efektowne, aby si\u0119 wyr\u00f3\u017cnia\u0107.<\/p>\n<p class=\"p1\">Odwa\u017cny niezb\u0119dnik nowoczesnej garderoby bi\u017cuteryjnej \u2014 naturalna pewno\u015b\u0107 siebie i bezkompromisowy styl.<\/p>","protected":false},"excerpt":{"rendered":"<p class=\"p1\">Nowoczesny i odwa\u017cny, <span class=\"s1\"><b>Pier\u015bcionek z \u0142a\u0144cuszkiem Havana Gold<\/b><\/span> wnosi now\u0105 energi\u0119 do klasycznego wzoru \u0142a\u0144cuszka kuba\u0144skiego. Wykonany z polerowanego 18-karatowego \u017c\u00f3\u0142tego z\u0142ota, jego strukturalna sylwetka charakteryzuje si\u0119 p\u0142ynnymi, otwartymi ogniwami, kt\u00f3re zapewniaj\u0105 idealn\u0105 r\u00f3wnowag\u0119 mi\u0119dzy wyrazisto\u015bci\u0105 a wyrafinowaniem.<\/p>\n<p class=\"p1\">Wygodne do noszenia na co dzie\u0144, a jednocze\u015bnie wystarczaj\u0105co efektowne, aby si\u0119 wyr\u00f3\u017cnia\u0107.<\/p>\n<p class=\"p1\">Odwa\u017cny niezb\u0119dnik nowoczesnej garderoby bi\u017cuteryjnej \u2014 naturalna pewno\u015b\u0107 siebie i bezkompromisowy styl.<\/p>","protected":false},"featured_media":8972,"template":"","meta":{"_acf_changed":false},"product_brand":[],"product_cat":[58,52],"product_tag":[452,697,695,699,694,696,698,409],"class_list":{"0":"post-8953","1":"product","2":"type-product","3":"status-publish","4":"has-post-thumbnail","6":"product_cat-casual-rings","7":"product_cat-rings","8":"product_tag-18k-yellow-gold-ring","9":"product_tag-chain-link-jewelry","10":"product_tag-curb-link-ring","11":"product_tag-everyday-ring","12":"product_tag-gold-chain-ring","13":"product_tag-minimalist-gold-ring","14":"product_tag-modern-gold-ring","15":"product_tag-statement-ring","16":"pa_metal-yellow-gold","18":"first","19":"instock","20":"taxable","21":"shipping-taxable","22":"purchasable","23":"product-type-simple"},"acf":[],"jetpack_sharing_enabled":true,"_links":{"self":[{"href":"https:\/\/lumierediamonds.eu\/pl\/wp-json\/wp\/v2\/product\/8953","targetHints":{"allow":["GET"]}}],"collection":[{"href":"https:\/\/lumierediamonds.eu\/pl\/wp-json\/wp\/v2\/product"}],"about":[{"href":"https:\/\/lumierediamonds.eu\/pl\/wp-json\/wp\/v2\/types\/product"}],"version-history":[{"count":3,"href":"https:\/\/lumierediamonds.eu\/pl\/wp-json\/wp\/v2\/product\/8953\/revisions"}],"predecessor-version":[{"id":10202,"href":"https:\/\/lumierediamonds.eu\/pl\/wp-json\/wp\/v2\/product\/8953\/revisions\/10202"}],"wp:featuredmedia":[{"embeddable":true,"href":"https:\/\/lumierediamonds.eu\/pl\/wp-json\/wp\/v2\/media\/8972"}],"wp:attachment":[{"href":"https:\/\/lumierediamonds.eu\/pl\/wp-json\/wp\/v2\/media?parent=8953"}],"wp:term":[{"taxonomy":"product_brand","embeddable":true,"href":"https:\/\/lumierediamonds.eu\/pl\/wp-json\/wp\/v2\/product_brand?post=8953"},{"taxonomy":"product_cat","embeddable":true,"href":"https:\/\/lumierediamonds.eu\/pl\/wp-json\/wp\/v2\/product_cat?post=8953"},{"taxonomy":"product_tag","embeddable":true,"href":"https:\/\/lumierediamonds.eu\/pl\/wp-json\/wp\/v2\/product_tag?post=8953"}],"curies":[{"name":"wp","href":"https:\/\/api.w.org\/{rel}","templated":true}]}}