{"id":9169,"date":"2025-06-30T19:49:33","date_gmt":"2025-06-30T17:49:33","guid":{"rendered":"https:\/\/lumierediamonds.eu\/product\/the-dynasty-intricate-crown-diamond-ring\/"},"modified":"2025-10-01T15:50:22","modified_gmt":"2025-10-01T13:50:22","slug":"pierscionek-z-brylantem-dynastii","status":"publish","type":"product","link":"https:\/\/lumierediamonds.eu\/pl\/produkt\/pierscionek-z-brylantem-dynastii\/","title":{"rendered":"Pier\u015bcionek z brylantem Dynasty"},"content":{"rendered":"<p>Przenie\u015b si\u0119 do innej epoki dzi\u0119ki<b> Pier\u015bcionek z brylantem Dynasty<\/b>\u2014elegancki element inspirowany klasycznym pi\u0119knem<b>.<\/b><span class=\"Apple-converted-space\">\u00a0<\/span><\/p>\n<p>Jego koronkowa konstrukcja i drobne detale przywodz\u0105 na my\u015bl urok bi\u017cuterii z dawnych czas\u00f3w, a 0,23 karata diament\u00f3w wyhodowanych w laboratorium, osadzonych w szpilkach, b\u0142yszczy przy ka\u017cdym ruchu.<\/p>\n<p>Wykonany z 18-karatowego \u017c\u00f3\u0142tego, bia\u0142ego lub r\u00f3\u017cowego z\u0142ota, model Dynasty \u0142\u0105czy w sobie klasyczny styl z nowoczesnym kunsztem. Niezale\u017cnie od tego, czy nosisz go na specjalne okazje, czy te\u017c chcesz doda\u0107 co\u015b wyj\u0105tkowego do swojej codziennej stylizacji, jest to ponadczasowy pier\u015bcionek, kt\u00f3ry pozostawia niezatarte wra\u017cenie.<\/p>","protected":false},"excerpt":{"rendered":"<p>Przenie\u015b si\u0119 do innej epoki dzi\u0119ki<b> Pier\u015bcionek z brylantem Dynasty<\/b>\u2014elegancki element inspirowany klasycznym pi\u0119knem<b>.<\/b><\/p>\n<p>Jego koronkowa konstrukcja i drobne detale przywodz\u0105 na my\u015bl urok bi\u017cuterii z dawnych czas\u00f3w, a 0,23 karata diament\u00f3w wyhodowanych w laboratorium, osadzonych w szpilkach, b\u0142yszczy przy ka\u017cdym ruchu.<\/p>\n<p>Wykonany z 18-karatowego \u017c\u00f3\u0142tego, bia\u0142ego lub r\u00f3\u017cowego z\u0142ota, model Dynasty \u0142\u0105czy w sobie klasyczny styl z nowoczesnym kunsztem. Niezale\u017cnie od tego, czy nosisz go na specjalne okazje, czy te\u017c chcesz doda\u0107 co\u015b wyj\u0105tkowego do swojej codziennej stylizacji, jest to ponadczasowy pier\u015bcionek, kt\u00f3ry pozostawia niezatarte wra\u017cenie.<\/p>","protected":false},"featured_media":9205,"template":"","meta":{"_acf_changed":false},"product_brand":[],"product_cat":[58,552,52],"product_tag":[680,721,725,412,727,722,679,726,724,723],"class_list":{"0":"post-9169","1":"product","2":"type-product","3":"status-publish","4":"has-post-thumbnail","6":"product_cat-casual-rings","7":"product_cat-diamond-essentials","8":"product_cat-rings","9":"product_tag-18k-gold-ring","10":"product_tag-crown-diamond-ring","11":"product_tag-detailed-gold-ring","12":"product_tag-fine-jewelry-for-women","13":"product_tag-heirloom-style-jewelry","14":"product_tag-intricate-gold-ring","15":"product_tag-lab-grown-diamond-ring-2","16":"product_tag-princess-crown-ring","17":"product_tag-regal-diamond-band","18":"product_tag-vintage-inspired-jewelry","19":"pa_metal-rose-gold","20":"pa_metal-white-gold","21":"pa_metal-yellow-gold","23":"first","24":"instock","25":"taxable","26":"shipping-taxable","27":"purchasable","28":"product-type-variable"},"acf":[],"jetpack_sharing_enabled":true,"_links":{"self":[{"href":"https:\/\/lumierediamonds.eu\/pl\/wp-json\/wp\/v2\/product\/9169","targetHints":{"allow":["GET"]}}],"collection":[{"href":"https:\/\/lumierediamonds.eu\/pl\/wp-json\/wp\/v2\/product"}],"about":[{"href":"https:\/\/lumierediamonds.eu\/pl\/wp-json\/wp\/v2\/types\/product"}],"version-history":[{"count":3,"href":"https:\/\/lumierediamonds.eu\/pl\/wp-json\/wp\/v2\/product\/9169\/revisions"}],"predecessor-version":[{"id":11342,"href":"https:\/\/lumierediamonds.eu\/pl\/wp-json\/wp\/v2\/product\/9169\/revisions\/11342"}],"wp:featuredmedia":[{"embeddable":true,"href":"https:\/\/lumierediamonds.eu\/pl\/wp-json\/wp\/v2\/media\/9205"}],"wp:attachment":[{"href":"https:\/\/lumierediamonds.eu\/pl\/wp-json\/wp\/v2\/media?parent=9169"}],"wp:term":[{"taxonomy":"product_brand","embeddable":true,"href":"https:\/\/lumierediamonds.eu\/pl\/wp-json\/wp\/v2\/product_brand?post=9169"},{"taxonomy":"product_cat","embeddable":true,"href":"https:\/\/lumierediamonds.eu\/pl\/wp-json\/wp\/v2\/product_cat?post=9169"},{"taxonomy":"product_tag","embeddable":true,"href":"https:\/\/lumierediamonds.eu\/pl\/wp-json\/wp\/v2\/product_tag?post=9169"}],"curies":[{"name":"wp","href":"https:\/\/api.w.org\/{rel}","templated":true}]}}