{"id":9272,"date":"2025-07-14T17:05:49","date_gmt":"2025-07-14T15:05:49","guid":{"rendered":"https:\/\/lumierediamonds.eu\/?post_type=product&#038;p=9272"},"modified":"2025-11-20T18:38:40","modified_gmt":"2025-11-20T17:38:40","slug":"lucia-halo-diamentowy-wisiorek","status":"publish","type":"product","link":"https:\/\/lumierediamonds.eu\/pl\/produkt\/lucia-halo-diamentowy-wisiorek\/","title":{"rendered":"Lucia Halo Diamentowy wisiorek"},"content":{"rendered":"<p class=\"p1\"><span class=\"s1\">Elegancka i ponadczasowa,<b> Lucia Halo Diamentowy wisiorek <\/b>b\u0142yszczy jasnym blaskiem.<\/span> W centrum znajduje si\u0119 okr\u0105g\u0142y diament wyhodowany w laboratorium, otoczony aureol\u0105 mniejszych kamieni, kt\u00f3re odbijaj\u0105 \u015bwiat\u0142o pod ka\u017cdym k\u0105tem. Osadzony na delikatnym \u0142a\u0144cuszku typu cable chain, dost\u0119pnym w wersji z 18-karatowego \u017c\u00f3\u0142tego lub bia\u0142ego z\u0142ota, dodaje blasku i elegancji ka\u017cdej stylizacji \u2014 podkre\u015blaj\u0105c zar\u00f3wno codzienne, jak i specjalne okazje.<\/p>\n<p class=\"p1\">Dost\u0119pny w czterech rozmiarach \u2014 0,5, 0,75, 1 i 1,5 karata \u2014 to klasyczny element bi\u017cuterii, kt\u00f3ry b\u0142yszczy zar\u00f3wno w dzie\u0144, jak i w nocy.<\/p>","protected":false},"excerpt":{"rendered":"<p class=\"p1\"><span class=\"s1\">Elegancka i ponadczasowa,<b> Lucia Halo Diamentowy wisiorek <\/b>b\u0142yszczy jasnym blaskiem.<\/span> W centrum znajduje si\u0119 okr\u0105g\u0142y diament wyhodowany w laboratorium, otoczony aureol\u0105 mniejszych kamieni, kt\u00f3re odbijaj\u0105 \u015bwiat\u0142o pod ka\u017cdym k\u0105tem. Osadzony na delikatnym \u0142a\u0144cuszku typu cable chain, dost\u0119pnym w wersji z 18-karatowego \u017c\u00f3\u0142tego lub bia\u0142ego z\u0142ota, dodaje blasku i elegancji ka\u017cdej stylizacji \u2014 podkre\u015blaj\u0105c zar\u00f3wno codzienne, jak i specjalne okazje.<\/p>\n<p class=\"p1\">Dost\u0119pny w czterech rozmiarach \u2014 0,5, 0,75, 1 i 1,5 karata \u2014 to klasyczny element bi\u017cuterii, kt\u00f3ry b\u0142yszczy zar\u00f3wno w dzie\u0144, jak i w nocy.<\/p>","protected":false},"featured_media":9302,"template":"","meta":{"_acf_changed":false},"product_brand":[],"product_cat":[552,53,759],"product_tag":[635,748,746,744,745,751,747,749,750],"class_list":{"0":"post-9272","1":"product","2":"type-product","3":"status-publish","4":"has-post-thumbnail","6":"product_cat-diamond-essentials","7":"product_cat-necklaces-pendants","8":"product_cat-pendants","9":"product_tag-18k-gold-necklace","10":"product_tag-cable-chain-necklace","11":"product_tag-fine-diamond-jewelry","12":"product_tag-halo-diamond-pendant","13":"product_tag-lab-grown-diamond-pendant","14":"product_tag-luxury-pendant","15":"product_tag-minimalist-pendant","16":"product_tag-round-brilliant-pendant","17":"product_tag-timeless-jewelry","18":"pa_metal-white-gold","19":"pa_metal-yellow-gold","21":"first","22":"instock","23":"taxable","24":"shipping-taxable","25":"purchasable","26":"product-type-variable"},"acf":[],"jetpack_sharing_enabled":true,"_links":{"self":[{"href":"https:\/\/lumierediamonds.eu\/pl\/wp-json\/wp\/v2\/product\/9272","targetHints":{"allow":["GET"]}}],"collection":[{"href":"https:\/\/lumierediamonds.eu\/pl\/wp-json\/wp\/v2\/product"}],"about":[{"href":"https:\/\/lumierediamonds.eu\/pl\/wp-json\/wp\/v2\/types\/product"}],"version-history":[{"count":6,"href":"https:\/\/lumierediamonds.eu\/pl\/wp-json\/wp\/v2\/product\/9272\/revisions"}],"predecessor-version":[{"id":11466,"href":"https:\/\/lumierediamonds.eu\/pl\/wp-json\/wp\/v2\/product\/9272\/revisions\/11466"}],"wp:featuredmedia":[{"embeddable":true,"href":"https:\/\/lumierediamonds.eu\/pl\/wp-json\/wp\/v2\/media\/9302"}],"wp:attachment":[{"href":"https:\/\/lumierediamonds.eu\/pl\/wp-json\/wp\/v2\/media?parent=9272"}],"wp:term":[{"taxonomy":"product_brand","embeddable":true,"href":"https:\/\/lumierediamonds.eu\/pl\/wp-json\/wp\/v2\/product_brand?post=9272"},{"taxonomy":"product_cat","embeddable":true,"href":"https:\/\/lumierediamonds.eu\/pl\/wp-json\/wp\/v2\/product_cat?post=9272"},{"taxonomy":"product_tag","embeddable":true,"href":"https:\/\/lumierediamonds.eu\/pl\/wp-json\/wp\/v2\/product_tag?post=9272"}],"curies":[{"name":"wp","href":"https:\/\/api.w.org\/{rel}","templated":true}]}}