{"id":9793,"date":"2025-07-20T23:25:58","date_gmt":"2025-07-20T21:25:58","guid":{"rendered":"https:\/\/lumierediamonds.eu\/?post_type=product&#038;p=9793"},"modified":"2025-07-21T14:26:02","modified_gmt":"2025-07-21T12:26:02","slug":"pierscionek-z-brylantem-riva","status":"publish","type":"product","link":"https:\/\/lumierediamonds.eu\/pl\/produkt\/pierscionek-z-brylantem-riva\/","title":{"rendered":"Pier\u015bcionek z brylantem Riva"},"content":{"rendered":"<p class=\"p1\">Wzboga\u0107 swoj\u0105 codzienno\u015b\u0107 dzi\u0119ki pier\u015bcionkowi Riva Diamond Ring, ozdobionemu eleganckim rz\u0119dem okr\u0105g\u0142ych, b\u0142yszcz\u0105cych diament\u00f3w wyhodowanych w laboratorium, osadzonych w ponadczasowej oprawie z \u0142apkami. Ta wyrafinowana obr\u0105czka, dost\u0119pna w wersji z 18-karatowego \u017c\u00f3\u0142tego, bia\u0142ego lub r\u00f3\u017cowego z\u0142ota, wyst\u0119puje w wielu wersjach karatowych \u2014 od subtelnego blasku po pe\u0142en blask. Idealna jako pier\u015bcionek do noszenia w zestawie, prezent rocznicowy lub charakterystyczny element bi\u017cuterii. Wykonana z certyfikowanego przez LBMA 18-karatowego z\u0142ota, zapewniaj\u0105cego zr\u00f3wnowa\u017cony luksus.<\/p>","protected":false},"excerpt":{"rendered":"<p class=\"p1\">Wzboga\u0107 swoj\u0105 codzienno\u015b\u0107 dzi\u0119ki pier\u015bcionkowi Riva Diamond Ring, ozdobionemu eleganckim rz\u0119dem okr\u0105g\u0142ych, b\u0142yszcz\u0105cych diament\u00f3w wyhodowanych w laboratorium, osadzonych w ponadczasowej oprawie z \u0142apkami. Ta wyrafinowana obr\u0105czka, dost\u0119pna w wersji z 18-karatowego \u017c\u00f3\u0142tego, bia\u0142ego lub r\u00f3\u017cowego z\u0142ota, wyst\u0119puje w wielu wersjach karatowych \u2014 od subtelnego blasku po pe\u0142en blask. Idealna jako pier\u015bcionek do noszenia w zestawie, prezent rocznicowy lub charakterystyczny element bi\u017cuterii.<\/p>","protected":false},"featured_media":9503,"template":"","meta":{"_acf_changed":false},"product_brand":[],"product_cat":[552,52],"product_tag":[680,813,808,638,679,809,811,810,807,812],"class_list":{"0":"post-9793","1":"product","2":"type-product","3":"status-publish","4":"has-post-thumbnail","6":"product_cat-diamond-essentials","7":"product_cat-rings","8":"product_tag-18k-gold-ring","9":"product_tag-delicate-diamond-ring","10":"product_tag-eternity-diamond-ring","11":"product_tag-fine-jewelry","12":"product_tag-lab-grown-diamond-ring-2","13":"product_tag-modern-anniversary-ring","14":"product_tag-riva-band","15":"product_tag-round-cut-diamonds","16":"product_tag-stacking-diamond-band","17":"product_tag-sustainable-jewelry","18":"pa_metal-rose-gold","19":"pa_metal-white-gold","20":"pa_metal-yellow-gold","22":"first","23":"instock","24":"taxable","25":"shipping-taxable","26":"purchasable","27":"product-type-variable"},"acf":[],"jetpack_sharing_enabled":true,"_links":{"self":[{"href":"https:\/\/lumierediamonds.eu\/pl\/wp-json\/wp\/v2\/product\/9793","targetHints":{"allow":["GET"]}}],"collection":[{"href":"https:\/\/lumierediamonds.eu\/pl\/wp-json\/wp\/v2\/product"}],"about":[{"href":"https:\/\/lumierediamonds.eu\/pl\/wp-json\/wp\/v2\/types\/product"}],"version-history":[{"count":2,"href":"https:\/\/lumierediamonds.eu\/pl\/wp-json\/wp\/v2\/product\/9793\/revisions"}],"predecessor-version":[{"id":9854,"href":"https:\/\/lumierediamonds.eu\/pl\/wp-json\/wp\/v2\/product\/9793\/revisions\/9854"}],"wp:featuredmedia":[{"embeddable":true,"href":"https:\/\/lumierediamonds.eu\/pl\/wp-json\/wp\/v2\/media\/9503"}],"wp:attachment":[{"href":"https:\/\/lumierediamonds.eu\/pl\/wp-json\/wp\/v2\/media?parent=9793"}],"wp:term":[{"taxonomy":"product_brand","embeddable":true,"href":"https:\/\/lumierediamonds.eu\/pl\/wp-json\/wp\/v2\/product_brand?post=9793"},{"taxonomy":"product_cat","embeddable":true,"href":"https:\/\/lumierediamonds.eu\/pl\/wp-json\/wp\/v2\/product_cat?post=9793"},{"taxonomy":"product_tag","embeddable":true,"href":"https:\/\/lumierediamonds.eu\/pl\/wp-json\/wp\/v2\/product_tag?post=9793"}],"curies":[{"name":"wp","href":"https:\/\/api.w.org\/{rel}","templated":true}]}}