{"id":9796,"date":"2025-07-20T23:25:58","date_gmt":"2025-07-20T21:25:58","guid":{"rendered":"https:\/\/lumierediamonds.eu\/?post_type=product&#038;p=9796"},"modified":"2025-10-24T13:00:22","modified_gmt":"2025-10-24T11:00:22","slug":"kolczyki-z-motylem-z-diamentami-nala","status":"publish","type":"product","link":"https:\/\/lumierediamonds.eu\/pl\/produkt\/kolczyki-z-motylem-z-diamentami-nala\/","title":{"rendered":"Kolczyki Nala Diamond Butterfly"},"content":{"rendered":"<p data-start=\"207\" data-end=\"492\">Zabawna i kobieca,<strong data-start=\"207\" data-end=\"319\"> Kolczyki Nala Diamond Butterfly <\/strong>s\u0105 uroczym dodatkiem do ka\u017cdej kolekcji bi\u017cuterii.<\/p>\n<p data-start=\"207\" data-end=\"492\">Wykonane z 18-karatowego \u017c\u00f3\u0142tego lub bia\u0142ego z\u0142ota, ka\u017cda z tych kolczyk\u00f3w ma kszta\u0142t wdzi\u0119cznego motyla i jest delikatnie wysadzana 0,2 karata diament\u00f3w wyhodowanych w laboratorium, kt\u00f3re mieni\u0105 si\u0119 przy ka\u017cdym ruchu.<\/p>\n<p data-start=\"494\" data-end=\"658\">Radosny prezent dla os\u00f3b w ka\u017cdym wieku \u2013 niezale\u017cnie od tego, czy \u015bwi\u0119tuj\u0105 m\u0142odzie\u0144czego ducha, czy po prostu ciesz\u0105 si\u0119 beztrosk\u0105 chwil\u0105 \u2013 dodaj\u0105 blasku i swobody codziennemu stylowi.<\/p>","protected":false},"excerpt":{"rendered":"<p data-start=\"207\" data-end=\"492\">Zabawna i kobieca,<strong data-start=\"207\" data-end=\"319\"> Kolczyki Nala Diamond Butterfly <\/strong>s\u0105 uroczym dodatkiem do ka\u017cdej kolekcji bi\u017cuterii.<\/p>\n<p data-start=\"207\" data-end=\"492\">Wykonane z 18-karatowego \u017c\u00f3\u0142tego lub bia\u0142ego z\u0142ota, ka\u017cda z tych kolczyk\u00f3w ma kszta\u0142t wdzi\u0119cznego motyla i jest delikatnie wysadzana 0,2 karata diament\u00f3w wyhodowanych w laboratorium, kt\u00f3re mieni\u0105 si\u0119 przy ka\u017cdym ruchu.<\/p>\n<p data-start=\"494\" data-end=\"658\">Radosny prezent dla os\u00f3b w ka\u017cdym wieku \u2013 niezale\u017cnie od tego, czy \u015bwi\u0119tuj\u0105 m\u0142odzie\u0144czego ducha, czy po prostu ciesz\u0105 si\u0119 beztrosk\u0105 chwil\u0105 \u2013 dodaj\u0105 blasku i swobody codziennemu stylowi.<\/p>","protected":false},"featured_media":9591,"template":"","meta":{"_acf_changed":false},"product_brand":[],"product_cat":[552,54,760],"product_tag":[778,777,779,780,366,397,782,781,393],"class_list":{"0":"post-9796","1":"product","2":"type-product","3":"status-publish","4":"has-post-thumbnail","6":"product_cat-diamond-essentials","7":"product_cat-earrings","8":"product_cat-stud-earrings","9":"product_tag-18k-yellow-gold-studs","10":"product_tag-butterfly-earrings","11":"product_tag-dainty-diamond-studs","12":"product_tag-diamond-butterfly-jewelry","13":"product_tag-everyday-luxury","14":"product_tag-lab-grown-diamond-earrings","15":"product_tag-petite-earrings","16":"product_tag-whimsical-fine-jewelry","17":"product_tag-white-gold-earrings","18":"pa_metal-white-gold","19":"pa_metal-yellow-gold","21":"first","22":"instock","23":"taxable","24":"shipping-taxable","25":"purchasable","26":"product-type-variable"},"acf":[],"jetpack_sharing_enabled":true,"_links":{"self":[{"href":"https:\/\/lumierediamonds.eu\/pl\/wp-json\/wp\/v2\/product\/9796","targetHints":{"allow":["GET"]}}],"collection":[{"href":"https:\/\/lumierediamonds.eu\/pl\/wp-json\/wp\/v2\/product"}],"about":[{"href":"https:\/\/lumierediamonds.eu\/pl\/wp-json\/wp\/v2\/types\/product"}],"version-history":[{"count":5,"href":"https:\/\/lumierediamonds.eu\/pl\/wp-json\/wp\/v2\/product\/9796\/revisions"}],"predecessor-version":[{"id":9972,"href":"https:\/\/lumierediamonds.eu\/pl\/wp-json\/wp\/v2\/product\/9796\/revisions\/9972"}],"wp:featuredmedia":[{"embeddable":true,"href":"https:\/\/lumierediamonds.eu\/pl\/wp-json\/wp\/v2\/media\/9591"}],"wp:attachment":[{"href":"https:\/\/lumierediamonds.eu\/pl\/wp-json\/wp\/v2\/media?parent=9796"}],"wp:term":[{"taxonomy":"product_brand","embeddable":true,"href":"https:\/\/lumierediamonds.eu\/pl\/wp-json\/wp\/v2\/product_brand?post=9796"},{"taxonomy":"product_cat","embeddable":true,"href":"https:\/\/lumierediamonds.eu\/pl\/wp-json\/wp\/v2\/product_cat?post=9796"},{"taxonomy":"product_tag","embeddable":true,"href":"https:\/\/lumierediamonds.eu\/pl\/wp-json\/wp\/v2\/product_tag?post=9796"}],"curies":[{"name":"wp","href":"https:\/\/api.w.org\/{rel}","templated":true}]}}